{"id":95,"date":"2017-06-14T18:20:29","date_gmt":"2017-06-14T18:20:29","guid":{"rendered":"http:\/\/dev.scsottawa.on.ca\/?page_id=95"},"modified":"2023-12-05T15:48:00","modified_gmt":"2023-12-05T20:48:00","slug":"about-us","status":"publish","type":"page","link":"https:\/\/dev.scsonline.ca\/fr\/about-us\/","title":{"rendered":"\u00c0 propos de nous"},"content":{"rendered":"<h1>\u00c0 propos de nous<\/h1>\n<p><strong>S<\/strong>ervice<strong> C<\/strong>oordination <strong>S<\/strong>outien (SCS) est le point de contact initial pour les personnes \u00e0 Ottawa et dans la r\u00e9gion de l&#8217;Est qui ont une d\u00e9ficience intellectuelle ou un trouble du spectre de l\u2019autisme. Nous aidons ces personnes \u00e0 trouver les ressources disponibles dans la communaut\u00e9 dont elles ont besoin pour les aider dans leurs vies quotidiennes. L\u2019un de nos objectifs importants est d\u2019habiliter les familles et les personnes \u00e0 faire des choix \u00e9clair\u00e9s concernant le soutien qu\u2019elles cherchent.<\/p>\n<h2>Mission<\/h2>\n<p>SCS aide les personnes ayant une d\u00e9ficience intellectuelle et les enfants autistes \u00e0 trouver les ressources disponibles et \u00e0 planifier leur avenir.<\/p>\n<h2>Vision<\/h2>\n<p>Les personnes que nous soutenons ont un fort sentiment d\u2019appartenance et sont responsabilis\u00e9es.<\/p>\n<h2>Nos valeurs<\/h2>\n<ul>\n<li><strong>D\u00e9fense des int\u00e9r\u00eats<\/strong> \u2013 Nous croyons qu\u2019il faut agir au nom des personnes \u00e0 qui nous offrons des services dans le but de d\u00e9velopper des services dans la communaut\u00e9.<\/li>\n<li><strong>Autonomisation<\/strong> \u2013 Nous croyons que chaque personne a le potentiel voulu pour atteindre ses objectifs et construire ses r\u00e9seaux de soutien.<\/li>\n<li><strong>Partenariats<\/strong> \u2013 Nous croyons \u00e0 la collaboration avec les personnes, les familles et la communaut\u00e9 afin d\u2019\u00e9tablir des relations qui nous permettront de r\u00e9aliser notre vision.<\/li>\n<li><strong>\u00c9quit\u00e9<\/strong> \u2013 Nous croyons \u00e0 un acc\u00e8s \u00e9quitable aux soutiens et aux services offerts dans notre communaut\u00e9.<\/li>\n<li><strong>Transparence<\/strong> \u2013 Nous croyons qu\u2019il faut agir de fa\u00e7on ouverte et transparente.<\/li>\n<li><strong>Diversit\u00e9<\/strong> \u2013 Nous croyons \u00e0 la sensibilit\u00e9 et au respect des diff\u00e9rences et des besoins culturels de notre communaut\u00e9.<\/li>\n<\/ul>","protected":false},"excerpt":{"rendered":"<p>\u00c0 propos de nous Service Coordination Soutien (SCS) est le point de contact initial pour les personnes \u00e0 Ottawa et dans la r\u00e9gion de l&#8217;Est qui ont une d\u00e9ficience intellectuelle ou un trouble du spectre de l\u2019autisme. Nous aidons ces personnes \u00e0 trouver les ressources disponibles dans la communaut\u00e9 dont elles ont besoin pour les &hellip; <a href=\"https:\/\/dev.scsonline.ca\/fr\/about-us\/\" class=\"more-link\">Continuer la lecture de <span class=\"screen-reader-text\">\u00c0 propos de nous<\/span> <span class=\"meta-nav\">&rarr;<\/span><\/a><\/p>\n","protected":false},"author":2,"featured_media":0,"parent":0,"menu_order":0,"comment_status":"closed","ping_status":"closed","template":"","meta":{"om_disable_all_campaigns":false,"_monsterinsights_skip_tracking":false,"_monsterinsights_sitenote_active":false,"_monsterinsights_sitenote_note":"","_monsterinsights_sitenote_category":0,"_uf_show_specific_survey":0,"_uf_disable_surveys":false,"footnotes":""},"class_list":["post-95","page","type-page","status-publish","hentry"],"_links":{"self":[{"href":"https:\/\/dev.scsonline.ca\/fr\/wp-json\/wp\/v2\/pages\/95","targetHints":{"allow":["GET"]}}],"collection":[{"href":"https:\/\/dev.scsonline.ca\/fr\/wp-json\/wp\/v2\/pages"}],"about":[{"href":"https:\/\/dev.scsonline.ca\/fr\/wp-json\/wp\/v2\/types\/page"}],"author":[{"embeddable":true,"href":"https:\/\/dev.scsonline.ca\/fr\/wp-json\/wp\/v2\/users\/2"}],"replies":[{"embeddable":true,"href":"https:\/\/dev.scsonline.ca\/fr\/wp-json\/wp\/v2\/comments?post=95"}],"version-history":[{"count":29,"href":"https:\/\/dev.scsonline.ca\/fr\/wp-json\/wp\/v2\/pages\/95\/revisions"}],"predecessor-version":[{"id":36585,"href":"https:\/\/dev.scsonline.ca\/fr\/wp-json\/wp\/v2\/pages\/95\/revisions\/36585"}],"wp:attachment":[{"href":"https:\/\/dev.scsonline.ca\/fr\/wp-json\/wp\/v2\/media?parent=95"}],"curies":[{"name":"wp","href":"https:\/\/api.w.org\/{rel}","templated":true}]}}