{"id":40643,"date":"2025-11-12T10:25:25","date_gmt":"2025-11-12T15:25:25","guid":{"rendered":"https:\/\/dev.scsonline.ca\/?page_id=40643"},"modified":"2026-02-24T11:42:43","modified_gmt":"2026-02-24T16:42:43","slug":"in-the-community","status":"publish","type":"page","link":"https:\/\/dev.scsonline.ca\/fr\/in-the-community\/","title":{"rendered":"In the Community"},"content":{"rendered":"\n<h1 class=\"wp-block-heading has-x-large-font-size\">In the Community<\/h1>\n\n\n\n<p class=\"has-medium-font-size\" id=\"h1\">Community is at the heart of everything we do.<\/p>\n\n\n\n<p class=\"has-medium-font-size\">Here are local events, programs, and initiatives that bring people together and support inclusion.<\/p>\n\n\n\n<p class=\"has-medium-font-size\">See what\u2019s happening near you.<\/p>\n\n\n<div class='pt-cv-wrapper'> <h3 class='pt-cv-heading-container heading1' data-blockid='dfvmm833'><span class='pt-cv-heading'>  <\/span><\/h3><div class=\"pt-cv-view pt-cv-blockgrid iscvblock iscvreal grid1 layout1\" id=\"pt-cv-view-dfvmm833\"><div data-id=\"pt-cv-page-1\" class=\"pt-cv-page\" data-cvc=\"3\"><div class=\" pt-cv-content-item pt-cv-1-col\" ><div class=\"pt-cv-thumb-wrapper  \"><a href=\"https:\/\/dev.scsonline.ca\/fr\/2026\/04\/15\/new-client-portal-for-scs-administered-funding\/\" class=\"_self pt-cv-href-thumbnail pt-cv-thumb-default\" target=\"_self\" ><img loading=\"lazy\" decoding=\"async\" width=\"174\" height=\"96\" src=\"https:\/\/dev.scsonline.ca\/wp-content\/uploads\/2026\/04\/Screenshot-2026-01-27-110144.png\" class=\"pt-cv-thumbnail\" alt=\"\" \/><\/a><\/div>\n<div class=\"pt-cv-taxoterm above_title\"><a href='https:\/\/dev.scsonline.ca\/fr\/category\/community\/' title='Communaut\u00e9' class='pt-cv-tax-community'>Communaut\u00e9<\/a><a href='https:\/\/dev.scsonline.ca\/fr\/category\/news\/' title='Nouvelles' class='pt-cv-tax-news'>Nouvelles<\/a><\/div>\n<h4 class=\"pt-cv-title\"><a href=\"https:\/\/dev.scsonline.ca\/fr\/2026\/04\/15\/new-client-portal-for-scs-administered-funding\/\" class=\"_self\" target=\"_self\" >Nouveau portail client pour le financement administr\u00e9 par le SCS<\/a><\/h4>\n<div class=\"pt-cv-rmwrap\"><a href=\"https:\/\/dev.scsonline.ca\/fr\/2026\/04\/15\/new-client-portal-for-scs-administered-funding\/\" class=\"_self pt-cv-readmore btn btn-success\" target=\"_self\" >Lire La Suite\u2026<\/a><\/div><\/div>\n<div class=\" pt-cv-content-item pt-cv-1-col\" ><div class=\"pt-cv-thumb-wrapper  \"><a href=\"https:\/\/dev.scsonline.ca\/fr\/2025\/08\/28\/play-learn-and-develop-with-autism-moves\/\" class=\"_self pt-cv-href-thumbnail pt-cv-thumb-default\" target=\"_self\" ><img loading=\"lazy\" decoding=\"async\" width=\"240\" height=\"144\" src=\"https:\/\/dev.scsonline.ca\/wp-content\/uploads\/2025\/08\/Screenshot-2025-11-12-135842.png\" class=\"pt-cv-thumbnail\" alt=\"\" \/><\/a><\/div>\n<div class=\"pt-cv-taxoterm above_title\"><a href='https:\/\/dev.scsonline.ca\/fr\/category\/autism\/' title='Autisme' class='pt-cv-tax-autism'>Autisme<\/a><a href='https:\/\/dev.scsonline.ca\/fr\/category\/community\/' title='Communaut\u00e9' class='pt-cv-tax-community'>Communaut\u00e9<\/a><a href='https:\/\/dev.scsonline.ca\/fr\/category\/2events\/' title='\u00c9v\u00e9nements' class='pt-cv-tax-2events'>\u00c9v\u00e9nements<\/a><a href='https:\/\/dev.scsonline.ca\/fr\/category\/3recreation\/' title='R\u00e9cr\u00e9ation' class='pt-cv-tax-3recreation'>R\u00e9cr\u00e9ation<\/a><\/div>\n<h4 class=\"pt-cv-title\"><a href=\"https:\/\/dev.scsonline.ca\/fr\/2025\/08\/28\/play-learn-and-develop-with-autism-moves\/\" class=\"_self\" target=\"_self\" >(English) Play, Learn and Develop with Autism Moves<\/a><\/h4>\n<div class=\"pt-cv-rmwrap\"><a href=\"https:\/\/dev.scsonline.ca\/fr\/2025\/08\/28\/play-learn-and-develop-with-autism-moves\/\" class=\"_self pt-cv-readmore btn btn-success\" target=\"_self\" >Lire La Suite\u2026<\/a><\/div><\/div>\n<div class=\" pt-cv-content-item pt-cv-1-col\" ><div class=\"pt-cv-thumb-wrapper  \"><a href=\"https:\/\/dev.scsonline.ca\/fr\/2025\/08\/28\/independent-living-program\/\" class=\"_self pt-cv-href-thumbnail pt-cv-thumb-default\" target=\"_self\" ><img loading=\"lazy\" decoding=\"async\" width=\"450\" height=\"362\" src=\"https:\/\/dev.scsonline.ca\/wp-content\/uploads\/2025\/08\/Screenshot-2025-11-12-141558-e1762975014785.png\" class=\"pt-cv-thumbnail\" alt=\"\" \/><\/a><\/div>\n<div class=\"pt-cv-taxoterm above_title\"><a href='https:\/\/dev.scsonline.ca\/fr\/category\/community\/' title='Communaut\u00e9' class='pt-cv-tax-community'>Communaut\u00e9<\/a><a href='https:\/\/dev.scsonline.ca\/fr\/category\/independence\/' title='Ind\u00e9pendance' class='pt-cv-tax-independence'>Ind\u00e9pendance<\/a><\/div>\n<h4 class=\"pt-cv-title\"><a href=\"https:\/\/dev.scsonline.ca\/fr\/2025\/08\/28\/independent-living-program\/\" class=\"_self\" target=\"_self\" >(English) Independent Living Program<\/a><\/h4>\n<div class=\"pt-cv-rmwrap\"><a href=\"https:\/\/dev.scsonline.ca\/fr\/2025\/08\/28\/independent-living-program\/\" class=\"_self pt-cv-readmore btn btn-success\" target=\"_self\" >Lire La Suite\u2026<\/a><\/div><\/div>\n<div class=\" pt-cv-content-item pt-cv-1-col\" ><div class=\"pt-cv-thumb-wrapper  \"><a href=\"https:\/\/dev.scsonline.ca\/fr\/2025\/07\/28\/le-ptit-bonheur\/\" class=\"_self pt-cv-href-thumbnail pt-cv-thumb-default\" target=\"_self\" ><img loading=\"lazy\" decoding=\"async\" width=\"450\" height=\"395\" src=\"https:\/\/dev.scsonline.ca\/wp-content\/uploads\/2025\/07\/Screenshot-2025-11-12-141830.png\" class=\"pt-cv-thumbnail\" alt=\"\" \/><\/a><\/div>\n<div class=\"pt-cv-taxoterm above_title\"><a href='https:\/\/dev.scsonline.ca\/fr\/category\/community\/' title='Communaut\u00e9' class='pt-cv-tax-community'>Communaut\u00e9<\/a><a href='https:\/\/dev.scsonline.ca\/fr\/category\/3recreation\/' title='R\u00e9cr\u00e9ation' class='pt-cv-tax-3recreation'>R\u00e9cr\u00e9ation<\/a><a href='https:\/\/dev.scsonline.ca\/fr\/category\/services-and-programs\/' title='Services et programmes' class='pt-cv-tax-services-and-programs'>Services et programmes<\/a><\/div>\n<h4 class=\"pt-cv-title\"><a href=\"https:\/\/dev.scsonline.ca\/fr\/2025\/07\/28\/le-ptit-bonheur\/\" class=\"_self\" target=\"_self\" >Le p&#8217;tit bonheur<\/a><\/h4>\n<div class=\"pt-cv-rmwrap\"><a href=\"https:\/\/dev.scsonline.ca\/fr\/2025\/07\/28\/le-ptit-bonheur\/\" class=\"_self pt-cv-readmore btn btn-success\" target=\"_self\" >Lire La Suite\u2026<\/a><\/div><\/div>\n<div class=\" pt-cv-content-item pt-cv-1-col\" ><div class=\"pt-cv-thumb-wrapper  \"><a href=\"https:\/\/dev.scsonline.ca\/fr\/2025\/06\/13\/check-out-the-student-links-initiative-offered-by-community-living-ontario-%f0%9f%91%a5%e2%9c%a8%f0%9f%8c%8d\/\" class=\"_self pt-cv-href-thumbnail pt-cv-thumb-default\" target=\"_self\" ><img loading=\"lazy\" decoding=\"async\" width=\"702\" height=\"494\" src=\"https:\/\/dev.scsonline.ca\/wp-content\/uploads\/2025\/06\/Screenshot-2025-11-12-142418.png\" class=\"pt-cv-thumbnail\" alt=\"\" \/><\/a><\/div>\n<div class=\"pt-cv-taxoterm above_title\"><a href='https:\/\/dev.scsonline.ca\/fr\/category\/community\/' title='Communaut\u00e9' class='pt-cv-tax-community'>Communaut\u00e9<\/a><a href='https:\/\/dev.scsonline.ca\/fr\/category\/employment\/' title='Emploi' class='pt-cv-tax-employment'>Emploi<\/a><a href='https:\/\/dev.scsonline.ca\/fr\/category\/volunteer\/' title='B\u00e9n\u00e9volat' class='pt-cv-tax-volunteer'>B\u00e9n\u00e9volat<\/a><\/div>\n<h4 class=\"pt-cv-title\"><a href=\"https:\/\/dev.scsonline.ca\/fr\/2025\/06\/13\/check-out-the-student-links-initiative-offered-by-community-living-ontario-%f0%9f%91%a5%e2%9c%a8%f0%9f%8c%8d\/\" class=\"_self\" target=\"_self\" >Jetez un coup d&#8217;\u0153il \u00e0 l&#8217;initiative Student Links offerte par Community Living Ontario \ud83d\udc65<\/a><\/h4>\n<div class=\"pt-cv-rmwrap\"><a href=\"https:\/\/dev.scsonline.ca\/fr\/2025\/06\/13\/check-out-the-student-links-initiative-offered-by-community-living-ontario-%f0%9f%91%a5%e2%9c%a8%f0%9f%8c%8d\/\" class=\"_self pt-cv-readmore btn btn-success\" target=\"_self\" >Lire La Suite\u2026<\/a><\/div><\/div>\n<div class=\" pt-cv-content-item pt-cv-1-col\" ><div class=\"pt-cv-thumb-wrapper  \"><a href=\"https:\/\/dev.scsonline.ca\/fr\/2025\/06\/06\/the-core-learning-centre-is-accepting-new-clients\/\" class=\"_self pt-cv-href-thumbnail pt-cv-thumb-default\" target=\"_self\" ><img loading=\"lazy\" decoding=\"async\" width=\"372\" height=\"363\" src=\"https:\/\/dev.scsonline.ca\/wp-content\/uploads\/2025\/06\/Screenshot-2025-11-12-142622.png\" class=\"pt-cv-thumbnail\" alt=\"\" \/><\/a><\/div>\n<div class=\"pt-cv-taxoterm above_title\"><a href='https:\/\/dev.scsonline.ca\/fr\/category\/children\/' title='Enfants' class='pt-cv-tax-children'>Enfants<\/a><a href='https:\/\/dev.scsonline.ca\/fr\/category\/community\/' title='Communaut\u00e9' class='pt-cv-tax-community'>Communaut\u00e9<\/a><a href='https:\/\/dev.scsonline.ca\/fr\/category\/services-and-programs\/' title='Services et programmes' class='pt-cv-tax-services-and-programs'>Services et programmes<\/a><\/div>\n<h4 class=\"pt-cv-title\"><a href=\"https:\/\/dev.scsonline.ca\/fr\/2025\/06\/06\/the-core-learning-centre-is-accepting-new-clients\/\" class=\"_self\" target=\"_self\" >(English) The CORE Learning Centre is accepting new clients!<\/a><\/h4>\n<div class=\"pt-cv-rmwrap\"><a href=\"https:\/\/dev.scsonline.ca\/fr\/2025\/06\/06\/the-core-learning-centre-is-accepting-new-clients\/\" class=\"_self pt-cv-readmore btn btn-success\" target=\"_self\" >Lire La Suite\u2026<\/a><\/div><\/div><\/div><\/div>\n<div class=\" pt-cv-pagination-wrapper\"><ul class=\"pt-cv-pagination pt-cv-ajax pagination\" data-totalpages=\"7\" data-currentpage=\"1\" data-sid=\"dfvmm833\" data-unid=\"\" data-isblock=\"grid1\" data-postid=\"0\"><li class=\"active\"><a href=\"#\">1<\/a><\/li>\n\t<li ><a class=\"\" href=\"https:\/\/dev.scsonline.ca\/fr\/wp-json\/wp\/v2\/pages\/40643\/?_page=2\">2<\/a><\/li>\n\t<li ><a class=\"\" href=\"https:\/\/dev.scsonline.ca\/fr\/wp-json\/wp\/v2\/pages\/40643\/?_page=3\">3<\/a><\/li>\n\t<li ><a href=\"#\">\u2026<\/a><\/li>\n\t<li ><a class=\"\" href=\"https:\/\/dev.scsonline.ca\/fr\/wp-json\/wp\/v2\/pages\/40643\/?_page=7\">7<\/a><\/li>\n\t<li ><a class=\" \" href=\"https:\/\/dev.scsonline.ca\/fr\/wp-json\/wp\/v2\/pages\/40643\/?_page=2\">&rsaquo;<\/a><\/li>\n\t<\/ul><img loading=\"lazy\" decoding=\"async\" width=\"15\" height=\"15\" class=\"pt-cv-spinner\" alt=\"Chargement\u2026\" src=\"data:image\/gif;base64,R0lGODlhDwAPALMPAMrKygwMDJOTkz09PZWVla+vr3p6euTk5M7OzuXl5TMzMwAAAJmZmWZmZszMzP\/\/\/yH\/C05FVFNDQVBFMi4wAwEAAAAh+QQFCgAPACwAAAAADwAPAAAEQvDJaZaZOIcV8iQK8VRX4iTYoAwZ4iCYoAjZ4RxejhVNoT+mRGP4cyF4Pp0N98sBGIBMEMOotl6YZ3S61Bmbkm4mAgAh+QQFCgAPACwAAAAADQANAAAENPDJSRSZeA418itN8QiK8BiLITVsFiyBBIoYqnoewAD4xPw9iY4XLGYSjkQR4UAUD45DLwIAIfkEBQoADwAsAAAAAA8ACQAABC\/wyVlamTi3nSdgwFNdhEJgTJoNyoB9ISYoQmdjiZPcj7EYCAeCF1gEDo4Dz2eIAAAh+QQFCgAPACwCAAAADQANAAAEM\/DJBxiYeLKdX3IJZT1FU0iIg2RNKx3OkZVnZ98ToRD4MyiDnkAh6BkNC0MvsAj0kMpHBAAh+QQFCgAPACwGAAAACQAPAAAEMDC59KpFDll73HkAA2wVY5KgiK5b0RRoI6MuzG6EQqCDMlSGheEhUAgqgUUAFRySIgAh+QQFCgAPACwCAAIADQANAAAEM\/DJKZNLND\/kkKaHc3xk+QAMYDKsiaqmZCxGVjSFFCxB1vwy2oOgIDxuucxAMTAJFAJNBAAh+QQFCgAPACwAAAYADwAJAAAEMNAs86q1yaWwwv2Ig0jUZx3OYa4XoRAfwADXoAwfo1+CIjyFRuEho60aSNYlOPxEAAAh+QQFCgAPACwAAAIADQANAAAENPA9s4y8+IUVcqaWJ4qEQozSoAzoIyhCK2NFU2SJk0hNnyEOhKR2AzAAj4Pj4GE4W0bkJQIAOw==\" \/><div class=\"clear pt-cv-clear-pagination\"><\/div><\/div> <\/div> <style>\n\n#pt-cv-view-dfvmm833 { background-color: #f0f9ff;padding: 39px 39px 39px 39px; }#pt-cv-view-dfvmm833 .pt-cv-meta-fields {  }#pt-cv-view-dfvmm833 .pt-cv-meta-fields * { font-size: 13px; }#pt-cv-view-dfvmm833 .pt-cv-thumb-wrapper:not(.miniwrap) {  }#pt-cv-view-dfvmm833 .pt-cv-thumbnail:not(.pt-cv-thumbnailsm) { height: 250px; }#pt-cv-view-dfvmm833 .pt-cv-title a { display: block; }#pt-cv-view-dfvmm833 .pt-cv-title:not(.pt-cv-titlesm) a { font-weight: 600;text-decoration: none;font-size: 20px; }#pt-cv-view-dfvmm833 .pt-cv-titlesm a { font-weight: 600;font-size: 18px; }#pt-cv-view-dfvmm833 .pt-cv-content { font-size: 15px; }#pt-cv-view-dfvmm833 .pt-cv-rmwrap {  }#pt-cv-view-dfvmm833 .pt-cv-readmore { color: #fff;background-color: #065c82;font-size: 14px; }#pt-cv-view-dfvmm833 .pt-cv-taxoterm {  }#pt-cv-view-dfvmm833 .pt-cv-taxoterm * { color: #222;background-color: #fff6f6;font-size: 14px; }#pt-cv-view-dfvmm833 + .pt-cv-pagination-wrapper {  }#pt-cv-view-dfvmm833 + .pt-cv-pagination-wrapper a { font-size: 14px; }#pt-cv-view-dfvmm833 > .pt-cv-page {grid-template-columns: repeat(3, 1fr);grid-gap: 20px;}\n@media all and (max-width: 1024px) { \n#pt-cv-view-dfvmm833 > .pt-cv-page {}\n} \n@media all and (max-width: 767px) { \n#pt-cv-view-dfvmm833 > .pt-cv-page {grid-template-columns: repeat(1, 1fr);}\n} <\/style>","protected":false},"excerpt":{"rendered":"<p>In the Community Community is at the heart of everything we do. Here are local events, programs, and initiatives that bring people together and support inclusion. See what\u2019s happening near you.<\/p>\n","protected":false},"author":2,"featured_media":0,"parent":0,"menu_order":0,"comment_status":"closed","ping_status":"closed","template":"","meta":{"om_disable_all_campaigns":false,"_monsterinsights_skip_tracking":false,"_monsterinsights_sitenote_active":false,"_monsterinsights_sitenote_note":"","_monsterinsights_sitenote_category":0,"_uf_show_specific_survey":0,"_uf_disable_surveys":false,"footnotes":""},"class_list":["post-40643","page","type-page","status-publish","hentry"],"_links":{"self":[{"href":"https:\/\/dev.scsonline.ca\/fr\/wp-json\/wp\/v2\/pages\/40643","targetHints":{"allow":["GET"]}}],"collection":[{"href":"https:\/\/dev.scsonline.ca\/fr\/wp-json\/wp\/v2\/pages"}],"about":[{"href":"https:\/\/dev.scsonline.ca\/fr\/wp-json\/wp\/v2\/types\/page"}],"author":[{"embeddable":true,"href":"https:\/\/dev.scsonline.ca\/fr\/wp-json\/wp\/v2\/users\/2"}],"replies":[{"embeddable":true,"href":"https:\/\/dev.scsonline.ca\/fr\/wp-json\/wp\/v2\/comments?post=40643"}],"version-history":[{"count":7,"href":"https:\/\/dev.scsonline.ca\/fr\/wp-json\/wp\/v2\/pages\/40643\/revisions"}],"predecessor-version":[{"id":41042,"href":"https:\/\/dev.scsonline.ca\/fr\/wp-json\/wp\/v2\/pages\/40643\/revisions\/41042"}],"wp:attachment":[{"href":"https:\/\/dev.scsonline.ca\/fr\/wp-json\/wp\/v2\/media?parent=40643"}],"curies":[{"name":"wp","href":"https:\/\/api.w.org\/{rel}","templated":true}]}}