{"id":40630,"date":"2025-11-12T09:56:20","date_gmt":"2025-11-12T14:56:20","guid":{"rendered":"https:\/\/dev.scsonline.ca\/?page_id=40630"},"modified":"2025-11-19T10:34:40","modified_gmt":"2025-11-19T15:34:40","slug":"scs-news","status":"publish","type":"page","link":"https:\/\/dev.scsonline.ca\/fr\/scs-news\/","title":{"rendered":"SCS News"},"content":{"rendered":"\n<h1 class=\"wp-block-heading has-x-large-font-size\">SCS News<\/h1>\n\n\n<div class='pt-cv-wrapper'> <h3 class='pt-cv-heading-container heading1' data-blockid='vz048vpf'><span class='pt-cv-heading'>  <\/span><\/h3><div class=\"pt-cv-view pt-cv-blockgrid iscvblock iscvreal grid1 layout1\" id=\"pt-cv-view-vz048vpf\"><div data-id=\"pt-cv-page-1\" class=\"pt-cv-page\" data-cvc=\"3\"><div class=\" pt-cv-content-item pt-cv-1-col\" ><div class=\"pt-cv-thumb-wrapper  \"><a href=\"https:\/\/dev.scsonline.ca\/fr\/2026\/04\/15\/new-client-portal-for-scs-administered-funding\/\" class=\"_self pt-cv-href-thumbnail pt-cv-thumb-default\" target=\"_self\" ><img loading=\"lazy\" decoding=\"async\" width=\"174\" height=\"96\" src=\"https:\/\/dev.scsonline.ca\/wp-content\/uploads\/2026\/04\/Screenshot-2026-01-27-110144.png\" class=\"pt-cv-thumbnail\" alt=\"\" \/><\/a><\/div>\n<div class=\"pt-cv-taxoterm above_title\"><a href='https:\/\/dev.scsonline.ca\/fr\/category\/community\/' title='Communaut\u00e9' class='pt-cv-tax-community'>Communaut\u00e9<\/a><a href='https:\/\/dev.scsonline.ca\/fr\/category\/news\/' title='Nouvelles' class='pt-cv-tax-news'>Nouvelles<\/a><\/div>\n<h4 class=\"pt-cv-title\"><a href=\"https:\/\/dev.scsonline.ca\/fr\/2026\/04\/15\/new-client-portal-for-scs-administered-funding\/\" class=\"_self\" target=\"_self\" >Nouveau portail client pour le financement administr\u00e9 par le SCS<\/a><\/h4>\n<div class=\"pt-cv-rmwrap\"><a href=\"https:\/\/dev.scsonline.ca\/fr\/2026\/04\/15\/new-client-portal-for-scs-administered-funding\/\" class=\"_self pt-cv-readmore btn btn-success\" target=\"_self\" >Lire La Suite\u2026<\/a><\/div><\/div>\n<div class=\" pt-cv-content-item pt-cv-1-col\" ><div class=\"pt-cv-thumb-wrapper  \"><a href=\"https:\/\/dev.scsonline.ca\/fr\/2025\/07\/17\/authorized-medical-practitioners-for-the-purposes-of-the-medical-expense-tax-credit\/\" class=\"_self pt-cv-href-thumbnail pt-cv-thumb-default\" target=\"_self\" ><img loading=\"lazy\" decoding=\"async\" width=\"554\" height=\"329\" src=\"https:\/\/dev.scsonline.ca\/wp-content\/uploads\/2023\/01\/Housing-Tools3.png\" class=\"pt-cv-thumbnail\" alt=\"\" \/><\/a><\/div>\n<div class=\"pt-cv-taxoterm above_title\"><a href='https:\/\/dev.scsonline.ca\/fr\/category\/news\/' title='Nouvelles' class='pt-cv-tax-news'>Nouvelles<\/a><a href='https:\/\/dev.scsonline.ca\/fr\/category\/5resources\/' title='Ressources' class='pt-cv-tax-5resources'>Ressources<\/a><\/div>\n<h4 class=\"pt-cv-title\"><a href=\"https:\/\/dev.scsonline.ca\/fr\/2025\/07\/17\/authorized-medical-practitioners-for-the-purposes-of-the-medical-expense-tax-credit\/\" class=\"_self\" target=\"_self\" >Liste des professionnels de la sant\u00e9 autoris\u00e9s aux fins du cr\u00e9dit d&#8217;imp\u00f4t pour frais m\u00e9dicaux<\/a><\/h4>\n<div class=\"pt-cv-rmwrap\"><a href=\"https:\/\/dev.scsonline.ca\/fr\/2025\/07\/17\/authorized-medical-practitioners-for-the-purposes-of-the-medical-expense-tax-credit\/\" class=\"_self pt-cv-readmore btn btn-success\" target=\"_self\" >Lire La Suite\u2026<\/a><\/div><\/div>\n<div class=\" pt-cv-content-item pt-cv-1-col\" ><div class=\"pt-cv-thumb-wrapper  \"><a href=\"https:\/\/dev.scsonline.ca\/fr\/2025\/05\/30\/province-exempting-canada-disability-benefit-as-income-to-protect-recipients-from-benefit-reductions\/\" class=\"_self pt-cv-href-thumbnail pt-cv-thumb-default\" target=\"_self\" ><img loading=\"lazy\" decoding=\"async\" width=\"493\" height=\"327\" src=\"https:\/\/dev.scsonline.ca\/wp-content\/uploads\/2025\/05\/Screenshot-2025-09-24-140016.png\" class=\"pt-cv-thumbnail\" alt=\"\" \/><\/a><\/div>\n<div class=\"pt-cv-taxoterm above_title\"><a href='https:\/\/dev.scsonline.ca\/fr\/category\/funding\/' title='Financement' class='pt-cv-tax-funding'>Financement<\/a><a href='https:\/\/dev.scsonline.ca\/fr\/category\/news\/' title='Nouvelles' class='pt-cv-tax-news'>Nouvelles<\/a><a href='https:\/\/dev.scsonline.ca\/fr\/category\/ontario\/' title='Ontario' class='pt-cv-tax-ontario'>Ontario<\/a><\/div>\n<h4 class=\"pt-cv-title\"><a href=\"https:\/\/dev.scsonline.ca\/fr\/2025\/05\/30\/province-exempting-canada-disability-benefit-as-income-to-protect-recipients-from-benefit-reductions\/\" class=\"_self\" target=\"_self\" >(English) Province exempting Canada Disability Benefit as income to protect recipients from benefit reductions<\/a><\/h4>\n<div class=\"pt-cv-rmwrap\"><a href=\"https:\/\/dev.scsonline.ca\/fr\/2025\/05\/30\/province-exempting-canada-disability-benefit-as-income-to-protect-recipients-from-benefit-reductions\/\" class=\"_self pt-cv-readmore btn btn-success\" target=\"_self\" >Lire La Suite\u2026<\/a><\/div><\/div>\n<div class=\" pt-cv-content-item pt-cv-1-col\" ><div class=\"pt-cv-thumb-wrapper  \"><a href=\"https:\/\/dev.scsonline.ca\/fr\/2025\/05\/30\/are-you-applying-for-the-ontario-disability-support-program-odsp-for-yourself-or-your-autistic-child\/\" class=\"_self pt-cv-href-thumbnail pt-cv-thumb-default\" target=\"_self\" ><img loading=\"lazy\" decoding=\"async\" width=\"768\" height=\"508\" src=\"https:\/\/dev.scsonline.ca\/wp-content\/uploads\/2025\/05\/Screenshot-2025-08-22-083804-768x508.png\" class=\"pt-cv-thumbnail\" alt=\"\" \/><\/a><\/div>\n<div class=\"pt-cv-taxoterm above_title\"><a href='https:\/\/dev.scsonline.ca\/fr\/category\/community\/' title='Communaut\u00e9' class='pt-cv-tax-community'>Communaut\u00e9<\/a><a href='https:\/\/dev.scsonline.ca\/fr\/category\/employment\/' title='Emploi' class='pt-cv-tax-employment'>Emploi<\/a><a href='https:\/\/dev.scsonline.ca\/fr\/category\/funding\/' title='Financement' class='pt-cv-tax-funding'>Financement<\/a><a href='https:\/\/dev.scsonline.ca\/fr\/category\/news\/' title='Nouvelles' class='pt-cv-tax-news'>Nouvelles<\/a><a href='https:\/\/dev.scsonline.ca\/fr\/category\/ontario\/' title='Ontario' class='pt-cv-tax-ontario'>Ontario<\/a><\/div>\n<h4 class=\"pt-cv-title\"><a href=\"https:\/\/dev.scsonline.ca\/fr\/2025\/05\/30\/are-you-applying-for-the-ontario-disability-support-program-odsp-for-yourself-or-your-autistic-child\/\" class=\"_self\" target=\"_self\" >(English) Are you applying for the Ontario Disability Support Program (ODSP) for yourself or your autistic child?<\/a><\/h4>\n<div class=\"pt-cv-rmwrap\"><a href=\"https:\/\/dev.scsonline.ca\/fr\/2025\/05\/30\/are-you-applying-for-the-ontario-disability-support-program-odsp-for-yourself-or-your-autistic-child\/\" class=\"_self pt-cv-readmore btn btn-success\" target=\"_self\" >Lire La Suite\u2026<\/a><\/div><\/div>\n<div class=\" pt-cv-content-item pt-cv-1-col\" ><div class=\"pt-cv-thumb-wrapper  \"><a href=\"https:\/\/dev.scsonline.ca\/fr\/2025\/05\/02\/two-new-tipsheets-available-on-passportfunding-ca\/\" class=\"_self pt-cv-href-thumbnail pt-cv-thumb-default\" target=\"_self\" ><img loading=\"lazy\" decoding=\"async\" width=\"316\" height=\"104\" src=\"https:\/\/dev.scsonline.ca\/wp-content\/uploads\/2025\/05\/Screenshot-2025-11-13-084516.png\" class=\"pt-cv-thumbnail\" alt=\"\" \/><\/a><\/div>\n<div class=\"pt-cv-taxoterm above_title\"><a href='https:\/\/dev.scsonline.ca\/fr\/category\/funding\/' title='Financement' class='pt-cv-tax-funding'>Financement<\/a><a href='https:\/\/dev.scsonline.ca\/fr\/category\/news\/' title='Nouvelles' class='pt-cv-tax-news'>Nouvelles<\/a><a href='https:\/\/dev.scsonline.ca\/fr\/category\/5resources\/' title='Ressources' class='pt-cv-tax-5resources'>Ressources<\/a><a href='https:\/\/dev.scsonline.ca\/fr\/category\/services-and-programs\/' title='Services et programmes' class='pt-cv-tax-services-and-programs'>Services et programmes<\/a><\/div>\n<h4 class=\"pt-cv-title\"><a href=\"https:\/\/dev.scsonline.ca\/fr\/2025\/05\/02\/two-new-tipsheets-available-on-passportfunding-ca\/\" class=\"_self\" target=\"_self\" >(English) Two New Tipsheets Available on passportfunding.ca<\/a><\/h4>\n<div class=\"pt-cv-rmwrap\"><a href=\"https:\/\/dev.scsonline.ca\/fr\/2025\/05\/02\/two-new-tipsheets-available-on-passportfunding-ca\/\" class=\"_self pt-cv-readmore btn btn-success\" target=\"_self\" >Lire La Suite\u2026<\/a><\/div><\/div>\n<div class=\" pt-cv-content-item pt-cv-1-col\" ><div class=\"pt-cv-thumb-wrapper  \"><a href=\"https:\/\/dev.scsonline.ca\/fr\/2025\/05\/02\/confused-about-the-difference-between-dso-and-passport\/\" class=\"_self pt-cv-href-thumbnail pt-cv-thumb-default\" target=\"_self\" ><img loading=\"lazy\" decoding=\"async\" width=\"100\" height=\"37\" src=\"https:\/\/dev.scsonline.ca\/wp-content\/uploads\/2025\/05\/Screenshot-2025-11-13-084651-e1763041652522.png\" class=\"pt-cv-thumbnail\" alt=\"\" \/><\/a><\/div>\n<div class=\"pt-cv-taxoterm above_title\"><a href='https:\/\/dev.scsonline.ca\/fr\/category\/funding\/' title='Financement' class='pt-cv-tax-funding'>Financement<\/a><a href='https:\/\/dev.scsonline.ca\/fr\/category\/news\/' title='Nouvelles' class='pt-cv-tax-news'>Nouvelles<\/a><a href='https:\/\/dev.scsonline.ca\/fr\/category\/5resources\/' title='Ressources' class='pt-cv-tax-5resources'>Ressources<\/a><\/div>\n<h4 class=\"pt-cv-title\"><a href=\"https:\/\/dev.scsonline.ca\/fr\/2025\/05\/02\/confused-about-the-difference-between-dso-and-passport\/\" class=\"_self\" target=\"_self\" >(English) Confused about the difference between DSO and Passport?<\/a><\/h4>\n<div class=\"pt-cv-rmwrap\"><a href=\"https:\/\/dev.scsonline.ca\/fr\/2025\/05\/02\/confused-about-the-difference-between-dso-and-passport\/\" class=\"_self pt-cv-readmore btn btn-success\" target=\"_self\" >Lire La Suite\u2026<\/a><\/div><\/div><\/div><\/div>\n<div class=\" pt-cv-pagination-wrapper\"><ul class=\"pt-cv-pagination pt-cv-ajax pagination\" data-totalpages=\"5\" data-currentpage=\"1\" data-sid=\"vz048vpf\" data-unid=\"\" data-isblock=\"grid1\" data-postid=\"0\"><li class=\"active\"><a href=\"#\">1<\/a><\/li>\n\t<li ><a class=\"\" href=\"https:\/\/dev.scsonline.ca\/fr\/wp-json\/wp\/v2\/pages\/40630\/?_page=2\">2<\/a><\/li>\n\t<li ><a class=\"\" href=\"https:\/\/dev.scsonline.ca\/fr\/wp-json\/wp\/v2\/pages\/40630\/?_page=3\">3<\/a><\/li>\n\t<li ><a href=\"#\">\u2026<\/a><\/li>\n\t<li ><a class=\"\" href=\"https:\/\/dev.scsonline.ca\/fr\/wp-json\/wp\/v2\/pages\/40630\/?_page=5\">5<\/a><\/li>\n\t<li ><a class=\" \" href=\"https:\/\/dev.scsonline.ca\/fr\/wp-json\/wp\/v2\/pages\/40630\/?_page=2\">&rsaquo;<\/a><\/li>\n\t<\/ul><img loading=\"lazy\" decoding=\"async\" width=\"15\" height=\"15\" class=\"pt-cv-spinner\" alt=\"Chargement\u2026\" src=\"data:image\/gif;base64,R0lGODlhDwAPALMPAMrKygwMDJOTkz09PZWVla+vr3p6euTk5M7OzuXl5TMzMwAAAJmZmWZmZszMzP\/\/\/yH\/C05FVFNDQVBFMi4wAwEAAAAh+QQFCgAPACwAAAAADwAPAAAEQvDJaZaZOIcV8iQK8VRX4iTYoAwZ4iCYoAjZ4RxejhVNoT+mRGP4cyF4Pp0N98sBGIBMEMOotl6YZ3S61Bmbkm4mAgAh+QQFCgAPACwAAAAADQANAAAENPDJSRSZeA418itN8QiK8BiLITVsFiyBBIoYqnoewAD4xPw9iY4XLGYSjkQR4UAUD45DLwIAIfkEBQoADwAsAAAAAA8ACQAABC\/wyVlamTi3nSdgwFNdhEJgTJoNyoB9ISYoQmdjiZPcj7EYCAeCF1gEDo4Dz2eIAAAh+QQFCgAPACwCAAAADQANAAAEM\/DJBxiYeLKdX3IJZT1FU0iIg2RNKx3OkZVnZ98ToRD4MyiDnkAh6BkNC0MvsAj0kMpHBAAh+QQFCgAPACwGAAAACQAPAAAEMDC59KpFDll73HkAA2wVY5KgiK5b0RRoI6MuzG6EQqCDMlSGheEhUAgqgUUAFRySIgAh+QQFCgAPACwCAAIADQANAAAEM\/DJKZNLND\/kkKaHc3xk+QAMYDKsiaqmZCxGVjSFFCxB1vwy2oOgIDxuucxAMTAJFAJNBAAh+QQFCgAPACwAAAYADwAJAAAEMNAs86q1yaWwwv2Ig0jUZx3OYa4XoRAfwADXoAwfo1+CIjyFRuEho60aSNYlOPxEAAAh+QQFCgAPACwAAAIADQANAAAENPA9s4y8+IUVcqaWJ4qEQozSoAzoIyhCK2NFU2SJk0hNnyEOhKR2AzAAj4Pj4GE4W0bkJQIAOw==\" \/><div class=\"clear pt-cv-clear-pagination\"><\/div><\/div> <\/div> <style>\n\n#pt-cv-view-vz048vpf { background-color: #f0f9ff;margin: -0px -0px -0px -0px;padding: 40px 40px 40px 40px; }#pt-cv-view-vz048vpf .pt-cv-meta-fields {  }#pt-cv-view-vz048vpf .pt-cv-meta-fields * { font-size: 13px; }#pt-cv-view-vz048vpf .pt-cv-thumb-wrapper:not(.miniwrap) {  }#pt-cv-view-vz048vpf .pt-cv-thumbnail:not(.pt-cv-thumbnailsm) { height: 250px; }#pt-cv-view-vz048vpf .pt-cv-title a { display: block;color: #000000; }#pt-cv-view-vz048vpf .pt-cv-title:not(.pt-cv-titlesm) a { font-weight: 600;text-decoration: none;font-size: 20px; }#pt-cv-view-vz048vpf .pt-cv-titlesm a { font-weight: 600;font-size: 18px; }#pt-cv-view-vz048vpf .pt-cv-content { font-size: 15px; }#pt-cv-view-vz048vpf .pt-cv-rmwrap {  }#pt-cv-view-vz048vpf .pt-cv-readmore { color: #fff;background-color: #3593e3;border-style: none;font-size: 14px; }#pt-cv-view-vz048vpf .pt-cv-taxoterm {  }#pt-cv-view-vz048vpf .pt-cv-taxoterm * { color: #222;background-color: #fff6f6;font-size: 14px; }#pt-cv-view-vz048vpf + .pt-cv-pagination-wrapper {  }#pt-cv-view-vz048vpf + .pt-cv-pagination-wrapper a { font-size: 14px; }#pt-cv-view-vz048vpf > .pt-cv-page {grid-template-columns: repeat(3, 1fr);grid-gap: 20px;}\n@media all and (max-width: 1024px) { \n#pt-cv-view-vz048vpf > .pt-cv-page {}\n} \n@media all and (max-width: 767px) { \n#pt-cv-view-vz048vpf > .pt-cv-page {grid-template-columns: repeat(1, 1fr);}\n} <\/style>","protected":false},"excerpt":{"rendered":"<p>SCS News<\/p>\n","protected":false},"author":2,"featured_media":0,"parent":0,"menu_order":0,"comment_status":"closed","ping_status":"closed","template":"","meta":{"om_disable_all_campaigns":false,"_monsterinsights_skip_tracking":false,"_monsterinsights_sitenote_active":false,"_monsterinsights_sitenote_note":"","_monsterinsights_sitenote_category":0,"_uf_show_specific_survey":0,"_uf_disable_surveys":false,"footnotes":""},"class_list":["post-40630","page","type-page","status-publish","hentry"],"_links":{"self":[{"href":"https:\/\/dev.scsonline.ca\/fr\/wp-json\/wp\/v2\/pages\/40630","targetHints":{"allow":["GET"]}}],"collection":[{"href":"https:\/\/dev.scsonline.ca\/fr\/wp-json\/wp\/v2\/pages"}],"about":[{"href":"https:\/\/dev.scsonline.ca\/fr\/wp-json\/wp\/v2\/types\/page"}],"author":[{"embeddable":true,"href":"https:\/\/dev.scsonline.ca\/fr\/wp-json\/wp\/v2\/users\/2"}],"replies":[{"embeddable":true,"href":"https:\/\/dev.scsonline.ca\/fr\/wp-json\/wp\/v2\/comments?post=40630"}],"version-history":[{"count":11,"href":"https:\/\/dev.scsonline.ca\/fr\/wp-json\/wp\/v2\/pages\/40630\/revisions"}],"predecessor-version":[{"id":40776,"href":"https:\/\/dev.scsonline.ca\/fr\/wp-json\/wp\/v2\/pages\/40630\/revisions\/40776"}],"wp:attachment":[{"href":"https:\/\/dev.scsonline.ca\/fr\/wp-json\/wp\/v2\/media?parent=40630"}],"curies":[{"name":"wp","href":"https:\/\/api.w.org\/{rel}","templated":true}]}}