{"id":37119,"date":"2024-03-12T06:05:00","date_gmt":"2024-03-12T10:05:00","guid":{"rendered":"https:\/\/dev.scsonline.ca\/?page_id=37119"},"modified":"2025-04-10T11:54:02","modified_gmt":"2025-04-10T15:54:02","slug":"summer-camps-2025","status":"publish","type":"page","link":"https:\/\/dev.scsonline.ca\/fr\/summer-camps-2025\/","title":{"rendered":"Camps d&#8217;\u00e9t\u00e9 2025"},"content":{"rendered":"<h1>Camps d&#8217;\u00e9t\u00e9 2025<\/h1>\n<div class=\"su-row\">\n<div class=\"su-column su-column-size-1-2\"><div class=\"su-column-inner su-u-clearfix su-u-trim\">\nCette page offre des renseignements sur les camps d&#8217;\u00e9t\u00e9.<\/p>\n<p>Nous nous effor\u00e7ons de rendre le contenu de notre site accessible \u00e0 tous. Si vous avez des difficult\u00e9s \u00e0 comprendre les renseignements figurant sur cette page, veuillez nous contacter \u00e0 l\u2019adresse courriel suivante <a href=\"mailto:admin@scsonline.ca\">admin@scsonline.ca<\/a>.<\/p>\n<p>Les ressources sont fournies \u00e0 titre d&#8217;information uniquement et ne repr\u00e9sentent pas une association privil\u00e9gi\u00e9e avec SCS. En utilisant ces ressources, vous assumez tous les risques et toutes les responsabilit\u00e9s.<\/p>\n<p>SCS n&#8217;assume aucune responsabilit\u00e9 en cas d&#8217;erreur ou d&#8217;omission dans le contenu de ce document.<br \/>\n<\/div><\/div>\n<div class=\"su-column su-column-size-1-3\"><div class=\"su-column-inner su-u-clearfix su-u-trim\">\n<img loading=\"lazy\" decoding=\"async\" src=\"https:\/\/dev.scsonline.ca\/wp-content\/uploads\/2024\/03\/Summer-Camps-Home-Page_2024.png\" alt=\"\" width=\"400\" height=\"224\" class=\"alignnone size-full wp-image-37331\" srcset=\"https:\/\/dev.scsonline.ca\/wp-content\/uploads\/2024\/03\/Summer-Camps-Home-Page_2024.png 400w, https:\/\/dev.scsonline.ca\/wp-content\/uploads\/2024\/03\/Summer-Camps-Home-Page_2024-300x168.png 300w\" sizes=\"auto, (max-width: 400px) 100vw, 400px\" \/><br \/>\n<\/div><\/div>\n<\/div>\n<div class=\"su-divider su-divider-style-default\" style=\"margin:15px 0;border-width:3px;border-color:#df8e04\"><\/div>\n<h2>\u00c0 propos des camps<\/h2>\n<p>Les camps d&#8217;\u00e9t\u00e9 offrent la possibilit\u00e9 de participer \u00e0 une vari\u00e9t\u00e9 de programmes, tels que les sports d&#8217;\u00e9t\u00e9 (comme l&#8217;\u00e9quitation), les sciences, les arts, et plus encore! Les camps d&#8217;\u00e9t\u00e9 offrent des occasions uniques de s&#8217;\u00e9panouir.<\/p>\n<p>\u00c0 SCS, nous pouvons aider les familles \u00e0 explorer les options de camps d&#8217;\u00e9t\u00e9 qui pourraient les int\u00e9resser. \u00c0 cette fin, nous cr\u00e9ons chaque ann\u00e9e une liste de camps d&#8217;\u00e9t\u00e9 que les familles peuvent utiliser pour trouver ceux qui r\u00e9pondent \u00e0 leurs besoins et pour obtenir plus de renseignements. <\/p>\n<p><a href=\"https:\/\/dev.scsonline.ca\/wp-content\/uploads\/2025\/04\/FRENCH-CAMPS-LIST-UPDATED-Apr-9th-2025.docx\" rel=\"noopener\" target=\"_blank\">Cliquez ici pour la liste de camps en fran\u00e7ais<\/a><\/p>\n<p><a href=\"https:\/\/dev.scsonline.ca\/wp-content\/uploads\/2025\/04\/SUMMER-CAMP-LIST-2025-MERGED-APR-9.docx\" rel=\"noopener\" target=\"_blank\">Cliquez ici pour la liste de tous les camps<\/a><\/p>\n<h3>Conseils pour la recherche d&#8217;un camp<\/h3>\n<p><strong>Camps int\u00e9gr\u00e9s ou sp\u00e9cialis\u00e9s<\/strong><\/p>\n<p>Les camps int\u00e9gr\u00e9s ou sp\u00e9cialis\u00e9s offrent un personnel qualifi\u00e9 et un environnement cr\u00e9\u00e9 sp\u00e9cifiquement pour les besoins de votre enfant. Non seulement ces camps offrent un environnement s\u00fbr, mais ils peuvent \u00e9galement inciter votre enfant \u00e0 se d\u00e9velopper autrement, afin qu&#8217;il puisse acqu\u00e9rir un peu plus d&#8217;ind\u00e9pendance. Pour leur part, les camps int\u00e9gr\u00e9s offrent des programmes o\u00f9 votre enfant est inclus avec des enfants ayant des capacit\u00e9s fonctionnelles diff\u00e9rentes.<\/p>\n<p><a href=\"https:\/\/dev.scsonline.ca\/wp-content\/uploads\/2025\/04\/INTEGRATED-Summer-Camps-List-Updated-Apr-9-2025.docx\" rel=\"noopener\" target=\"_blank\">Cliquez ici pour la liste de camps int\u00e9gr\u00e9s<\/a><\/p>\n<p><a href=\"https:\/\/dev.scsonline.ca\/wp-content\/uploads\/2025\/04\/Specialized-Summer-Camps-Updated-April-9th-2025.docx\">Cliquez ici pour la liste de camps sp\u00e9cialis\u00e9s<\/a><\/p>\n<p><strong>Int\u00e9r\u00eats ou situations sp\u00e9cifiques<\/strong><\/p>\n<p>Quels sont les passe-temps favoris de votre enfant, ses int\u00e9r\u00eats et ses points forts? Certains pr\u00e9f\u00e8rent faire du sport, d&#8217;autres veulent faire de l&#8217;art, ou peut-\u00eatre veulent-ils simplement essayer de nouvelles choses?<\/p>\n<p>Les camps permettent \u00e9galement de d\u00e9velopper de nouvelles relations et de se faire de nouveaux amis. Participer aux activit\u00e9s du camp peut aider \u00e0 trouver des affinit\u00e9s et \u00e0 faciliter les amiti\u00e9s:<\/p>\n<ul>\n<li>Trouver des affinit\u00e9s avec des camarades de camp qui partagent des similitudes<\/li>\n<li>Faciliter les amiti\u00e9s avec d&#8217;autres personnes ayant les m\u00eames difficult\u00e9s quotidiennes et apprendre d&#8217;elles<\/li>\n<\/ul>\n<p><strong>Cr\u00e9er un profil d&#8217;une page<\/strong><\/p>\n<p>La cr\u00e9ation d&#8217;un profil d\u2019une page peut \u00eatre un excellent moyen d&#8217;aider votre enfant \u00e0 choisir un camp, et pour le personnel du camp d&#8217;apprendre \u00e0 mieux le conna\u00eetre et le soutenir!<\/p>\n<p>Vous trouverez des renseignements sur la cr\u00e9ation d&#8217;un profil d&#8217;une page ainsi que d&#8217;autres outils utiles \u00e0 ce lien: <a href=\"https:\/\/www.helensandersonassociates.com\/person-centered-thinking-tools\/\" rel=\"noopener\" target=\"_blank\">https:\/\/www.helensandersonassociates.com\/person-centered-thinking-tools\/<\/a><\/p>\n<p><strong>Camp de jour, camp de nuit, ou camp hors r\u00e9gion<\/strong><\/p>\n<p>Les camps d&#8217;\u00e9t\u00e9 peuvent \u00eatre class\u00e9s en camps de jour, camps de nuit ou camps hors r\u00e9gion. Chaque type a ses avantages et ses inconv\u00e9nients.<\/p>\n<ul>\n<li>Camps de jour: Votre enfant participe \u00e0 des activit\u00e9s et des programmes amusants tout au long de la journ\u00e9e. Les participants au camp d\u00e9veloppent et am\u00e9liorent leurs comp\u00e9tences, se font de nouveaux amis, tout en d\u00e9veloppant un sentiment d&#8217;ind\u00e9pendance. Un inconv\u00e9nient possible est le co\u00fbt financier du camp.<\/li>\n<li>Camps de vacances: Ces camps offrent la plupart des avantages des camps de jour, ainsi que la possibilit\u00e9 de se reposer et de se d\u00e9tendre pour la famille et les soignants. L&#8217;inconv\u00e9nient est que votre enfant peut s\u2019ennuyer de la maison. Vous pouvez vous poser quelques questions: Mon enfant est-il assez grand? Est-il pr\u00eat \u00e0 partir pour la nuit? Suis-je pr\u00eat \u00e0 le laisser partir pour la nuit? En fin de compte, vous seul savez si votre enfant est pr\u00eat pour un camp de vacances.<\/li>\n<li>Camps hors r\u00e9gion: En plus des avantages et des inconv\u00e9nients des camps de jour et de nuit, les camps hors r\u00e9gion peuvent contribuer \u00e0 renforcer la confiance en soi et l&#8217;ind\u00e9pendance. Vous pouvez \u00e9galement trouver des camps qui correspondent aux besoins de votre enfant et qui ne sont peut-\u00eatre pas offerts dans votre r\u00e9gion. Les inconv\u00e9nients peuvent \u00eatre les co\u00fbts financiers plus \u00e9lev\u00e9s d&#8217;un camp de vacances hors r\u00e9gion.<\/li>\n<\/ul>\n<p><strong>Contactez directement les camps<\/strong><\/p>\n<p>Nous encourageons vivement les familles \u00e0 contacter directement les camps chaque ann\u00e9e pour s&#8217;informer sur les inscriptions et les tarifs des camps d&#8217;\u00e9t\u00e9. Veuillez noter que les sites Web ne sont pas toujours mis \u00e0 jour, c&#8217;est pourquoi nous encourageons les familles \u00e0 contacter les camps directement et rapidement.","protected":false},"excerpt":{"rendered":"<p>Camps d&#8217;\u00e9t\u00e9 2025 \u00c0 propos des camps Les camps d&#8217;\u00e9t\u00e9 offrent la possibilit\u00e9 de participer \u00e0 une vari\u00e9t\u00e9 de programmes, tels que les sports d&#8217;\u00e9t\u00e9 (comme l&#8217;\u00e9quitation), les sciences, les arts, et plus encore! Les camps d&#8217;\u00e9t\u00e9 offrent des occasions uniques de s&#8217;\u00e9panouir. \u00c0 SCS, nous pouvons aider les familles \u00e0 explorer les options de &hellip; <a href=\"https:\/\/dev.scsonline.ca\/fr\/summer-camps-2025\/\" class=\"more-link\">Continuer la lecture de <span class=\"screen-reader-text\">Camps d&#8217;\u00e9t\u00e9 2025<\/span> <span class=\"meta-nav\">&rarr;<\/span><\/a><\/p>\n","protected":false},"author":14,"featured_media":0,"parent":0,"menu_order":0,"comment_status":"closed","ping_status":"closed","template":"","meta":{"om_disable_all_campaigns":false,"_monsterinsights_skip_tracking":false,"_monsterinsights_sitenote_active":false,"_monsterinsights_sitenote_note":"","_monsterinsights_sitenote_category":0,"_uf_show_specific_survey":0,"_uf_disable_surveys":false,"footnotes":""},"class_list":["post-37119","page","type-page","status-publish","hentry"],"_links":{"self":[{"href":"https:\/\/dev.scsonline.ca\/fr\/wp-json\/wp\/v2\/pages\/37119","targetHints":{"allow":["GET"]}}],"collection":[{"href":"https:\/\/dev.scsonline.ca\/fr\/wp-json\/wp\/v2\/pages"}],"about":[{"href":"https:\/\/dev.scsonline.ca\/fr\/wp-json\/wp\/v2\/types\/page"}],"author":[{"embeddable":true,"href":"https:\/\/dev.scsonline.ca\/fr\/wp-json\/wp\/v2\/users\/14"}],"replies":[{"embeddable":true,"href":"https:\/\/dev.scsonline.ca\/fr\/wp-json\/wp\/v2\/comments?post=37119"}],"version-history":[{"count":27,"href":"https:\/\/dev.scsonline.ca\/fr\/wp-json\/wp\/v2\/pages\/37119\/revisions"}],"predecessor-version":[{"id":39986,"href":"https:\/\/dev.scsonline.ca\/fr\/wp-json\/wp\/v2\/pages\/37119\/revisions\/39986"}],"wp:attachment":[{"href":"https:\/\/dev.scsonline.ca\/fr\/wp-json\/wp\/v2\/media?parent=37119"}],"curies":[{"name":"wp","href":"https:\/\/api.w.org\/{rel}","templated":true}]}}