{"id":36825,"date":"2024-01-15T13:33:04","date_gmt":"2024-01-15T18:33:04","guid":{"rendered":"https:\/\/dev.scsonline.ca\/?page_id=36825"},"modified":"2025-03-24T10:38:21","modified_gmt":"2025-03-24T14:38:21","slug":"strategy","status":"publish","type":"page","link":"https:\/\/dev.scsonline.ca\/fr\/strategy\/","title":{"rendered":"Plan strat\u00e9gique 2023-2028"},"content":{"rendered":"<h1>Plan strat\u00e9gique 2023-2028<\/h1>\n<p>Cette page offre des renseignements sur notre plan strat\u00e9gique 2023-2028. <a href=\"https:\/\/dev.scsonline.ca\/wp-content\/uploads\/2025\/03\/01-Approved-Strategic-Plan-January-28-2025-FR.pdf\" rel=\"noopener\" target=\"_blank\">Vous pouvez consulter notre plan strat\u00e9gique complet ici<\/a><\/p>\n<p>Nous nous effor\u00e7ons de rendre le contenu de notre site accessible \u00e0 tous. Si vous avez des difficult\u00e9s \u00e0 comprendre les renseignements figurant sur cette page ou dans notre plan strat\u00e9gique, veuillez nous contacter \u00e0 l&#8217;adresse courriel suivante <a href=\"mailto:admin@scsonline.ca\">admin@scsonline.ca<\/a>.<\/p>\n<div class=\"su-divider su-divider-style-default\" style=\"margin:15px 0;border-width:3px;border-color:#df8e04\"><\/div>\n<h2>Dans cette page<\/h2>\n<ol>\n<li><a href=\"#About our Strategic Plan\">\u00c0 propos de notre plan strat\u00e9gique<\/a><\/li>\n<li><a href=\"#Expected Results\">R\u00e9sultats attendus<\/a><\/li>\n<\/ol>\n<div class=\"su-divider su-divider-style-default\" style=\"margin:15px 0;border-width:3px;border-color:#df8e04\"><a href=\"#\" style=\"color:#000000\">Aller en haut<\/a><\/div>\n<div class=\"su-row\"><div class=\"su-column su-column-size-1-2\"><div class=\"su-column-inner su-u-clearfix su-u-trim\"><a id=\"About our Strategic Plan\"><\/a><\/p>\n<h2 style=\"margin-bottom: -5px; margin-top: 20px;\">\u00c0 propos de notre plan strat\u00e9gique<\/h2>\n<ul>\n<li>Notre plan nous indique le chemin \u00e0 suivre afin de savoir o\u00f9 nous devons concentrer nos efforts.<\/li>\n<li>Il est le r\u00e9sultat de plusieurs consultations avec toutes les parties concern\u00e9es par SCS.<\/li>\n<li>Notre plan a \u00e9t\u00e9 pr\u00e9par\u00e9 en tenant compte de l&#8217;initiative En qu\u00eate d\u2019appartenance du gouvernement de l&#8217;Ontario et des changements qu&#8217;elle apportera aux services pour les personnes ayant une d\u00e9ficience intellectuelle.<\/li>\n<li>Avec notre plan, nous voulons servir plus de clients en temps plus opportun et avoir acc\u00e8s \u00e0 une plus grande gamme de services.<\/li>\n<li>Notre plan aidera SCS \u00e0 rester un leader dans le secteur dans un paysage en \u00e9volution.<\/li>\n<\/ul>\n<h3 style=\"margin-bottom: 5px; margin-top: 40px;\">Priorit\u00e9s cl\u00e9s<\/h3>\n<p>Notre plan strat\u00e9gique 2023-2028 pr\u00e9voit que SCS concentrera ses efforts, sur une p\u00e9riode de cinq ans, sur les trois priorit\u00e9s cl\u00e9s suivantes:<\/p>\n<ul style=\"margin-top: -10px;\">\n<li><strong>Priorit\u00e9 cl\u00e9 1: Am\u00e9liorer l&#8217;exp\u00e9rience client<\/strong><br \/>\nUn parcours exceptionnel centr\u00e9 sur le client, tant pour les personnes que pour les familles.<\/li>\n<\/ul>\n<ul>\n<li><strong>Priorit\u00e9 cl\u00e9 2: Cultiver un lieu de travail de choix<\/strong><br \/>\nFavoriser un environnement qui permet au personnel de fournir un soutien exemplaire aux personnes et aux familles.<\/li>\n<\/ul>\n<ul>\n<li><strong>Priorit\u00e9 cl\u00e9 3: Devenir un pionnier r\u00e9gional dans la voie du financement individualis\u00e9<\/strong><br \/>\nDevenir un pionnier r\u00e9gional dans la transformation du secteur des services aux personnes ayant une d\u00e9ficience intellectuelle.<\/li>\n<\/ul>\n<\/div><\/div>\n<div class=\"su-column su-column-size-1-3\"><div class=\"su-column-inner su-u-clearfix su-u-trim\"><img loading=\"lazy\" decoding=\"async\" style=\"border-radius: 0px 50px 0px 50px; border: 5px solid #b23610; margin-top: 40px; margin-bottom: 20px;\" src=\"https:\/\/dev.scsonline.ca\/wp-content\/uploads\/2024\/01\/Strategic-plan-web-2.jpg\" alt=\"banni\u00e8re du plan strat\u00e9gique\" width=\"400\" height=\"250\" \/><br \/>\n<\/div><\/div><\/div>\n<div class=\"su-divider su-divider-style-default\" style=\"margin:15px 0;border-width:3px;border-color:#df8e04\"><a href=\"#\" style=\"color:#000000\">Aller en haut<\/a><\/div>\n<a id=\"Expected Results\"><\/a><\/p>\n<h2 style=\"margin-bottom: -5px; margin-top: 20px;\">R\u00e9sultats attendus<\/h2>\n<div class=\"su-row\">\n<div class=\"su-column su-column-size-1-3\"><div class=\"su-column-inner su-u-clearfix su-u-trim\">\n<h3 style=\"margin-top: 40px;\">Priorit\u00e9 cl\u00e9 1: Clients<\/h3>\n<p><img loading=\"lazy\" decoding=\"async\" style=\"border-radius: 0px 50px 0px 50px; border: 5px solid #65a545; margin-top: 0px; margin-bottom: 20px;\" src=\"https:\/\/dev.scsonline.ca\/wp-content\/uploads\/2024\/01\/Clients.jpg\" alt=\"Clients de SCS\" width=\"400\" height=\"250\" \/><br \/>\n<strong>Cr\u00e9ation d&#8217;un parcours exceptionnel, centr\u00e9 sur le client, tant pour les individus que pour les familles<\/strong><\/p>\n<ul>\n<li>Am\u00e9liorer les capacit\u00e9s de nos plateformes en ligne pour mieux servir nos clients<\/li>\n<li>Exploiter les donn\u00e9es pour am\u00e9liorer la qualit\u00e9 de service et l\u2019exp\u00e9rience client tout en respectant la vie priv\u00e9e<\/li>\n<li>R\u00e9duire les listes d\u2019attente des services tout en instaurant des m\u00e9canismes de soutien provisoires<\/li>\n<li>Optimiser les processus dans tous les domaines de service (avec l\u2019aide de la technologie, le cas \u00e9ch\u00e9ant et dans la mesure du possible)\n<li>\u00c9tablir une synergie avec le minist\u00e8re des Services \u00e0 l\u2019enfance et des Services sociaux et communautaires (MSESSC) et les partenaires\n<li>communautaires pour assurer un placement efficace des b\u00e9n\u00e9ficiaires de services<\/li>\n<li>Renforcer l\u2019engagement des clients gr\u00e2ce \u00e0 des canaux de r\u00e9troaction efficaces<\/li>\n<li>Mettre \u00e0 jour nos m\u00e9thodes pour mieux comprendre les objectifs des personnes et des familles que nous soutenons<\/li>\n<\/ul>\n<\/div><\/div>\n<div class=\"su-column su-column-size-1-3\"><div class=\"su-column-inner su-u-clearfix su-u-trim\">\n<h3 style=\"margin-top: 40px;\">Priorit\u00e9 cl\u00e9 2: Employ\u00e9s<\/h3>\n<p><img loading=\"lazy\" decoding=\"async\" style=\"border-radius: 0px 50px 0px 50px; border: 5px solid #dd8e27; margin-top: 0px; margin-bottom: 20px;\" src=\"https:\/\/dev.scsonline.ca\/wp-content\/uploads\/2024\/01\/Employees.jpg\" alt=\"Employ\u00e9s de SCS\" width=\"400\" height=\"250\" \/><br \/>\n<strong>Nos employ\u00e9s sont parfaitement \u00e9quip\u00e9s pour soutenir nos clients<\/strong><\/p>\n<ul>\n<li>\u00c9laborer un plan de rel\u00e8ve complet pour les r\u00f4les cl\u00e9s<\/li>\n<li>Favoriser une \u00e9thique organisationnelle propice \u00e0 une prestation de services de qualit\u00e9 sup\u00e9rieure<\/li>\n<li>Diffuser une proposition de valeur partag\u00e9e au sein de SCS<\/li>\n<li>Int\u00e9grer profond\u00e9ment la diversit\u00e9, l\u2019\u00e9quit\u00e9, l\u2019inclusion et l\u2019appartenance comme \u00e9l\u00e9ments intrins\u00e8ques \u00e0 notre identit\u00e9 et \u00e0 notre culture<\/li>\n<li>D\u00e9finir des attentes claires et des voies de croissance pour les postes de direction<\/li>\n<li>Maintenir une r\u00e9mun\u00e9ration concurrentielle gr\u00e2ce \u00e0 un solide cadre de gestion du rendement<\/li>\n<li>Promouvoir une culture d\u2019excellence op\u00e9rationnelle et faire participer l\u2019ensemble du personnel \u00e0 la cr\u00e9ation d\u2019un milieu de travail hautement efficace<\/li>\n<\/ul>\n<\/div><\/div>\n<div class=\"su-column su-column-size-1-3\"><div class=\"su-column-inner su-u-clearfix su-u-trim\">\n<h3 style=\"margin-top: 40px;\">Priorit\u00e9 cl\u00e9 3: En qu\u00eate d\u2019appartenance<\/h3>\n<p><img loading=\"lazy\" decoding=\"async\" style=\"border-radius: 0px 50px 0px 50px; border: 5px solid #02627e; margin-top: 0px; margin-bottom: 20px;\" src=\"https:\/\/dev.scsonline.ca\/wp-content\/uploads\/2024\/01\/Journey-to-Belonging.jpg\" alt=\"Une cliente avec une employ\u00e9e de SCS\" width=\"400\" height=\"250\" \/><br \/>\n<strong>En suivant cette vision m\u00fbrement r\u00e9fl\u00e9chie, nos clients et nos employ\u00e9s ont les meilleures chances de r\u00e9ussite<\/strong><\/p>\n<ul>\n<li>Affiner notre compr\u00e9hension des besoins, des d\u00e9sirs et des capacit\u00e9s uniques des personnes et des familles que nous soutenons <\/li>\n<li>Nous positionner en tant que leaders strat\u00e9giques pour catalyser l\u2019am\u00e9lioration de la disponibilit\u00e9 des services dans l\u2019ensemble de la r\u00e9gion d\u2019Ottawa<\/li>\n<li>\u00c9tudier des mod\u00e8les de gestion de cas dans d\u2019autres r\u00e9gions pour am\u00e9liorer nos propres services<\/li>\n<li>Faciliter la collaboration qui permet aux autres de saisir les occasions pr\u00e9sent\u00e9es par le paysage en \u00e9volution et d\u2019expliquer le paysage changeant \u00e0 nos clients<\/li>\n<li>Renforcer la sensibilisation de nos clients et gagner leur confiance<\/li>\n<li>Positionner SCS comme leader strat\u00e9gique de l\u2019innovation en appuyant une plus grande disponibilit\u00e9 des services dans la grande r\u00e9gion d\u2019Ottawa.<\/li>\n<\/ul>\n<\/div><\/div>\n<\/div>\nVeuillez consulter notre plan strat\u00e9gique complet pour en savoir plus sur les r\u00e9sultats attendus de nos priorit\u00e9s cl\u00e9s.<\/p>\n<h3 style=\"margin-top: 40px;\">R\u00e9sultat final<\/h3>\n<p>En suivant ces trois priorit\u00e9s, nous pensons ouvrir la voie \u00e0 un avenir plus inclusif.","protected":false},"excerpt":{"rendered":"<p>Plan strat\u00e9gique 2023-2028 Cette page offre des renseignements sur notre plan strat\u00e9gique 2023-2028. Vous pouvez consulter notre plan strat\u00e9gique complet ici Nous nous effor\u00e7ons de rendre le contenu de notre site accessible \u00e0 tous. Si vous avez des difficult\u00e9s \u00e0 comprendre les renseignements figurant sur cette page ou dans notre plan strat\u00e9gique, veuillez nous contacter &hellip; <a href=\"https:\/\/dev.scsonline.ca\/fr\/strategy\/\" class=\"more-link\">Continuer la lecture de <span class=\"screen-reader-text\">Plan strat\u00e9gique 2023-2028<\/span> <span class=\"meta-nav\">&rarr;<\/span><\/a><\/p>\n","protected":false},"author":14,"featured_media":0,"parent":0,"menu_order":0,"comment_status":"closed","ping_status":"closed","template":"","meta":{"om_disable_all_campaigns":false,"_monsterinsights_skip_tracking":false,"_monsterinsights_sitenote_active":false,"_monsterinsights_sitenote_note":"","_monsterinsights_sitenote_category":0,"_uf_show_specific_survey":0,"_uf_disable_surveys":false,"footnotes":""},"class_list":["post-36825","page","type-page","status-publish","hentry"],"_links":{"self":[{"href":"https:\/\/dev.scsonline.ca\/fr\/wp-json\/wp\/v2\/pages\/36825","targetHints":{"allow":["GET"]}}],"collection":[{"href":"https:\/\/dev.scsonline.ca\/fr\/wp-json\/wp\/v2\/pages"}],"about":[{"href":"https:\/\/dev.scsonline.ca\/fr\/wp-json\/wp\/v2\/types\/page"}],"author":[{"embeddable":true,"href":"https:\/\/dev.scsonline.ca\/fr\/wp-json\/wp\/v2\/users\/14"}],"replies":[{"embeddable":true,"href":"https:\/\/dev.scsonline.ca\/fr\/wp-json\/wp\/v2\/comments?post=36825"}],"version-history":[{"count":29,"href":"https:\/\/dev.scsonline.ca\/fr\/wp-json\/wp\/v2\/pages\/36825\/revisions"}],"predecessor-version":[{"id":39820,"href":"https:\/\/dev.scsonline.ca\/fr\/wp-json\/wp\/v2\/pages\/36825\/revisions\/39820"}],"wp:attachment":[{"href":"https:\/\/dev.scsonline.ca\/fr\/wp-json\/wp\/v2\/media?parent=36825"}],"curies":[{"name":"wp","href":"https:\/\/api.w.org\/{rel}","templated":true}]}}