{"id":35848,"date":"2023-08-04T14:21:07","date_gmt":"2023-08-04T18:21:07","guid":{"rendered":"https:\/\/dev.scsonline.ca\/?page_id=35848"},"modified":"2023-11-24T13:35:03","modified_gmt":"2023-11-24T18:35:03","slug":"sheri-mayhew","status":"publish","type":"page","link":"https:\/\/dev.scsonline.ca\/fr\/about-us\/board-of-directors\/sheri-mayhew\/","title":{"rendered":"Sheri Mayhew"},"content":{"rendered":"<h1>Sheri Mayhew<\/h1>\n<p><strong>Membre du conseil d\u2019administration de SCS depuis juin 2022<\/strong><\/p>\n<p>Sheri Mayhew est une chef de file pers\u00e9v\u00e9rante, sympathique, et impliqu\u00e9e au sein de la collectivit\u00e9 dans les domaines de la sant\u00e9 mentale et de l\u2019\u00e9ducation. Elle occupe actuellement le poste de directrice associ\u00e9e du programme \u00e0 la City University au Canada, tout en occupant le poste de directrice du Centre de ressources de l\u2019est de l\u2019Ontario \u00e0 la Soci\u00e9t\u00e9 Huntington du Canada. La passion in\u00e9branlable de Sheri d\u2019aider les autres est sa motivation quotidienne, et elle trouve de la joie \u00e0 passer du temps avec sa famille, ses amis et son chien!<\/p>\n<p>Dans le domaine de l\u2019\u00e9ducation, Sheri est une apprenante permanente qui a obtenu son doctorat en leadership \u00e9ducatif. Dans la th\u00e8se qu\u2019elle a soutenue, elle a mis en valeur son expertise dans l\u2019\u00e9laboration d\u2019un mod\u00e8le am\u00e9lior\u00e9 de prestation de services de gestion de cas pour les personnes ayant une d\u00e9ficience intellectuelle et des probl\u00e8mes de sant\u00e9 mentale.<\/p>\n<p>Forte de plus de 20 ans d\u2019exp\u00e9rience dans des postes de direction de plus en plus \u00e9lev\u00e9s dans les secteurs \u00e0 but non lucratif, hospitalier, municipal et de l\u2019\u00e9ducation, Sheri a perfectionn\u00e9 ses comp\u00e9tences en tant que leader participative, servante et transformationnelle. Son style d\u2019enseignement, son approche du leadership et son soutien aux personnes atteintes de troubles neurocognitifs sont tous ancr\u00e9s dans une philosophie fond\u00e9e sur les forces.<\/p>\n<p>Le cheminement de carri\u00e8re de Sheri comprend des postes importants comme celui de th\u00e9rapeute en r\u00e9adaptation comportementale dans le programme des l\u00e9sions c\u00e9r\u00e9brales acquises et de gestionnaire de cas de premi\u00e8re ligne \u00e0 l\u2019Association canadienne pour la sant\u00e9 mentale (ACSM) \u00e0 Ottawa. Elle est ensuite devenue gestionnaire du programme de diagnostic double \u00e0 l\u2019ACSM, ainsi que coordonnatrice des programmes de diagnostic double \u00e0 l\u2019h\u00f4pital St. Joseph\u2019s de London. L\u2019expertise en leadership de Sheri s\u2019est \u00e9tendue \u00e0 la gestion strat\u00e9gique au sein des services sociaux de la Ville de London.<\/p>\n<p>Au-del\u00e0 de ses activit\u00e9s professionnelles, Sheri est une b\u00e9n\u00e9vole communautaire active. Elle a occup\u00e9 le poste de vice-pr\u00e9sidente du conseil d\u2019administration de la Learning Disabilities Association \u2013 r\u00e9gion de London. Son avenir implique une participation active du conseil d\u2019administration \u00e0 ConnexOntario. Sa compr\u00e9hension approfondie des lois, des r\u00e8glements et des processus d\u2019am\u00e9lioration continue est assur\u00e9e avec une int\u00e9grit\u00e9, une authenticit\u00e9 et une ferveur in\u00e9branlables. Sheri demeure d\u00e9termin\u00e9e \u00e0 appliquer ses comp\u00e9tences, ses connaissances et son \u00e9ducation pour soutenir les populations vuln\u00e9rables au sein de sa communaut\u00e9. Elle est ravie de faire partie du Conseil d\u2019administration de SCS et a h\u00e2te de travailler avec cette \u00e9quipe.<br \/>","protected":false},"excerpt":{"rendered":"<p>Sheri Mayhew Membre du conseil d\u2019administration de SCS depuis juin 2022 Sheri Mayhew est une chef de file pers\u00e9v\u00e9rante, sympathique, et impliqu\u00e9e au sein de la collectivit\u00e9 dans les domaines de la sant\u00e9 mentale et de l\u2019\u00e9ducation. Elle occupe actuellement le poste de directrice associ\u00e9e du programme \u00e0 la City University au Canada, tout en &hellip; <a href=\"https:\/\/dev.scsonline.ca\/fr\/about-us\/board-of-directors\/sheri-mayhew\/\" class=\"more-link\">Continuer la lecture de <span class=\"screen-reader-text\">Sheri Mayhew<\/span> <span class=\"meta-nav\">&rarr;<\/span><\/a><\/p>\n","protected":false},"author":14,"featured_media":0,"parent":146,"menu_order":0,"comment_status":"closed","ping_status":"closed","template":"","meta":{"om_disable_all_campaigns":false,"_monsterinsights_skip_tracking":false,"_monsterinsights_sitenote_active":false,"_monsterinsights_sitenote_note":"","_monsterinsights_sitenote_category":0,"_uf_show_specific_survey":0,"_uf_disable_surveys":false,"footnotes":""},"class_list":["post-35848","page","type-page","status-publish","hentry"],"_links":{"self":[{"href":"https:\/\/dev.scsonline.ca\/fr\/wp-json\/wp\/v2\/pages\/35848","targetHints":{"allow":["GET"]}}],"collection":[{"href":"https:\/\/dev.scsonline.ca\/fr\/wp-json\/wp\/v2\/pages"}],"about":[{"href":"https:\/\/dev.scsonline.ca\/fr\/wp-json\/wp\/v2\/types\/page"}],"author":[{"embeddable":true,"href":"https:\/\/dev.scsonline.ca\/fr\/wp-json\/wp\/v2\/users\/14"}],"replies":[{"embeddable":true,"href":"https:\/\/dev.scsonline.ca\/fr\/wp-json\/wp\/v2\/comments?post=35848"}],"version-history":[{"count":4,"href":"https:\/\/dev.scsonline.ca\/fr\/wp-json\/wp\/v2\/pages\/35848\/revisions"}],"predecessor-version":[{"id":36520,"href":"https:\/\/dev.scsonline.ca\/fr\/wp-json\/wp\/v2\/pages\/35848\/revisions\/36520"}],"up":[{"embeddable":true,"href":"https:\/\/dev.scsonline.ca\/fr\/wp-json\/wp\/v2\/pages\/146"}],"wp:attachment":[{"href":"https:\/\/dev.scsonline.ca\/fr\/wp-json\/wp\/v2\/media?parent=35848"}],"curies":[{"name":"wp","href":"https:\/\/api.w.org\/{rel}","templated":true}]}}