{"id":35843,"date":"2023-08-04T14:17:18","date_gmt":"2023-08-04T18:17:18","guid":{"rendered":"https:\/\/dev.scsonline.ca\/?page_id=35843"},"modified":"2023-11-24T13:33:22","modified_gmt":"2023-11-24T18:33:22","slug":"kirsten-gallacher-paquette","status":"publish","type":"page","link":"https:\/\/dev.scsonline.ca\/fr\/about-us\/board-of-directors\/kirsten-gallacher-paquette\/","title":{"rendered":"Kirsten Gallacher-Paquette"},"content":{"rendered":"<h1>Kirsten Gallacher-Paquette<\/h1>\n<p><strong>Membre du Conseil d\u2019administration de SCS depuis juin 2023<\/strong><\/p>\n<p>Kirsten Gallacher-Paquette est une dirigeante de People &#038; Culture et fondatrice de CONNECT Associates \u2013 sp\u00e9cialis\u00e9 dans le leadership d\u2019affaires fractionnel et la recherche cibl\u00e9e. Elle poss\u00e8de un sens aigu des affaires, acquis gr\u00e2ce \u00e0 une vaste exp\u00e9rience de partenariat avec des dirigeants d\u2019entreprise et des membres du conseil d\u2019administration. La capacit\u00e9 de Kirsten \u00e0 \u00e9laborer des strat\u00e9gies progressistes en mati\u00e8re de ressources humaines pour concevoir et maintenir en poste des \u00e9quipes tr\u00e8s engag\u00e9es a consid\u00e9rablement contribu\u00e9 \u00e0 aider de nombreuses organisations \u00e0 atteindre et \u00e0 d\u00e9passer leurs objectifs strat\u00e9giques. Sa carri\u00e8re et sa pratique de consultation s\u2019\u00e9tendent \u00e0 un large \u00e9ventail d\u2019organisations, notamment des soci\u00e9t\u00e9s priv\u00e9es, des soci\u00e9t\u00e9s cot\u00e9es en bourse et des organismes \u00e0 but non lucratif. Les connaissances du secteur acquises dans divers environnements r\u00e9glement\u00e9s, notamment une organisation mondiale de premier plan en mati\u00e8re d\u2019identit\u00e9 et de paiements, des services financiers et d\u2019autres organisations technologiques ax\u00e9es sur l\u2019identit\u00e9 num\u00e9rique et la protection des renseignements personnels, ont fait d\u2019elle une experte en conseil et en conformit\u00e9 aux r\u00e9glementations l\u00e9gislatives pertinentes. En plus de sa vaste exp\u00e9rience de travail, sa passion pour redonner aux communaut\u00e9s l\u2019a amen\u00e9e \u00e0 faire du b\u00e9n\u00e9volat au Laboratoire d\u2019innovation de l\u2019Universit\u00e9 d\u2019Ottawa, au KN-BIA HR Leadership Council, \u00e0 Shelter Movers, au Ottawa Community Immigrant Service, ainsi qu\u2019\u00e0 plusieurs programmes communautaires ax\u00e9s sur la croissance et le d\u00e9veloppement des enfants.<br \/>","protected":false},"excerpt":{"rendered":"<p>Kirsten Gallacher-Paquette Membre du Conseil d\u2019administration de SCS depuis juin 2023 Kirsten Gallacher-Paquette est une dirigeante de People &#038; Culture et fondatrice de CONNECT Associates \u2013 sp\u00e9cialis\u00e9 dans le leadership d\u2019affaires fractionnel et la recherche cibl\u00e9e. Elle poss\u00e8de un sens aigu des affaires, acquis gr\u00e2ce \u00e0 une vaste exp\u00e9rience de partenariat avec des dirigeants d\u2019entreprise &hellip; <a href=\"https:\/\/dev.scsonline.ca\/fr\/about-us\/board-of-directors\/kirsten-gallacher-paquette\/\" class=\"more-link\">Continuer la lecture de <span class=\"screen-reader-text\">Kirsten Gallacher-Paquette<\/span> <span class=\"meta-nav\">&rarr;<\/span><\/a><\/p>\n","protected":false},"author":14,"featured_media":0,"parent":146,"menu_order":0,"comment_status":"closed","ping_status":"closed","template":"","meta":{"om_disable_all_campaigns":false,"_monsterinsights_skip_tracking":false,"_monsterinsights_sitenote_active":false,"_monsterinsights_sitenote_note":"","_monsterinsights_sitenote_category":0,"_uf_show_specific_survey":0,"_uf_disable_surveys":false,"footnotes":""},"class_list":["post-35843","page","type-page","status-publish","hentry"],"_links":{"self":[{"href":"https:\/\/dev.scsonline.ca\/fr\/wp-json\/wp\/v2\/pages\/35843","targetHints":{"allow":["GET"]}}],"collection":[{"href":"https:\/\/dev.scsonline.ca\/fr\/wp-json\/wp\/v2\/pages"}],"about":[{"href":"https:\/\/dev.scsonline.ca\/fr\/wp-json\/wp\/v2\/types\/page"}],"author":[{"embeddable":true,"href":"https:\/\/dev.scsonline.ca\/fr\/wp-json\/wp\/v2\/users\/14"}],"replies":[{"embeddable":true,"href":"https:\/\/dev.scsonline.ca\/fr\/wp-json\/wp\/v2\/comments?post=35843"}],"version-history":[{"count":4,"href":"https:\/\/dev.scsonline.ca\/fr\/wp-json\/wp\/v2\/pages\/35843\/revisions"}],"predecessor-version":[{"id":36514,"href":"https:\/\/dev.scsonline.ca\/fr\/wp-json\/wp\/v2\/pages\/35843\/revisions\/36514"}],"up":[{"embeddable":true,"href":"https:\/\/dev.scsonline.ca\/fr\/wp-json\/wp\/v2\/pages\/146"}],"wp:attachment":[{"href":"https:\/\/dev.scsonline.ca\/fr\/wp-json\/wp\/v2\/media?parent=35843"}],"curies":[{"name":"wp","href":"https:\/\/api.w.org\/{rel}","templated":true}]}}