{"id":35839,"date":"2023-08-04T14:14:26","date_gmt":"2023-08-04T18:14:26","guid":{"rendered":"https:\/\/dev.scsonline.ca\/?page_id=35839"},"modified":"2024-02-02T08:02:17","modified_gmt":"2024-02-02T13:02:17","slug":"jared-kitcher","status":"publish","type":"page","link":"https:\/\/dev.scsonline.ca\/fr\/about-us\/board-of-directors\/jared-kitcher\/","title":{"rendered":"Jared Kitcher"},"content":{"rendered":"<h1>Jared Kitcher<\/h1>\n<p><strong>Membre du Conseil d\u2019administration de SCS depuis 2022<\/strong><\/p>\n<p>Jared Kitcher est directeur, Architecture d\u2019entreprise \u00e0 Paiements Canada., o\u00f9 il assure le leadership en ce qui a trait aux futures capacit\u00e9s de TI n\u00e9cessaires pour atteindre les objectifs op\u00e9rationnels de Paiements Canada. Jared est un leader chevronn\u00e9 en technologie qui fournit une expertise et une vision strat\u00e9gique sur les impacts de l\u2019\u00e9volution du paysage technologique pour les clients, les employ\u00e9s et l\u2019ensemble de l\u2019organisation. Tout au long de sa carri\u00e8re, Jared a \u00e9t\u00e9 responsable de la prestation de solutions technologiques et de strat\u00e9gies de TI complexes et de grande envergure qui fournissent le soutien sous-jacent aux grandes transformations commerciales. <\/p>\n<p>Jared a agi \u00e0 titre de chef du comit\u00e9 des entreprises citoyennes pour le bureau local d\u2019une grande organisation de consultation, a dirig\u00e9 plusieurs campagnes de Centraide et fait actuellement du b\u00e9n\u00e9volat pour de nombreuses organisations. Jared a d\u00e9j\u00e0 \u00e9t\u00e9 tr\u00e9sorier, secr\u00e9taire, vice-pr\u00e9sident et pr\u00e9sident dans le cadre de son travail aupr\u00e8s d\u2019organismes \u00e0 but non lucratif et communautaires.<br \/>","protected":false},"excerpt":{"rendered":"<p>Jared Kitcher Membre du Conseil d\u2019administration de SCS depuis 2022 Jared Kitcher est directeur, Architecture d\u2019entreprise \u00e0 Paiements Canada., o\u00f9 il assure le leadership en ce qui a trait aux futures capacit\u00e9s de TI n\u00e9cessaires pour atteindre les objectifs op\u00e9rationnels de Paiements Canada. Jared est un leader chevronn\u00e9 en technologie qui fournit une expertise et &hellip; <a href=\"https:\/\/dev.scsonline.ca\/fr\/about-us\/board-of-directors\/jared-kitcher\/\" class=\"more-link\">Continuer la lecture de <span class=\"screen-reader-text\">Jared Kitcher<\/span> <span class=\"meta-nav\">&rarr;<\/span><\/a><\/p>\n","protected":false},"author":14,"featured_media":0,"parent":146,"menu_order":0,"comment_status":"closed","ping_status":"closed","template":"","meta":{"om_disable_all_campaigns":false,"_monsterinsights_skip_tracking":false,"_monsterinsights_sitenote_active":false,"_monsterinsights_sitenote_note":"","_monsterinsights_sitenote_category":0,"_uf_show_specific_survey":0,"_uf_disable_surveys":false,"footnotes":""},"class_list":["post-35839","page","type-page","status-publish","hentry"],"_links":{"self":[{"href":"https:\/\/dev.scsonline.ca\/fr\/wp-json\/wp\/v2\/pages\/35839","targetHints":{"allow":["GET"]}}],"collection":[{"href":"https:\/\/dev.scsonline.ca\/fr\/wp-json\/wp\/v2\/pages"}],"about":[{"href":"https:\/\/dev.scsonline.ca\/fr\/wp-json\/wp\/v2\/types\/page"}],"author":[{"embeddable":true,"href":"https:\/\/dev.scsonline.ca\/fr\/wp-json\/wp\/v2\/users\/14"}],"replies":[{"embeddable":true,"href":"https:\/\/dev.scsonline.ca\/fr\/wp-json\/wp\/v2\/comments?post=35839"}],"version-history":[{"count":8,"href":"https:\/\/dev.scsonline.ca\/fr\/wp-json\/wp\/v2\/pages\/35839\/revisions"}],"predecessor-version":[{"id":36952,"href":"https:\/\/dev.scsonline.ca\/fr\/wp-json\/wp\/v2\/pages\/35839\/revisions\/36952"}],"up":[{"embeddable":true,"href":"https:\/\/dev.scsonline.ca\/fr\/wp-json\/wp\/v2\/pages\/146"}],"wp:attachment":[{"href":"https:\/\/dev.scsonline.ca\/fr\/wp-json\/wp\/v2\/media?parent=35839"}],"curies":[{"name":"wp","href":"https:\/\/api.w.org\/{rel}","templated":true}]}}