{"id":29878,"date":"2021-07-20T07:44:58","date_gmt":"2021-07-20T15:44:58","guid":{"rendered":"https:\/\/dev.scsonline.ca\/?page_id=29878"},"modified":"2023-11-24T13:34:38","modified_gmt":"2023-11-24T18:34:38","slug":"neeta-gurnani","status":"publish","type":"page","link":"https:\/\/dev.scsonline.ca\/fr\/about-us\/board-of-directors\/neeta-gurnani\/","title":{"rendered":"Neeta Gurnani"},"content":{"rendered":"<h1>Neeta Gurnani<\/h1>\n<p><strong>Membre du Conseil d\u2019administration de SCS depuis 2021<\/strong><\/p>\n<p>Neeta Gurnani poss\u00e8de de l\u2019exp\u00e9rience en am\u00e9lioration de la qualit\u00e9 et en \u00e9laboration de normes dans le secteur de la sant\u00e9 et des services sociaux. Neeta est passionn\u00e9e par la conception et le renforcement de syst\u00e8mes qui aident les personnes, les familles et les communaut\u00e9s \u00e0 atteindre et \u00e0 maintenir les r\u00e9sultats souhait\u00e9s, en mettant l\u2019accent sur les personnes qui sont confront\u00e9es aux plus grands risques et obstacles.","protected":false},"excerpt":{"rendered":"<p>Neeta Gurnani Membre du Conseil d\u2019administration de SCS depuis 2021 Neeta Gurnani poss\u00e8de de l\u2019exp\u00e9rience en am\u00e9lioration de la qualit\u00e9 et en \u00e9laboration de normes dans le secteur de la sant\u00e9 et des services sociaux. Neeta est passionn\u00e9e par la conception et le renforcement de syst\u00e8mes qui aident les personnes, les familles et les communaut\u00e9s &hellip; <a href=\"https:\/\/dev.scsonline.ca\/fr\/about-us\/board-of-directors\/neeta-gurnani\/\" class=\"more-link\">Continuer la lecture de <span class=\"screen-reader-text\">Neeta Gurnani<\/span> <span class=\"meta-nav\">&rarr;<\/span><\/a><\/p>\n","protected":false},"author":14,"featured_media":0,"parent":146,"menu_order":0,"comment_status":"closed","ping_status":"closed","template":"","meta":{"om_disable_all_campaigns":false,"_monsterinsights_skip_tracking":false,"_monsterinsights_sitenote_active":false,"_monsterinsights_sitenote_note":"","_monsterinsights_sitenote_category":0,"_uf_show_specific_survey":0,"_uf_disable_surveys":false,"footnotes":""},"class_list":["post-29878","page","type-page","status-publish","hentry"],"_links":{"self":[{"href":"https:\/\/dev.scsonline.ca\/fr\/wp-json\/wp\/v2\/pages\/29878","targetHints":{"allow":["GET"]}}],"collection":[{"href":"https:\/\/dev.scsonline.ca\/fr\/wp-json\/wp\/v2\/pages"}],"about":[{"href":"https:\/\/dev.scsonline.ca\/fr\/wp-json\/wp\/v2\/types\/page"}],"author":[{"embeddable":true,"href":"https:\/\/dev.scsonline.ca\/fr\/wp-json\/wp\/v2\/users\/14"}],"replies":[{"embeddable":true,"href":"https:\/\/dev.scsonline.ca\/fr\/wp-json\/wp\/v2\/comments?post=29878"}],"version-history":[{"count":6,"href":"https:\/\/dev.scsonline.ca\/fr\/wp-json\/wp\/v2\/pages\/29878\/revisions"}],"predecessor-version":[{"id":36518,"href":"https:\/\/dev.scsonline.ca\/fr\/wp-json\/wp\/v2\/pages\/29878\/revisions\/36518"}],"up":[{"embeddable":true,"href":"https:\/\/dev.scsonline.ca\/fr\/wp-json\/wp\/v2\/pages\/146"}],"wp:attachment":[{"href":"https:\/\/dev.scsonline.ca\/fr\/wp-json\/wp\/v2\/media?parent=29878"}],"curies":[{"name":"wp","href":"https:\/\/api.w.org\/{rel}","templated":true}]}}