{"id":29304,"date":"2021-04-14T07:59:46","date_gmt":"2021-04-14T15:59:46","guid":{"rendered":"https:\/\/dev.scsonline.ca\/?page_id=29304"},"modified":"2025-01-16T09:35:36","modified_gmt":"2025-01-16T14:35:36","slug":"my-search-tool","status":"publish","type":"page","link":"https:\/\/dev.scsonline.ca\/fr\/resources\/my-search-tool\/","title":{"rendered":"Mon outil de recherche"},"content":{"rendered":"<h1>Mon outil de recherche<\/h1>\n<p><strong>Vous pouvez acc\u00e9der \u00e0 Mon outil de recherche \u00e0 <a href=\"https:\/\/search.scsonline.ca\/rechercher\/\" target=\"_blank\" rel=\"noopener noreferrer\">search.scsonline.ca\/rechercher<\/a> pour trouver des ressources et services pr\u00e8s de vous dans la r\u00e9gion d&#8217;Ottawa!<\/strong><\/p>\n<div class=\"su-button-center\"><a href=\"https:\/\/search.scsonline.ca\/rechercher\/\" class=\"su-button su-button-style-glass su-button-wide\" style=\"color:#FFFFFF;background-color:#0072d7;border-color:#005cac;border-radius:12px\" target=\"_blank\" rel=\"noopener noreferrer\"><span style=\"color:#FFFFFF;padding:0px 30px;font-size:22px;line-height:44px;border-color:#4d9de3;border-radius:12px;text-shadow:none\"> Mon outil de recherche est disponible ici<\/span><\/a><\/div>\n<hr \/>\n<div style=\"text-align: center; margin-bottom: 20px;\"><a href=\"https:\/\/search.scsonline.ca\/rechercher\/\" rel=\"noopener\" target=\"_blank\"><img loading=\"lazy\" decoding=\"async\" src=\"https:\/\/dev.scsonline.ca\/wp-content\/uploads\/2021\/04\/Search-tools-icon_Web.png\" alt=\"image d\u00e9signant Mon outil de recherche\" width=\"150\" height=\"150\" \/><\/a><br \/>\n<strong>Mon outil de recherche<\/strong><\/div>\n<p>Mon outil de recherche est une biblioth\u00e8que en ligne de ressources et de services disponibles dans votre r\u00e9gion pour les enfants et les adultes ayant une d\u00e9ficience intellectuelle ou un trouble du spectre de l&#8217;autisme. Vous pouvez effectuer une recherche par sujet, endroit, \u00e2ge ou distance par rapport \u00e0 votre lieu de r\u00e9sidence.<\/p>\n<p>Nous travaillons actuellement \u00e0 ajouter les comt\u00e9s unis de Stormont, de Dundas et de Glengarry,les comt\u00e9s unis de Prescott et de Russell ainsi que le comt\u00e9 de Renfrew.<\/p>\n<hr \/>\n<div class=\"su-row\"><div class=\"su-column su-column-size-1-2\"><div class=\"su-column-inner su-u-clearfix su-u-trim\">\n<h2 style=\"color: #065c82;\">1. Recherche par sujet<\/h2>\n<p><img loading=\"lazy\" decoding=\"async\" class=\"alignnone size-full wp-image-28149\" style=\"padding: 40px;\" src=\"https:\/\/dev.scsonline.ca\/wp-content\/uploads\/2021\/04\/Recherche-par-sujet.png\" alt=\"\" width=\"599\" height=\"400\" \/><br \/>\n<\/div><\/div>\n<div class=\"su-column su-column-size-1-2\"><div class=\"su-column-inner su-u-clearfix su-u-trim\">\n<h2 style=\"color: #065c82;\">2. Recherche par endroit<\/h2>\n<p><img loading=\"lazy\" decoding=\"async\" class=\"alignnone size-full wp-image-28150\" style=\"margin-bottom: 20px; padding: 40px;\" src=\"https:\/\/dev.scsonline.ca\/wp-content\/uploads\/2021\/04\/Search-by-Location.png\" alt=\"\" width=\"500\" height=\"242\" \/><br \/>\n<\/div><\/div><\/div>\n<div class=\"su-row\"><div class=\"su-column su-column-size-1-2\"><div class=\"su-column-inner su-u-clearfix su-u-trim\">\n<h2 style=\"color: #065c82;\">3. Recherche par \u00e2ge<\/h2>\n<p><img loading=\"lazy\" decoding=\"async\" class=\"alignnone size-full wp-image-28151\" style=\"margin-bottom: 20px; padding: 40px;\" src=\"https:\/\/dev.scsonline.ca\/wp-content\/uploads\/2021\/04\/Search-by-age.png\" alt=\"\" width=\"500\" height=\"116\" \/><br \/>\n<\/div><\/div>\n<div class=\"su-column su-column-size-1-2\"><div class=\"su-column-inner su-u-clearfix su-u-trim\">\n<h2 style=\"color: #065c82;\">4. Recherche par distance<\/h2>\n<p><img loading=\"lazy\" decoding=\"async\" class=\"alignnone size-full wp-image-28152\" style=\"margin-bottom: 20px; padding: 40px;\" src=\"https:\/\/dev.scsonline.ca\/wp-content\/uploads\/2021\/04\/Recherche-par-distance.png\" alt=\"\" width=\"500\" height=\"128\" \/><br \/>\n<\/div><\/div><\/div>\n<hr \/>","protected":false},"excerpt":{"rendered":"<p>Mon outil de recherche Vous pouvez acc\u00e9der \u00e0 Mon outil de recherche \u00e0 search.scsonline.ca\/rechercher pour trouver des ressources et services pr\u00e8s de vous dans la r\u00e9gion d&#8217;Ottawa! Mon outil de recherche Mon outil de recherche est une biblioth\u00e8que en ligne de ressources et de services disponibles dans votre r\u00e9gion pour les enfants et les adultes &hellip; <a href=\"https:\/\/dev.scsonline.ca\/fr\/resources\/my-search-tool\/\" class=\"more-link\">Continuer la lecture de <span class=\"screen-reader-text\">Mon outil de recherche<\/span> <span class=\"meta-nav\">&rarr;<\/span><\/a><\/p>\n","protected":false},"author":14,"featured_media":0,"parent":168,"menu_order":3,"comment_status":"closed","ping_status":"closed","template":"","meta":{"om_disable_all_campaigns":false,"_monsterinsights_skip_tracking":false,"_monsterinsights_sitenote_active":false,"_monsterinsights_sitenote_note":"","_monsterinsights_sitenote_category":0,"_uf_show_specific_survey":0,"_uf_disable_surveys":false,"footnotes":""},"class_list":["post-29304","page","type-page","status-publish","hentry"],"_links":{"self":[{"href":"https:\/\/dev.scsonline.ca\/fr\/wp-json\/wp\/v2\/pages\/29304","targetHints":{"allow":["GET"]}}],"collection":[{"href":"https:\/\/dev.scsonline.ca\/fr\/wp-json\/wp\/v2\/pages"}],"about":[{"href":"https:\/\/dev.scsonline.ca\/fr\/wp-json\/wp\/v2\/types\/page"}],"author":[{"embeddable":true,"href":"https:\/\/dev.scsonline.ca\/fr\/wp-json\/wp\/v2\/users\/14"}],"replies":[{"embeddable":true,"href":"https:\/\/dev.scsonline.ca\/fr\/wp-json\/wp\/v2\/comments?post=29304"}],"version-history":[{"count":31,"href":"https:\/\/dev.scsonline.ca\/fr\/wp-json\/wp\/v2\/pages\/29304\/revisions"}],"predecessor-version":[{"id":39495,"href":"https:\/\/dev.scsonline.ca\/fr\/wp-json\/wp\/v2\/pages\/29304\/revisions\/39495"}],"up":[{"embeddable":true,"href":"https:\/\/dev.scsonline.ca\/fr\/wp-json\/wp\/v2\/pages\/168"}],"wp:attachment":[{"href":"https:\/\/dev.scsonline.ca\/fr\/wp-json\/wp\/v2\/media?parent=29304"}],"curies":[{"name":"wp","href":"https:\/\/api.w.org\/{rel}","templated":true}]}}