{"id":29229,"date":"2021-04-08T06:36:52","date_gmt":"2021-04-08T10:36:52","guid":{"rendered":"https:\/\/dev.scsonline.ca\/?page_id=29229"},"modified":"2023-11-17T09:35:16","modified_gmt":"2023-11-17T14:35:16","slug":"assistance-for-children-with-severe-disabilities-acsd-application-form","status":"publish","type":"page","link":"https:\/\/dev.scsonline.ca\/fr\/instructional-videos\/assistance-for-children-with-severe-disabilities-acsd-application-form\/","title":{"rendered":"Formulaire de demande pour le programme d\u2019Aide \u00e0 l\u2019\u00e9gard d\u2019un enfant qui a un handicap grave (AEHG)"},"content":{"rendered":"<h1>Demande pour le programme d\u2019Aide \u00e0 l\u2019\u00e9gard d\u2019un enfant qui a un handicap grave (AEHG)<\/h1>\n<p><strong>Pour le moment, il n\u2019y a pas de vid\u00e9o d\u2019instruction en fran\u00e7ais pour compl\u00e9ter une demande pour le programme d\u2019Aide \u00e0 l\u2019\u00e9gard d\u2019un enfant qui a un handicap grave (AEHG). Vous pouvez regarder la vid\u00e9o en anglais \u00e0 ce lien: <a href=\"https:\/\/dev.scsonline.ca\/en\/instructional-videos\/assistance-for-children-with-severe-disabilities-acsd-application-form\/\">https:\/\/dev.scsonline.ca\/instructional-videos\/assistance-for-children-with-severe-disabilities-acsd-application-form\/<\/a>.<\/strong><\/p>\n<p><strong>Aper\u00e7u du programme<\/strong><\/p>\n<p>Si vous prodiguez des soins \u00e0 votre enfant atteint d\u2019un handicap grave, vous pouvez peut-\u00eatre recevoir une aide financi\u00e8re par le biais du programme Aide \u00e0 l\u2019\u00e9gard d\u2019enfants qui ont un handicap grave. Ce programme fournit un soutien financier aux familles \u00e0 revenu faible ou modeste afin de couvrir certaines des d\u00e9penses suppl\u00e9mentaires li\u00e9es aux soins prodigu\u00e9s \u00e0 un enfant qui a un handicap grave.<\/p>\n<p><strong>Admissibilit\u00e9<\/strong><\/p>\n<p>Le p\u00e8re, la m\u00e8re, la tutrice l\u00e9gale ou le tuteur l\u00e9gal d\u2019un enfant qui:<\/p>\n<ul>\n<li>a moins de 18 ans;<\/li>\n<li>vit au domicile de son p\u00e8re, de sa m\u00e8re, de sa tutrice l\u00e9gale ou de son tuteur l\u00e9gal;<\/li>\n<li>a un handicap grave;<\/li>\n<\/ul>\n<p>peut \u00eatre admissible au financement offert en vertu de ce programme, selon le revenu familial.<br \/>\nSoutien financier<\/p>\n<p><strong>Soutien financier<\/strong><\/p>\n<p>En fonction du revenu familial et de la taille du m\u00e9nage, le programme peut allouer entre 25 $ et 500 $ par mois pour contribuer \u00e0 faire face \u00e0 diverses d\u00e9penses, telles que:<\/p>\n<ul>\n<li>les visites chez le m\u00e9decin ou \u00e0 l\u2019h\u00f4pital et les autres rendez-vous en lien avec le handicap de l\u2019enfant;<\/li>\n<li>les chaussures et v\u00eatements sp\u00e9ciaux;<\/li>\n<li>l\u2019assistance familiale, comme les services de rel\u00e8ve;<\/li>\n<li>les fauteuils roulants et les autres appareils et accessoires fonctionnels, y compris les r\u00e9parations;<\/li>\n<li>les proth\u00e8ses auditives et leurs piles;<\/li>\n<li>les m\u00e9dicaments sur ordonnance;<\/li>\n<li>les soins dentaires et ophtalmologiques, y compris les lunettes.<\/li>\n<\/ul>\n<p>Le montant de l\u2019aide financi\u00e8re accord\u00e9e varie selon:<\/p>\n<ul>\n<li>le revenu de la famille;<\/li>\n<li>la taille du m\u00e9nage;<\/li>\n<li>la gravit\u00e9 du handicap de l\u2019enfant;<\/li>\n<li>le caract\u00e8re extraordinaire des co\u00fbts li\u00e9s au handicap de l\u2019enfant.<\/li>\n<\/ul>","protected":false},"excerpt":{"rendered":"<p>Demande pour le programme d\u2019Aide \u00e0 l\u2019\u00e9gard d\u2019un enfant qui a un handicap grave (AEHG) Pour le moment, il n\u2019y a pas de vid\u00e9o d\u2019instruction en fran\u00e7ais pour compl\u00e9ter une demande pour le programme d\u2019Aide \u00e0 l\u2019\u00e9gard d\u2019un enfant qui a un handicap grave (AEHG). Vous pouvez regarder la vid\u00e9o en anglais \u00e0 ce lien: &hellip; <a href=\"https:\/\/dev.scsonline.ca\/fr\/instructional-videos\/assistance-for-children-with-severe-disabilities-acsd-application-form\/\" class=\"more-link\">Continuer la lecture de <span class=\"screen-reader-text\">Formulaire de demande pour le programme d\u2019Aide \u00e0 l\u2019\u00e9gard d\u2019un enfant qui a un handicap grave (AEHG)<\/span> <span class=\"meta-nav\">&rarr;<\/span><\/a><\/p>\n","protected":false},"author":14,"featured_media":0,"parent":27744,"menu_order":1,"comment_status":"closed","ping_status":"closed","template":"","meta":{"om_disable_all_campaigns":false,"_monsterinsights_skip_tracking":false,"_monsterinsights_sitenote_active":false,"_monsterinsights_sitenote_note":"","_monsterinsights_sitenote_category":0,"_uf_show_specific_survey":0,"_uf_disable_surveys":false,"footnotes":""},"class_list":["post-29229","page","type-page","status-publish","hentry"],"_links":{"self":[{"href":"https:\/\/dev.scsonline.ca\/fr\/wp-json\/wp\/v2\/pages\/29229","targetHints":{"allow":["GET"]}}],"collection":[{"href":"https:\/\/dev.scsonline.ca\/fr\/wp-json\/wp\/v2\/pages"}],"about":[{"href":"https:\/\/dev.scsonline.ca\/fr\/wp-json\/wp\/v2\/types\/page"}],"author":[{"embeddable":true,"href":"https:\/\/dev.scsonline.ca\/fr\/wp-json\/wp\/v2\/users\/14"}],"replies":[{"embeddable":true,"href":"https:\/\/dev.scsonline.ca\/fr\/wp-json\/wp\/v2\/comments?post=29229"}],"version-history":[{"count":13,"href":"https:\/\/dev.scsonline.ca\/fr\/wp-json\/wp\/v2\/pages\/29229\/revisions"}],"predecessor-version":[{"id":36447,"href":"https:\/\/dev.scsonline.ca\/fr\/wp-json\/wp\/v2\/pages\/29229\/revisions\/36447"}],"up":[{"embeddable":true,"href":"https:\/\/dev.scsonline.ca\/fr\/wp-json\/wp\/v2\/pages\/27744"}],"wp:attachment":[{"href":"https:\/\/dev.scsonline.ca\/fr\/wp-json\/wp\/v2\/media?parent=29229"}],"curies":[{"name":"wp","href":"https:\/\/api.w.org\/{rel}","templated":true}]}}