{"id":29162,"date":"2021-03-31T10:07:20","date_gmt":"2021-03-31T18:07:20","guid":{"rendered":"https:\/\/dev.scsonline.ca\/?page_id=29162"},"modified":"2023-11-24T13:30:28","modified_gmt":"2023-11-24T18:30:28","slug":"brian-reed","status":"publish","type":"page","link":"https:\/\/dev.scsonline.ca\/fr\/about-us\/board-of-directors\/brian-reed\/","title":{"rendered":"Brian Reed"},"content":{"rendered":"<h1>Brian Reed<\/h1>\n<p><strong>Est devenu membre du Conseil d\u2019administration de SCS en 2020<\/strong><\/p>\n<p>Brian Reed est un consultant ind\u00e9pendant qui fournit une expertise en la mati\u00e8re et un leadership de projet dans les domaines de la cybersant\u00e9, de la gestion de programmes, de la strat\u00e9gie technologique, de la gestion des identit\u00e9s et de l\u2019acc\u00e8s, de la biom\u00e9trie, de l\u2019immigration et de la gestion des fronti\u00e8res. <\/p>\n<p>Brian est un ancien cadre en technologie qui a accumul\u00e9 plus de 25 ans d\u2019exp\u00e9rience op\u00e9rationnelle et de conseil dans la strat\u00e9gie, la conception et le d\u00e9ploiement de syst\u00e8mes informatiques \u00e0 grande \u00e9chelle. Il a \u00e9t\u00e9 responsable de la mise sur pied de la division technologique d\u2019une grande soci\u00e9t\u00e9 internationale de s\u00e9curit\u00e9 et de renforcement de march\u00e9s en Am\u00e9rique latine, en Europe de l\u2019Est, en Afrique et au Moyen-Orient. Il a \u00e9t\u00e9 le directeur principal d\u2019un programme \u00e0 grande \u00e9chelle visant \u00e0 introduire un nouveau syst\u00e8me de monnaie et d\u2019identit\u00e9 dans le pays nouvellement form\u00e9, soit l\u2019Ukraine. Il a brevet\u00e9 une technologie utilis\u00e9e pour l\u2019acc\u00e8s s\u00e9curis\u00e9 au r\u00e9seau mobile, y compris la biom\u00e9trie et la cryptographie. Ce syst\u00e8me est actuellement utilis\u00e9 par les services de l\u2019immigration britannique et divers organismes de haute s\u00e9curit\u00e9 aux \u00c9tats-Unis. <\/p>\n<p>Brian a \u00e9galement men\u00e9 de nombreuses consultations dans le secteur de la sant\u00e9. Il a g\u00e9r\u00e9 les premiers investissements d\u2019un organisme national de soins de sant\u00e9 du secteur public et a contribu\u00e9 \u00e0 l\u2019\u00e9laboration d\u2019outils et de processus de gestion des connaissances \u00e0 l\u2019appui de la mise en \u0153uvre d\u2019une strat\u00e9gie pancanadienne de dossiers de sant\u00e9 \u00e9lectroniques. Il a \u00e9t\u00e9 le gestionnaire principal du projet visant \u00e0 cr\u00e9er un registre unique des patients pour l\u2019Ontario. L\u2019une de ses missions r\u00e9centes consistait \u00e0 effectuer un examen de la strat\u00e9gie commerciale et technologique d\u2019une entreprise appartenant \u00e0 l\u2019Association m\u00e9dicale canadienne qui fournit aux m\u00e9decins des logiciels et des services li\u00e9s aux dossiers m\u00e9dicaux \u00e9lectroniques.<br \/>","protected":false},"excerpt":{"rendered":"<p>Brian Reed Est devenu membre du Conseil d\u2019administration de SCS en 2020 Brian Reed est un consultant ind\u00e9pendant qui fournit une expertise en la mati\u00e8re et un leadership de projet dans les domaines de la cybersant\u00e9, de la gestion de programmes, de la strat\u00e9gie technologique, de la gestion des identit\u00e9s et de l\u2019acc\u00e8s, de la &hellip; <a href=\"https:\/\/dev.scsonline.ca\/fr\/about-us\/board-of-directors\/brian-reed\/\" class=\"more-link\">Continuer la lecture de <span class=\"screen-reader-text\">Brian Reed<\/span> <span class=\"meta-nav\">&rarr;<\/span><\/a><\/p>\n","protected":false},"author":14,"featured_media":0,"parent":146,"menu_order":0,"comment_status":"closed","ping_status":"closed","template":"","meta":{"om_disable_all_campaigns":false,"_monsterinsights_skip_tracking":false,"_monsterinsights_sitenote_active":false,"_monsterinsights_sitenote_note":"","_monsterinsights_sitenote_category":0,"_uf_show_specific_survey":0,"_uf_disable_surveys":false,"footnotes":""},"class_list":["post-29162","page","type-page","status-publish","hentry"],"_links":{"self":[{"href":"https:\/\/dev.scsonline.ca\/fr\/wp-json\/wp\/v2\/pages\/29162","targetHints":{"allow":["GET"]}}],"collection":[{"href":"https:\/\/dev.scsonline.ca\/fr\/wp-json\/wp\/v2\/pages"}],"about":[{"href":"https:\/\/dev.scsonline.ca\/fr\/wp-json\/wp\/v2\/types\/page"}],"author":[{"embeddable":true,"href":"https:\/\/dev.scsonline.ca\/fr\/wp-json\/wp\/v2\/users\/14"}],"replies":[{"embeddable":true,"href":"https:\/\/dev.scsonline.ca\/fr\/wp-json\/wp\/v2\/comments?post=29162"}],"version-history":[{"count":6,"href":"https:\/\/dev.scsonline.ca\/fr\/wp-json\/wp\/v2\/pages\/29162\/revisions"}],"predecessor-version":[{"id":36504,"href":"https:\/\/dev.scsonline.ca\/fr\/wp-json\/wp\/v2\/pages\/29162\/revisions\/36504"}],"up":[{"embeddable":true,"href":"https:\/\/dev.scsonline.ca\/fr\/wp-json\/wp\/v2\/pages\/146"}],"wp:attachment":[{"href":"https:\/\/dev.scsonline.ca\/fr\/wp-json\/wp\/v2\/media?parent=29162"}],"curies":[{"name":"wp","href":"https:\/\/api.w.org\/{rel}","templated":true}]}}