{"id":28229,"date":"2020-11-20T06:28:31","date_gmt":"2020-11-20T14:28:31","guid":{"rendered":"https:\/\/dev.scsonline.ca\/?page_id=28229"},"modified":"2025-04-15T10:04:32","modified_gmt":"2025-04-15T14:04:32","slug":"scs-roadmap","status":"publish","type":"page","link":"https:\/\/dev.scsonline.ca\/fr\/scs-roadmap\/","title":{"rendered":"Carte routi\u00e8re de SCS"},"content":{"rendered":"<h1>Votre carte routi\u00e8re SCS<\/h1>\n<p>La carte routi\u00e8re donne un aper\u00e7u de nos services par groupes d&#8217;\u00e2ge afin d&#8217;aider les personnes et les familles \u00e0 comprendre de quel service elles peuvent avoir besoin. Les renseignements comprennent une d\u00e9finition de chaque service avec leur admissibilit\u00e9 et un lien pour en savoir plus.<\/p>\n<h2>Principaux services offerts \u00e0 SCS par groupes d&#8217;\u00e2ge<\/h2>\n<p><img loading=\"lazy\" decoding=\"async\" class=\"tablet-view aligncenter\" src=\"https:\/\/dev.scsonline.ca\/wp-content\/uploads\/2025\/04\/Roadmap_Visual_Vertical_2025_FR.png\" alt=\"Lire la description et la l\u00e9gende de la carte ci-dessous pour comprendre cette image\" width=\"215\" height=\"1000\"  \/><\/p>\n<p><img decoding=\"async\" class=\"home-page-desktop\" src=\"https:\/\/dev.scsonline.ca\/wp-content\/uploads\/2025\/04\/Roadmap-of-SCS-services_Parours_Web_2025.png\" alt=\"Lire la description et la l\u00e9gende de la carte ci-dessous pour comprendre cette image\" width=\"100%\" \/><\/p>\n<p><strong>Description de l&#8217;image:<\/strong> Voir la l\u00e9gende de la carte ci-dessous pour la d\u00e9finition des acronymes. Notre principal service pour les jeunes enfants est la gestion de cas pour enfants (GCE). Lorsque l&#8217;enfant grandit, vers l&#8217;\u00e2ge de 14 ans, il est temps de commencer \u00e0 penser \u00e0 la transition vers l&#8217;\u00e2ge adulte. Services de l&#8217;Ontario pour les personnes ayant une d\u00e9ficience intellectuelle de r\u00e9gion de l&#8217;Est (SOPDIRE), ainsi que GCE, jouent un r\u00f4le important dans cette transition. Lorsque la personne atteint l&#8217;\u00e2ge de 18 ans ou plus, SOPDIRE continue \u00e0 jouer un r\u00f4le important dans sa transition vers les services pour adultes, qui peuvent inclure la gestion de cas pour adultes (GCA).<\/p>\n<h2>L\u00e9gende de la carte<\/h2>\n<div class=\"su-row\">\n<div class=\"su-column su-column-size-1-4\"><div class=\"su-column-inner su-u-clearfix su-u-trim\">\n<img loading=\"lazy\" decoding=\"async\" src=\"https:\/\/dev.scsonline.ca\/wp-content\/uploads\/2024\/08\/Roadmap-of-SCS-services_GCE.png\" alt=\"Acronyme GCE, voir ci-dessous pour la d\u00e9finition\" width=\"80\" height=\"78\" \/><\/p>\n<h3>GESTION DE CAS POUR ENFANTS<\/h3>\n<p><strong>Offert \u00e0 Ottawa<\/strong><\/p>\n<p>La gestion de cas \u00e0 SCS est un processus de collaboration inclusif et personnalis\u00e9. Nous \u00e9tablissons des objectifs, planifions, d\u00e9fendons les int\u00e9r\u00eats des gens et nous examinons les ressources communautaires disponibles dans le but d\u2019appuyer la r\u00e9ussite personnelle. <\/p>\n<p><strong>CRIT\u00c8RES D\u2019ADMISSIBILIT\u00c9:<\/strong><\/p>\n<ul>\n<li>Avoir moins de 18 ans<\/li>\n<li>R\u00e9sident de la ville d&#8217;Ottawa<\/li>\n<li>Diagnostic de d\u00e9ficience intellectuelle et\/ou d\u2019autisme appuy\u00e9 par une \u00e9valuation psychologique<\/li>\n<\/ul>\n<p><a href=\"https:\/\/dev.scsonline.ca\/fr\/services\/childrens-case-management\/\">En savoir plus<\/a><br \/>\n<\/div><\/div>\n<div class=\"su-column su-column-size-1-4\"><div class=\"su-column-inner su-u-clearfix su-u-trim\">\n<img loading=\"lazy\" decoding=\"async\" class=\"alignnone size-full wp-image-38145\" src=\"https:\/\/dev.scsonline.ca\/wp-content\/uploads\/2024\/08\/Roadmap-of-SCS-services_SOPDIRE.png\" alt=\"Acronyme SOPDIRE, voir ci-dessous pour la d\u00e9finition\" width=\"80\" height=\"73\" \/><\/p>\n<h3>SERVICES DE L\u2019ONTARIO POUR LES PERSONNES AYANT UNE D\u00c9FICIENCE INTELLECTUELLE DE LA R\u00c9GION DE L\u2019EST (SOPDIRE)<\/h3>\n<p>En tant que service offert par SCS, SOPDIRE est le point d\u2019acc\u00e8s \u00e0 des services et soutiens pour les adultes financ\u00e9s par le minist\u00e8re qui sont disponibles dans leur collectivit\u00e9.<\/p>\n<p><strong>CRIT\u00c8RES D\u2019ADMISSIBILIT\u00c9:<\/strong><\/p>\n<ul>\n<li>\u00catre \u00e2g\u00e9 de 16 ans ou plus et r\u00e9sider en Ontario<\/li>\n<li>Avoir une d\u00e9ficience intellectuelle<\/li>\n<li>Avoir besoin d\u2019un service ou du soutien financ\u00e9 par le minist\u00e8re des Services \u00e0 l\u2019enfance et des Services sociaux et communautaires \u00e0 l\u2019\u00e2ge de 18 ans<\/li>\n<\/ul>\n<p><a href=\"https:\/\/dev.scsonline.ca\/fr\/services\/dsoer\/\">En savoir plus<\/a><br \/>\n<\/div><\/div>\n<div class=\"su-column su-column-size-1-4\"><div class=\"su-column-inner su-u-clearfix su-u-trim\">\n<img loading=\"lazy\" decoding=\"async\" class=\"alignnone size-full wp-image-38140\" src=\"https:\/\/dev.scsonline.ca\/wp-content\/uploads\/2024\/08\/Roadmap-of-SCS-services_GCA.png\" alt=\"Acronyme GCA, voir ci-dessous pour la d\u00e9finition\" width=\"80\" height=\"80\" \/><\/p>\n<h3>GESTION DE CAS POUR ADULTES<\/h3>\n<p><strong>Offert \u00e0 Ottawa<\/strong><\/p>\n<p>La gestion de cas \u00e0 SCS est un processus de collaboration inclusif et personnalis\u00e9. Nous \u00e9tablissons des objectifs, planifions, d\u00e9fendons les int\u00e9r\u00eats des gens et nous examinons les ressources communautaires disponibles dans le but d\u2019appuyer la r\u00e9ussite personnelle. <\/p>\n<p><strong>CRIT\u00c8RES D\u2019ADMISSIBILIT\u00c9:<\/strong><\/p>\n<ul>\n<li>Avoir 18 ans ou plus<\/li>\n<li>\u00catre r\u00e9f\u00e9r\u00e9 par SOPDIRE<\/li>\n<\/ul>\n<p><a href=\"https:\/\/dev.scsonline.ca\/fr\/services\/adult-case-management\/\">En savoir plus<\/a><br \/>\n<\/div><\/div>\n<div class=\"su-column su-column-size-1-4\"><div class=\"su-column-inner su-u-clearfix su-u-trim\">\n<img loading=\"lazy\" decoding=\"async\" class=\"alignnone size-full wp-image-38142\" src=\"https:\/\/dev.scsonline.ca\/wp-content\/uploads\/2024\/08\/Roadmap-of-SCS-services_Legend-RS.png\" alt=\"Acronym RS, see below for definition\" width=\"80\" height=\"80\" \/><\/p>\n<h3>RESPITESERVICES.COM \u00c0 OTTAWA<\/h3>\n<p><strong>respiteservices.com \u00e0 Ottawa n&#8217;est plus op\u00e9rationnel depuis 1er avril 2025<\/strong><\/p>\n<p>Nous vous remercions de votre participation \u00e0 respiteservices.com \u00e0 Ottawa, que ce soit en tant que personne \u00e0 la recherche d\u2019un fournisseur de soutien direct ou en tant que personne qui souhaite offrir un soutien direct \u00e0 quelqu\u2019un en Ontario. Malheureusement, ce site n&#8217;est plus op\u00e9rationnel depuis le 1er avril 2025. Le site a \u00e9t\u00e9 h\u00e9berg\u00e9 depuis son lancement initial par le Geneva Centre \u00e0 Toronto, qui a pris la difficile d\u00e9cision de mettre fin \u00e0 son r\u00f4le \u00e0 cet \u00e9gard. Nous vous conseillons vivement de communiquer avec nous pour obtenir de plus amples renseignements et des services de soutien dans notre communaut\u00e9. Nous travaillons activement \u00e0 la recherche de solutions de rechange, conscients de l\u2019importance de ce service pour les familles de l\u2019ensemble de la province. La confidentialit\u00e9 de vos renseignements est de la plus haute importance et demeurera prot\u00e9g\u00e9e.<br \/>\n<\/div><\/div>\n<\/div>","protected":false},"excerpt":{"rendered":"<p>Votre carte routi\u00e8re SCS La carte routi\u00e8re donne un aper\u00e7u de nos services par groupes d&#8217;\u00e2ge afin d&#8217;aider les personnes et les familles \u00e0 comprendre de quel service elles peuvent avoir besoin. Les renseignements comprennent une d\u00e9finition de chaque service avec leur admissibilit\u00e9 et un lien pour en savoir plus. Principaux services offerts \u00e0 SCS &hellip; <a href=\"https:\/\/dev.scsonline.ca\/fr\/scs-roadmap\/\" class=\"more-link\">Continuer la lecture de <span class=\"screen-reader-text\">Carte routi\u00e8re de SCS<\/span> <span class=\"meta-nav\">&rarr;<\/span><\/a><\/p>\n","protected":false},"author":14,"featured_media":0,"parent":0,"menu_order":0,"comment_status":"closed","ping_status":"closed","template":"","meta":{"om_disable_all_campaigns":false,"_monsterinsights_skip_tracking":false,"_monsterinsights_sitenote_active":false,"_monsterinsights_sitenote_note":"","_monsterinsights_sitenote_category":0,"_uf_show_specific_survey":0,"_uf_disable_surveys":false,"footnotes":""},"class_list":["post-28229","page","type-page","status-publish","hentry"],"_links":{"self":[{"href":"https:\/\/dev.scsonline.ca\/fr\/wp-json\/wp\/v2\/pages\/28229","targetHints":{"allow":["GET"]}}],"collection":[{"href":"https:\/\/dev.scsonline.ca\/fr\/wp-json\/wp\/v2\/pages"}],"about":[{"href":"https:\/\/dev.scsonline.ca\/fr\/wp-json\/wp\/v2\/types\/page"}],"author":[{"embeddable":true,"href":"https:\/\/dev.scsonline.ca\/fr\/wp-json\/wp\/v2\/users\/14"}],"replies":[{"embeddable":true,"href":"https:\/\/dev.scsonline.ca\/fr\/wp-json\/wp\/v2\/comments?post=28229"}],"version-history":[{"count":89,"href":"https:\/\/dev.scsonline.ca\/fr\/wp-json\/wp\/v2\/pages\/28229\/revisions"}],"predecessor-version":[{"id":40034,"href":"https:\/\/dev.scsonline.ca\/fr\/wp-json\/wp\/v2\/pages\/28229\/revisions\/40034"}],"wp:attachment":[{"href":"https:\/\/dev.scsonline.ca\/fr\/wp-json\/wp\/v2\/media?parent=28229"}],"curies":[{"name":"wp","href":"https:\/\/api.w.org\/{rel}","templated":true}]}}