{"id":28203,"date":"2020-11-16T11:57:28","date_gmt":"2020-11-16T19:57:28","guid":{"rendered":"https:\/\/dev.scsonline.ca\/?page_id=28203"},"modified":"2025-06-19T09:23:05","modified_gmt":"2025-06-19T13:23:05","slug":"annual-reports","status":"publish","type":"page","link":"https:\/\/dev.scsonline.ca\/fr\/about-us\/annual-reports\/","title":{"rendered":"Rapports annuels"},"content":{"rendered":"<h1>Rapports annuels<\/h1>\n<h2>Renseignements requis des organisations du secteur parapublic<\/h2>\n<p>En tant qu\u2019organisation du secteur parapublic, SCS est tenu de publier certains documents administratifs ou financiers sur son site Web. L\u2019ensemble des renseignements demand\u00e9s sont inclus dans ses rapports annuels. Ces derniers sont disponibles ci-dessous.<\/p>\n<p><strong>Renseignements dans les documents administratifs<\/strong><\/p>\n<p>Les organisations du secteur parapublic d\u00e9sign\u00e9es doivent publier les documents administratifs qui contiennent au minimum les renseignements suivants:<\/p>\n<ul>\n<li>Le mandat et la direction strat\u00e9gique de l\u2019organisation;<\/li>\n<li>Un aper\u00e7u des programmes actuels et futurs avec les activit\u00e9s principales; et<\/li>\n<li>Des mesures et cibles de rendement.<\/li>\n<\/ul>\n<p><strong>Renseignements additionnels dans les documents administratifs et financiers<\/strong><\/p>\n<p>Les organisations du secteur parapublic d\u00e9sign\u00e9es doivent publier des documents administratifs et financiers qui contiennent au minimum les renseignements suivants:<\/p>\n<ul>\n<li>Une description des activit\u00e9s principales au courant de l\u2019ann\u00e9e fiscale pr\u00e9c\u00e9dente de l\u2019organisation<\/li>\n<li>Une analyse du rendement op\u00e9rationnel<\/li>\n<li>Une discussion des cibles de rendements accomplies et des actions \u00e0 prendre le cas \u00e9ch\u00e9ant<\/li>\n<li>Les documents financiers audit\u00e9s<\/li>\n<\/ul>\n<h2>Liste des rapports annuels<\/h2>\n<p>Nous vous invitons \u00e0 prendre connaissance de nos rapports annuels afin de vous familiariser avec notre r\u00f4le et nos services. Nos rapports sont publi\u00e9s sur une base annuelle et couvrent l&#8217;ann\u00e9e fiscale (du 1er avril au 31 mars).<\/p>\n<div class=\"su-row\">\n<div class=\"su-column su-column-size-1-2\"><div class=\"su-column-inner su-u-clearfix su-u-trim\">\n<ul>\n<li><a href=\"https:\/\/dev.scsonline.ca\/wp-content\/uploads\/2025\/06\/SCS-Annual-Report-24_25_FR_web.pdf\" target=\"_blank\" rel=\"noopener noreferrer\">Rapport annuel 2024 \u2013 2025<\/a> | <a href=\"https:\/\/dev.scsonline.ca\/wp-content\/uploads\/2025\/06\/SCS-Mar-25-Financial-Statements-FR.pdf\">Documents financiers<\/a><\/li>\n<li><a href=\"https:\/\/dev.scsonline.ca\/wp-content\/uploads\/2024\/06\/AR2023-24_Final_FR.pdf\" target=\"_blank\" rel=\"noopener noreferrer\">Rapport annuel 2023 \u2013 2024<\/a> | <a href=\"https:\/\/dev.scsonline.ca\/wp-content\/uploads\/2024\/06\/SCS-Mar-24-Financial-Statements-FR.pdf\">Documents financiers<\/a><\/li>\n<li><a href=\"https:\/\/dev.scsonline.ca\/wp-content\/uploads\/2023\/06\/AR2022-23_FR_Final_Web.pdf\" target=\"_blank\" rel=\"noopener noreferrer\">Rapport annuel 2022 \u2013 2023<\/a> | <a href=\"https:\/\/dev.scsonline.ca\/wp-content\/uploads\/2023\/07\/Service-Coordination-for-Persons-with-Special-Needs-03312023-Final-FS.pdf\" target=\"_blank\" rel=\"noopener\">Documents financiers<\/a><\/li>\n<li><a href=\"https:\/\/dev.scsonline.ca\/wp-content\/uploads\/2022\/06\/AR2021-22_Final_Online_FR.pdf\" target=\"_blank\" rel=\"noopener noreferrer\">Rapport annuel 2021 \u2013 2022<\/a><\/li>\n<li><a href=\"\/wp-content\/uploads\/2021\/06\/AR2020-21_FR_final.pdf\" target=\"_blank\" rel=\"noopener noreferrer\">Rapport annuel 2020 \u2013 2021<\/a><\/li>\n<li><a href=\"\/wp-content\/uploads\/2020\/11\/SCS-Rapport-Annuel-19-20_FR_web.pdf\" target=\"_blank\" rel=\"noopener noreferrer\">Rapport annuel 2019 \u2013 2020<\/a><\/li>\n<li><a href=\"\/wp-content\/uploads\/2017\/07\/AR18-19_FR_web.pdf\" target=\"_blank\" rel=\"noopener noreferrer\">Rapport annuel 2018 \u2013 2019<\/a><\/li>\n<li><a href=\"\/fr\/ar17-18\/\" target=\"_blank\" rel=\"noopener noreferrer\">Rapport annuel 2017 \u2013 2018<\/a><\/li>\n<li><a href=\"\/wp-content\/uploads\/2017\/06\/Annual-Report_2016-2017_Final_FR_Web.pdf\" target=\"_blank\" rel=\"noopener noreferrer\">Rapport annuel 2016 \u2013 2017<\/a><\/li>\n<li><a href=\"\/wp-content\/uploads\/2017\/07\/Rapport-Annuel_2015-2016_FR_web.pdf\" target=\"_blank\" rel=\"noopener noreferrer\">Rapport annuel 2015 \u2013 2016<\/a><\/li>\n<li><a href=\"\/wp-content\/uploads\/2017\/07\/scs-annual-report-20150622_FR_final.pdf\" target=\"_blank\" rel=\"noopener noreferrer\">Rapport annuel 2014 \u2013 2015<\/a><\/li>\n<li><a href=\"\/wp-content\/uploads\/2017\/07\/rapport-annuelle-2014.pdf\" target=\"_blank\" rel=\"noopener noreferrer\">Rapport annuel 2013 \u2013 2014<\/a><\/li>\n<li><a href=\"\/wp-content\/uploads\/2017\/07\/annual-report-2012-2013-fr-final.pdf\" target=\"_blank\" rel=\"noopener noreferrer\">Rapport annuel 2012 \u2013 2013<\/a><\/li>\n<li><a href=\"\/wp-content\/uploads\/2017\/07\/annual-report-2011-2012-fr.pdf\" target=\"_blank\" rel=\"noopener noreferrer\">Rapport annuel 2011 \u2013 2012<\/a><\/li>\n<li><a href=\"\/wp-content\/uploads\/2017\/07\/annual-report-2010-2011-fr.pdf\" target=\"_blank\" rel=\"noopener noreferrer\">Rapport annuel 2010 \u2013 2011<\/a><\/li>\n<li><a href=\"\/wp-content\/uploads\/2017\/07\/annual-report-2009-2010-fr.pdf\" target=\"_blank\" rel=\"noopener noreferrer\">Rapport annuel 2009 \u2013 2010<\/a><\/li>\n<li><a href=\"\/wp-content\/uploads\/2017\/07\/statistics_report_2008-2009-fr.pdf\" target=\"_blank\" rel=\"noopener noreferrer\">Rapport annuel 2008 \u2013 2009 et Statistiques annuelles<\/a><\/li>\n<li><a href=\"\/wp-content\/uploads\/2017\/07\/Annual-Report-September-10-2007-2008-fr.pdf\" target=\"_blank\" rel=\"noopener noreferrer\">Rapport annuel 2007 \u2013 2008<\/a><\/li>\n<\/ul>\n<\/div><\/div>\n<div class=\"su-column su-column-size-1-2\"><div class=\"su-column-inner su-u-clearfix su-u-trim\">\n<a href=\"https:\/\/dev.scsonline.ca\/wp-content\/uploads\/2024\/06\/AR2023-24_Final_FR.pdf\" target=\"_blank\" rel=\"noopener noreferrer\"><img loading=\"lazy\" decoding=\"async\" style=\"border: 1px solid black;\" src=\"https:\/\/dev.scsonline.ca\/wp-content\/uploads\/2024\/06\/AR2023-24_Cover_Web-AR-Section_FR.png\" alt=\"Couverture du rapport annuel 2023-2024\" width=\"250\" height=\"304\" \/><\/a><br \/>\n<\/div><\/div>\n<\/div>","protected":false},"excerpt":{"rendered":"<p>Rapports annuels Renseignements requis des organisations du secteur parapublic En tant qu\u2019organisation du secteur parapublic, SCS est tenu de publier certains documents administratifs ou financiers sur son site Web. L\u2019ensemble des renseignements demand\u00e9s sont inclus dans ses rapports annuels. Ces derniers sont disponibles ci-dessous. Renseignements dans les documents administratifs Les organisations du secteur parapublic d\u00e9sign\u00e9es &hellip; <a href=\"https:\/\/dev.scsonline.ca\/fr\/about-us\/annual-reports\/\" class=\"more-link\">Continuer la lecture de <span class=\"screen-reader-text\">Rapports annuels<\/span> <span class=\"meta-nav\">&rarr;<\/span><\/a><\/p>\n","protected":false},"author":14,"featured_media":0,"parent":95,"menu_order":0,"comment_status":"closed","ping_status":"closed","template":"","meta":{"om_disable_all_campaigns":false,"_monsterinsights_skip_tracking":false,"_monsterinsights_sitenote_active":false,"_monsterinsights_sitenote_note":"","_monsterinsights_sitenote_category":0,"_uf_show_specific_survey":0,"_uf_disable_surveys":false,"footnotes":""},"class_list":["post-28203","page","type-page","status-publish","hentry"],"_links":{"self":[{"href":"https:\/\/dev.scsonline.ca\/fr\/wp-json\/wp\/v2\/pages\/28203","targetHints":{"allow":["GET"]}}],"collection":[{"href":"https:\/\/dev.scsonline.ca\/fr\/wp-json\/wp\/v2\/pages"}],"about":[{"href":"https:\/\/dev.scsonline.ca\/fr\/wp-json\/wp\/v2\/types\/page"}],"author":[{"embeddable":true,"href":"https:\/\/dev.scsonline.ca\/fr\/wp-json\/wp\/v2\/users\/14"}],"replies":[{"embeddable":true,"href":"https:\/\/dev.scsonline.ca\/fr\/wp-json\/wp\/v2\/comments?post=28203"}],"version-history":[{"count":62,"href":"https:\/\/dev.scsonline.ca\/fr\/wp-json\/wp\/v2\/pages\/28203\/revisions"}],"predecessor-version":[{"id":40438,"href":"https:\/\/dev.scsonline.ca\/fr\/wp-json\/wp\/v2\/pages\/28203\/revisions\/40438"}],"up":[{"embeddable":true,"href":"https:\/\/dev.scsonline.ca\/fr\/wp-json\/wp\/v2\/pages\/95"}],"wp:attachment":[{"href":"https:\/\/dev.scsonline.ca\/fr\/wp-json\/wp\/v2\/media?parent=28203"}],"curies":[{"name":"wp","href":"https:\/\/api.w.org\/{rel}","templated":true}]}}