{"id":28080,"date":"2020-10-19T05:12:53","date_gmt":"2020-10-19T13:12:53","guid":{"rendered":"https:\/\/dev.scsonline.ca\/?page_id=28080"},"modified":"2023-11-24T13:31:29","modified_gmt":"2023-11-24T18:31:29","slug":"andrei-nye","status":"publish","type":"page","link":"https:\/\/dev.scsonline.ca\/fr\/about-us\/board-of-directors\/andrei-nye\/","title":{"rendered":"Andrei Nye"},"content":{"rendered":"<h1>Andrei Nye<\/h1>\n<p><strong>Membre du conseil d\u2019administration de SCS depuis juillet 2018<\/strong><\/p>\n<p>Andrei si\u00e8ge au Conseil d\u2019administration de SCS depuis juillet 2018 et est tr\u00e9sorier et pr\u00e9sident du Comit\u00e9 des finances depuis juillet 2022. Depuis 2020, il est directeur principal au sein du groupe des services aux entreprises chez Brookfield Renewable Partners, L.P., apr\u00e8s avoir pass\u00e9 12 ans au sein des services d\u2019assurance chez Ernst &#038; Young LLP. Il fournit une expertise technique, en gestion et communication sur un portefeuille d\u2019activit\u00e9s diversifi\u00e9 allant des soci\u00e9t\u00e9s inscrites aupr\u00e8s de la SEC aux entit\u00e9s priv\u00e9es, ce qui n\u00e9cessite de motiver et de favoriser un environnement de collaboration ouverte et un \u00e9tat d\u2019esprit de r\u00e9solution de probl\u00e8mes au sein des \u00e9quipes, tout en assurant le respect des normes r\u00e9glementaires et de l\u2019industrie. <\/p>\n<p>Andrei est titulaire d\u2019un baccalaur\u00e9at en commerce, sp\u00e9cialit\u00e9 comptabilit\u00e9, de l\u2019Universit\u00e9 Carleton et est comptable professionnel agr\u00e9\u00e9 (CPA, CA).<br \/>","protected":false},"excerpt":{"rendered":"<p>Andrei Nye Membre du conseil d\u2019administration de SCS depuis juillet 2018 Andrei si\u00e8ge au Conseil d\u2019administration de SCS depuis juillet 2018 et est tr\u00e9sorier et pr\u00e9sident du Comit\u00e9 des finances depuis juillet 2022. Depuis 2020, il est directeur principal au sein du groupe des services aux entreprises chez Brookfield Renewable Partners, L.P., apr\u00e8s avoir pass\u00e9 &hellip; <a href=\"https:\/\/dev.scsonline.ca\/fr\/about-us\/board-of-directors\/andrei-nye\/\" class=\"more-link\">Continuer la lecture de <span class=\"screen-reader-text\">Andrei Nye<\/span> <span class=\"meta-nav\">&rarr;<\/span><\/a><\/p>\n","protected":false},"author":14,"featured_media":0,"parent":146,"menu_order":0,"comment_status":"closed","ping_status":"closed","template":"","meta":{"om_disable_all_campaigns":false,"_monsterinsights_skip_tracking":false,"_monsterinsights_sitenote_active":false,"_monsterinsights_sitenote_note":"","_monsterinsights_sitenote_category":0,"_uf_show_specific_survey":0,"_uf_disable_surveys":false,"footnotes":""},"class_list":["post-28080","page","type-page","status-publish","hentry"],"_links":{"self":[{"href":"https:\/\/dev.scsonline.ca\/fr\/wp-json\/wp\/v2\/pages\/28080","targetHints":{"allow":["GET"]}}],"collection":[{"href":"https:\/\/dev.scsonline.ca\/fr\/wp-json\/wp\/v2\/pages"}],"about":[{"href":"https:\/\/dev.scsonline.ca\/fr\/wp-json\/wp\/v2\/types\/page"}],"author":[{"embeddable":true,"href":"https:\/\/dev.scsonline.ca\/fr\/wp-json\/wp\/v2\/users\/14"}],"replies":[{"embeddable":true,"href":"https:\/\/dev.scsonline.ca\/fr\/wp-json\/wp\/v2\/comments?post=28080"}],"version-history":[{"count":9,"href":"https:\/\/dev.scsonline.ca\/fr\/wp-json\/wp\/v2\/pages\/28080\/revisions"}],"predecessor-version":[{"id":36508,"href":"https:\/\/dev.scsonline.ca\/fr\/wp-json\/wp\/v2\/pages\/28080\/revisions\/36508"}],"up":[{"embeddable":true,"href":"https:\/\/dev.scsonline.ca\/fr\/wp-json\/wp\/v2\/pages\/146"}],"wp:attachment":[{"href":"https:\/\/dev.scsonline.ca\/fr\/wp-json\/wp\/v2\/media?parent=28080"}],"curies":[{"name":"wp","href":"https:\/\/api.w.org\/{rel}","templated":true}]}}