{"id":27744,"date":"2020-06-04T15:22:55","date_gmt":"2020-06-04T15:22:55","guid":{"rendered":"https:\/\/dev.scsonline.ca\/?page_id=27744"},"modified":"2025-04-29T11:56:28","modified_gmt":"2025-04-29T15:56:28","slug":"instructional-videos","status":"publish","type":"page","link":"https:\/\/dev.scsonline.ca\/fr\/instructional-videos\/","title":{"rendered":"Instructional Videos"},"content":{"rendered":"<h1>Vid\u00e9os explicatives de SCS<\/h1>\n<p><img decoding=\"async\" src=\"https:\/\/dev.scsonline.ca\/wp-content\/uploads\/2020\/06\/Instructional-video_Web-banner.png\" alt=\"\" width=\"100%\" \/><\/p>\n<p>Cette page propose des vid\u00e9os explicatives pour vous aider \u00e0 accomplir des d\u00e9marches importantes telles que la demande de financement, de services, de soutien, etc. Nous s\u00e9lectionnons les sujets en fonction des questions les plus fr\u00e9quemment pos\u00e9es.<\/p>\n<hr>\n<h3>Comment compl\u00e9ter votre demande pour le Programme des services particuliers \u00e0 domicile (PSPD)<\/h3>\n<p>Le Programme de services particuliers \u00e0 domicile (PSPD) offre une aide aux familles qui prennent soin d\u2019un enfant ayant une d\u00e9ficience intellectuelle ou physique. Il est financ\u00e9 et g\u00e9r\u00e9 par le minist\u00e8re des Services sociaux et communautaires.<\/p>\n<p><a href=\"https:\/\/dev.scsonline.ca\/fr\/instructional-videos\/ssah-application\/\">Vid\u00e9o explicative et renseignements utiles<\/a><\/p>\n<hr>\n<h3>Programme Passeport<\/h3>\n<p>Le programme Passeport, financ\u00e9 par le Minist\u00e8re des Services \u00e0 l&#8217;enfance et des Services sociaux et communautaires (MSESSC), aide les adultes ayant une d\u00e9ficience intellectuelle \u00e0 participer \u00e0 la vie de leur collectivit\u00e9 et \u00e0 vivre de la mani\u00e8re la plus autonome possible en finan\u00e7ant les services et les soutiens \u00e0 la participation communautaire, les activit\u00e9s de la vie quotidienne et la planification dirig\u00e9e par la personne. Le programme finance \u00e9galement des services et des soutiens de r\u00e9pit pour les principaux soignants d&#8217;un adulte ayant une d\u00e9ficience intellectuelle.<\/p>\n<p>Pour en savoir plus, vous pouvez visiter le site Web du programme Passeport \u00e0 <a href=\"https:\/\/passportfunding.ca\/fr\/filing-claims\" rel=\"noopener noreferrer\" target=\"_blank\">https:\/\/passportfunding.ca\/fr\/filing-claims<\/a><\/li>\n<\/ul>\n<hr>\n<p>Nous sommes conscients que nos vid\u00e9os ne remplaceront pas l&#8217;assistance d&#8217;un gestionnaire de cas.  Nous restons \u00e0 votre disposition pour toute question ou aide suppl\u00e9mentaire dont vous pourriez avoir besoin pour accomplir les t\u00e2ches abord\u00e9es dans nos vid\u00e9os instructives.","protected":false},"excerpt":{"rendered":"<p>Vid\u00e9os explicatives de SCS Cette page propose des vid\u00e9os explicatives pour vous aider \u00e0 accomplir des d\u00e9marches importantes telles que la demande de financement, de services, de soutien, etc. Nous s\u00e9lectionnons les sujets en fonction des questions les plus fr\u00e9quemment pos\u00e9es. Comment compl\u00e9ter votre demande pour le Programme des services particuliers \u00e0 domicile (PSPD) Le &hellip; <a href=\"https:\/\/dev.scsonline.ca\/fr\/instructional-videos\/\" class=\"more-link\">Continuer la lecture de <span class=\"screen-reader-text\">Instructional Videos<\/span> <span class=\"meta-nav\">&rarr;<\/span><\/a><\/p>\n","protected":false},"author":14,"featured_media":0,"parent":0,"menu_order":0,"comment_status":"closed","ping_status":"closed","template":"","meta":{"om_disable_all_campaigns":false,"_monsterinsights_skip_tracking":false,"_monsterinsights_sitenote_active":false,"_monsterinsights_sitenote_note":"","_monsterinsights_sitenote_category":0,"_uf_show_specific_survey":0,"_uf_disable_surveys":false,"footnotes":""},"class_list":["post-27744","page","type-page","status-publish","hentry"],"_links":{"self":[{"href":"https:\/\/dev.scsonline.ca\/fr\/wp-json\/wp\/v2\/pages\/27744","targetHints":{"allow":["GET"]}}],"collection":[{"href":"https:\/\/dev.scsonline.ca\/fr\/wp-json\/wp\/v2\/pages"}],"about":[{"href":"https:\/\/dev.scsonline.ca\/fr\/wp-json\/wp\/v2\/types\/page"}],"author":[{"embeddable":true,"href":"https:\/\/dev.scsonline.ca\/fr\/wp-json\/wp\/v2\/users\/14"}],"replies":[{"embeddable":true,"href":"https:\/\/dev.scsonline.ca\/fr\/wp-json\/wp\/v2\/comments?post=27744"}],"version-history":[{"count":72,"href":"https:\/\/dev.scsonline.ca\/fr\/wp-json\/wp\/v2\/pages\/27744\/revisions"}],"predecessor-version":[{"id":40131,"href":"https:\/\/dev.scsonline.ca\/fr\/wp-json\/wp\/v2\/pages\/27744\/revisions\/40131"}],"wp:attachment":[{"href":"https:\/\/dev.scsonline.ca\/fr\/wp-json\/wp\/v2\/media?parent=27744"}],"curies":[{"name":"wp","href":"https:\/\/api.w.org\/{rel}","templated":true}]}}