{"id":27609,"date":"2020-04-30T14:43:31","date_gmt":"2020-04-30T18:43:31","guid":{"rendered":"https:\/\/dev.scsonline.ca\/?page_id=27609"},"modified":"2024-08-26T09:57:28","modified_gmt":"2024-08-26T13:57:28","slug":"ssah-application","status":"publish","type":"page","link":"https:\/\/dev.scsonline.ca\/fr\/instructional-videos\/ssah-application\/","title":{"rendered":"SSAH Application"},"content":{"rendered":"<h1>Demande de services particuliers \u00e0 domicile<\/h1>\n<p><strong>Une vid\u00e9o explicative en fran\u00e7ais est disponible sur le site Web de <a href=\"https:\/\/planningnetwork.ca\/resources\/-introduction-au-pspd\" rel=\"noopener\" target=\"_blank\">Partners for Planning<\/a>. Plusieurs renseignements utiles \u00e0 propos de ce programme sont \u00e9galement offerts.<\/strong><\/p>\n<p><a href=\"https:\/\/planningnetwork.ca\/resources\/-introduction-au-pspd\" rel=\"noopener\" target=\"_blank\"><img loading=\"lazy\" decoding=\"async\" src=\"https:\/\/dev.scsonline.ca\/wp-content\/uploads\/2024\/08\/P4P_PSPD_Video_French.png\" alt=\"Video preview\" width=\"800\" height=\"448\" class=\"alignnone size-full wp-image-38203\" srcset=\"https:\/\/dev.scsonline.ca\/wp-content\/uploads\/2024\/08\/P4P_PSPD_Video_French.png 800w, https:\/\/dev.scsonline.ca\/wp-content\/uploads\/2024\/08\/P4P_PSPD_Video_French-300x168.png 300w, https:\/\/dev.scsonline.ca\/wp-content\/uploads\/2024\/08\/P4P_PSPD_Video_French-768x430.png 768w\" sizes=\"auto, (max-width: 800px) 100vw, 800px\" \/><\/a><\/p>\n<p><strong>Veuillez cliquer sur ce lien pour acc\u00e9der au formulaire en ligne de demande de services particuliers \u00e0 domicile:<\/strong><br \/>\n<a href=\"https:\/\/www.ontario.ca\/fr\/page\/services-particuliers-domicile\" rel=\"noopener noreferrer\" target=\"_blank\">https:\/\/www.ontario.ca\/fr\/page\/services-particuliers-domicile<\/a><\/p>\n<p><strong>Aper\u00e7u du Programme<\/strong><\/p>\n<p>Le Programme de services particuliers \u00e0 domicile (PSPD) offre une aide aux familles qui prennent soin d\u2019un enfant ayant une d\u00e9ficience intellectuelle ou physique. Il est financ\u00e9 et g\u00e9r\u00e9 par le minist\u00e8re des Services sociaux et communautaires.<\/p>\n<p>Le PSPD vise \u00e0 appuyer la vision du gouvernement consistant \u00e0 :<\/p>\n<ul>\n<li>renforcer la capacit\u00e9 des enfants et de leur famille \u00e0 atteindre leur potentiel;<\/li>\n<li>r\u00e9duire \u00e0 l\u2019avenir le recours \u00e0 des services sociaux intensifs ou intrusifs;<\/li>\n<li>favoriser la dignit\u00e9 et l\u2019autonomie personnelles.<\/li>\n<\/ul>\n<p>Le PSPD repose sur la notion selon laquelle les membres de la famille sont souvent les soignants de premier recours des enfants ayant une d\u00e9ficience intellectuelle ou physique. Son objectif est de fournir une aide financi\u00e8re aux familles pour qu\u2019elles se procurent les soutiens qui ne sont pas offerts ailleurs dans la collectivit\u00e9.<\/p>\n<p>Le financement accord\u00e9 au titre du PSPD aide les familles \u00e0 payer les services particuliers offerts \u00e0 domicile ou \u00e0 l\u2019ext\u00e9rieur, dans la mesure o\u00f9 l\u2019enfant ne re\u00e7oit pas de soutien d\u2019un programme de services en \u00e9tablissement. Par exemple, gr\u00e2ce aux fonds du PSPD, la famille peut engager une personne pour :<\/p>\n<ul>\n<li>aider l\u2019enfant \u00e0 acqu\u00e9rir de nouvelles comp\u00e9tences et habilet\u00e9s, notamment am\u00e9liorer ses comp\u00e9tences en communication et devenir plus autonome;<\/li>\n<li>offrir un service de rel\u00e8ve \u00e0 la famille \u2013 qui peut toucher des fonds pour payer des services afin de lui procurer un r\u00e9pit ou d\u2019assurer la rel\u00e8ve des soins quotidiens \u00e0 l\u2019enfant.<\/li>\n<\/ul>\n<p>Le minist\u00e8re des Services sociaux et communautaires souscrit aux principes suivants en mati\u00e8re de service:<\/p>\n<ul>\n<li>int\u00e9gration \u2013 participation \u00e0 la vie communautaire;<\/li>\n<li>autonomie \u2013 soutiens favorisant une ind\u00e9pendance accrue;<\/li>\n<li>personnalisation \u2013 soutiens qui sont adapt\u00e9s aux capacit\u00e9s personnelles et qui favorisent le choix et l\u2019autod\u00e9termination;<\/li>\n<li>qualit\u00e9 de vie \u2013 reconnaissance de la valeur de chaque personne et du r\u00f4le qu\u2019elle peut jouer dans la collectivit\u00e9.<\/li>\n<\/ul>","protected":false},"excerpt":{"rendered":"<p>Demande de services particuliers \u00e0 domicile Une vid\u00e9o explicative en fran\u00e7ais est disponible sur le site Web de Partners for Planning. Plusieurs renseignements utiles \u00e0 propos de ce programme sont \u00e9galement offerts. Veuillez cliquer sur ce lien pour acc\u00e9der au formulaire en ligne de demande de services particuliers \u00e0 domicile: https:\/\/www.ontario.ca\/fr\/page\/services-particuliers-domicile Aper\u00e7u du Programme Le &hellip; <a href=\"https:\/\/dev.scsonline.ca\/fr\/instructional-videos\/ssah-application\/\" class=\"more-link\">Continuer la lecture de <span class=\"screen-reader-text\">SSAH Application<\/span> <span class=\"meta-nav\">&rarr;<\/span><\/a><\/p>\n","protected":false},"author":14,"featured_media":0,"parent":27744,"menu_order":0,"comment_status":"closed","ping_status":"closed","template":"","meta":{"om_disable_all_campaigns":false,"_monsterinsights_skip_tracking":false,"_monsterinsights_sitenote_active":false,"_monsterinsights_sitenote_note":"","_monsterinsights_sitenote_category":0,"_uf_show_specific_survey":0,"_uf_disable_surveys":false,"footnotes":""},"class_list":["post-27609","page","type-page","status-publish","hentry"],"_links":{"self":[{"href":"https:\/\/dev.scsonline.ca\/fr\/wp-json\/wp\/v2\/pages\/27609","targetHints":{"allow":["GET"]}}],"collection":[{"href":"https:\/\/dev.scsonline.ca\/fr\/wp-json\/wp\/v2\/pages"}],"about":[{"href":"https:\/\/dev.scsonline.ca\/fr\/wp-json\/wp\/v2\/types\/page"}],"author":[{"embeddable":true,"href":"https:\/\/dev.scsonline.ca\/fr\/wp-json\/wp\/v2\/users\/14"}],"replies":[{"embeddable":true,"href":"https:\/\/dev.scsonline.ca\/fr\/wp-json\/wp\/v2\/comments?post=27609"}],"version-history":[{"count":29,"href":"https:\/\/dev.scsonline.ca\/fr\/wp-json\/wp\/v2\/pages\/27609\/revisions"}],"predecessor-version":[{"id":38208,"href":"https:\/\/dev.scsonline.ca\/fr\/wp-json\/wp\/v2\/pages\/27609\/revisions\/38208"}],"up":[{"embeddable":true,"href":"https:\/\/dev.scsonline.ca\/fr\/wp-json\/wp\/v2\/pages\/27744"}],"wp:attachment":[{"href":"https:\/\/dev.scsonline.ca\/fr\/wp-json\/wp\/v2\/media?parent=27609"}],"curies":[{"name":"wp","href":"https:\/\/api.w.org\/{rel}","templated":true}]}}