{"id":26887,"date":"2020-01-15T21:21:43","date_gmt":"2020-01-15T21:21:43","guid":{"rendered":"https:\/\/dev.scsonline.ca\/?page_id=26887"},"modified":"2025-05-27T10:18:34","modified_gmt":"2025-05-27T14:18:34","slug":"residential-and-community-services-rcs","status":"publish","type":"page","link":"https:\/\/dev.scsonline.ca\/fr\/services\/residential-and-community-services-rcs\/","title":{"rendered":"Services r\u00e9sidentiels et communautaires (SRC)"},"content":{"rendered":"<h1>Services r\u00e9sidentiels et communautaires (SRC)<\/h1>\n<div class=\"su-row\">\n<div class=\"su-column su-column-size-1-3\"><div class=\"su-column-inner su-u-clearfix su-u-trim\">\n<img decoding=\"async\" class=\"home-services\" style=\"border-color: #3a7f2c;\" src=\"\/wp-content\/uploads\/2020\/01\/RCS.png\" alt=\"Banni\u00e8re des Services r\u00e9sidentiels et communautaires\" \/><br \/>\n<\/div><\/div>\n<div class=\"su-column su-column-size-2-3\"><div class=\"su-column-inner su-u-clearfix su-u-trim\">\n<img loading=\"lazy\" decoding=\"async\" class=\"alignnone size-full wp-image-26702\" src=\"https:\/\/dev.scsonline.ca\/wp-content\/uploads\/2020\/01\/scs-Region.png\" alt=\"icone: r\u00e9gion desservie\" width=\"42\" height=\"50\" \/><br \/>\n<strong>R\u00e9gion desservie:<\/strong> Ottawa<\/p>\n<hr \/>\n<p><img loading=\"lazy\" decoding=\"async\" class=\"alignnone size-full wp-image-26705\" src=\"https:\/\/dev.scsonline.ca\/wp-content\/uploads\/2020\/01\/scs-definition.png\" alt=\"icone: d\u00e9finition\" width=\"50\" height=\"50\" \/><br \/>\n<strong>D\u00e9finition:<\/strong><\/p>\n<p>Si vous \u00eates un jeune recevant des soins prolong\u00e9s aupr\u00e8s de la Soci\u00e9t\u00e9 d\u2019aide \u00e0 l\u2019enfance (anciennement pupille de la Couronne) en transition aux services aux adultes et recevant des services r\u00e9sidentiels avec des soutiens priv\u00e9s, un coordonnateur des ressources peut travailler avec vous pour assurer le suivi de la qualit\u00e9 des services que vous recevez actuellement et \u00e9tablir un plan pour atteindre vos objectifs.<\/p>\n<p><strong>Un coordonnateur des ressources vous aidera en:<\/strong><\/p>\n<div style=\"width: 50%; float: left; font-size: 16px; line-height: 150%;\">\n<p>\u2023 Se concentrant sur les buts qui sont importants pour vous<\/p>\n<p>\u2023 Incluant les personnes qui sont importantes pour vous<\/p>\n<p>\u2023 Vous aidant \u00e0 identifier vos forces et vos int\u00e9r\u00eats<\/p>\n<p>\u2023 Construisant et renfor\u00e7ant vos relations et votre r\u00e9seau de soutien<\/p>\n<p>\u2023 Planifiant des transitions de vie<\/p>\n<p>\u2023 Coordonnant les r\u00e9unions avec d&#8217;autres prestataires de services en:<\/p>\n<div style=\"margin-left: 20px; margin-top: -20px;\">\n<p>\u25e6 Vous aidant \u00e0 pr\u00e9paper une rencontre<br \/>\n\u25e6 Vous soutenant lors de la rencontre<br \/>\n\u25e6 Comprenant les r\u00f4les et responsabilit\u00e9s<\/p>\n<\/div>\n<\/div>\n<div style=\"width: 50%; float: right; font-size: 16px; line-height: 150%;\">\n<p>\u2023 Offrant un soutien \u00e0 la r\u00e9solution de probl\u00e8mes et \u00e0 l&#8217;animation de groupes<\/p>\n<p>\u2023 Coordonnant les ressources communautaires, telles que:<\/p>\n<div style=\"margin-left: 20px; margin-top: -20px;\">\n<p>\u25e6 Programmes de d\u00e9veloppement des comp\u00e9tences ou d&#8217;\u00e9ducation<br \/>\n\u25e6 Programmes sociaux et r\u00e9cr\u00e9atifs<br \/>\n\u25e6 Programmes de garde d&#8217;enfants<br \/>\n\u25e6 Programmes de soutien ou de r\u00e9pit<br \/>\n\u25e6 Services sp\u00e9cialis\u00e9s, comme les consultations, la gestion du comportement, les soins m\u00e9dicaux, la th\u00e9rapie, l&#8217;\u00e9quipement&#8230;<br \/>\n\u25e6 Groupes de soutien<br \/>\n\u25e6 Programmes financiers<br \/>\n\u25e6 Services de logement<br \/>\n\u25e6 Services de transport<br \/>\n\u25e6 Possibilit\u00e9s de b\u00e9n\u00e9volat ou d&#8217;emploi<\/p>\n<\/div>\n<\/div>\n<div style=\"clear: both;\"><\/div>\n<hr \/>\n<p><img loading=\"lazy\" decoding=\"async\" class=\"alignnone size-full wp-image-26707\" src=\"https:\/\/dev.scsonline.ca\/wp-content\/uploads\/2020\/01\/Eligibility.png\" alt=\"icone: crit\u00e8res d'admissibilit\u00e9\" width=\"38\" height=\"50\" \/><br \/>\n<strong>Crit\u00e8res d\u2019admissibilit\u00e9:<\/strong><\/p>\n<p>Doit \u00eatre un jeune recevant des soins prolong\u00e9s aupr\u00e8s de la Soci\u00e9t\u00e9 d\u2019aide \u00e0 l\u2019enfance (anciennement pupille de la Couronne) en transition aux services aux adultes et recevant des services r\u00e9sidentiels avec des soutiens priv\u00e9s.<\/p>\n<hr \/>\n<p><img loading=\"lazy\" decoding=\"async\" class=\"alignnone size-full wp-image-26710\" src=\"https:\/\/dev.scsonline.ca\/wp-content\/uploads\/2020\/01\/scs-applications.png\" alt=\"icone: demande de services\" width=\"50\" height=\"47\" \/><br \/>\n<strong>Demande de services:<\/strong><\/p>\n<p>La Soci\u00e9t\u00e9 d\u2019aide \u00e0 l\u2019enfance applique directement \u00e0 SRC au nom de la personne apr\u00e8s que son admissibilit\u00e9 ait \u00e9t\u00e9 confirm\u00e9e avec les Services de l&#8217;Ontario pour les personnes ayant une d\u00e9ficience intellectuelle.<\/p>\n<hr \/>\n<p><img loading=\"lazy\" decoding=\"async\" class=\"alignnone size-full wp-image-26712\" src=\"https:\/\/dev.scsonline.ca\/wp-content\/uploads\/2020\/01\/scs-cost.png\" alt=\"icone: co\u00fbt\" width=\"50\" height=\"50\" \/><br \/>\n<strong>Co\u00fbt:<\/strong> Gratuit<\/p>\n<hr \/>\n<p><img loading=\"lazy\" decoding=\"async\" class=\"alignnone size-full wp-image-26719\" src=\"https:\/\/dev.scsonline.ca\/wp-content\/uploads\/2020\/01\/scs-resources.png\" alt=\"icone: documents\" width=\"50\" height=\"50\" \/><br \/>\n<strong>Documents connexes et ressources importantes:<\/strong><\/p>\n<ul>\n<li><a href=\"https:\/\/www.casott.on.ca\/fr\/about-us\/\" target=\"_blank\" rel=\"noopener noreferrer\">La Soci\u00e9t\u00e9 de l&#8217;aide \u00e0 l&#8217;enfance d&#8217;Ottawa (SAE)<\/a><\/li>\n<li><a href=\"https:\/\/www.mcss.gov.on.ca\/fr\/mcss\/programs\/social\/odsp\/index.aspx\" target=\"_blank\" rel=\"noopener noreferrer\">Programme ontarien de soutien aux personnes handicap\u00e9es (POSPH)<\/a><\/li>\n<li><a href=\"https:\/\/www.attorneygeneral.jus.gov.on.ca\/french\/family\/pgt\/\" target=\"_blank\" rel=\"noopener noreferrer\">Le Bureau du Tuteur et curateur public (BTCP)<\/a><\/li>\n<\/ul>\n<hr \/>\n<p><img loading=\"lazy\" decoding=\"async\" class=\"alignnone size-full wp-image-26720\" src=\"https:\/\/dev.scsonline.ca\/wp-content\/uploads\/2020\/01\/scs-contact.png\" alt=\"icone: contact\" width=\"54\" height=\"50\" \/><br \/>\n<strong>Pour communiquer avec SRC:<\/strong><\/p>\n<p>Courriel: <a href=\"mailto:admin@scsonline.ca\" target=\"_blank\" rel=\"noopener noreferrer\">admin@scsonline.ca<\/a><br \/>\nT\u00e9l\u00e9phone: 613-748-1788<br \/>\nT\u00e9l\u00e9scripteur: <a href=\"https:\/\/www.bell.ca\/Services_accessibilite\/Service_Relais_par_telescripteur\" rel=\"noopener\" target=\"_blank\">Service Relais par t\u00e9l\u00e9scripteur de Bell<\/a><br \/>\nT\u00e9l\u00e9copieur: 613-748-9127<\/p>\n<hr \/>\n<p><img loading=\"lazy\" decoding=\"async\" class=\"alignnone size-full wp-image-26722\" src=\"https:\/\/dev.scsonline.ca\/wp-content\/uploads\/2020\/01\/scs-not-included.png\" alt=\"icone: non inclus dans ce service\" width=\"50\" height=\"50\" \/><br \/>\n<strong>Non inclus dans ce service:<\/strong><br \/>\nSRC n&#8217;offre pas de services r\u00e9sidentiels ou de programmes de jour.<br \/>\n<\/div><\/div>\n<\/div>","protected":false},"excerpt":{"rendered":"<p>Services r\u00e9sidentiels et communautaires (SRC)<\/p>\n","protected":false},"author":14,"featured_media":0,"parent":106,"menu_order":6,"comment_status":"closed","ping_status":"closed","template":"","meta":{"om_disable_all_campaigns":false,"_monsterinsights_skip_tracking":false,"_monsterinsights_sitenote_active":false,"_monsterinsights_sitenote_note":"","_monsterinsights_sitenote_category":0,"_uf_show_specific_survey":0,"_uf_disable_surveys":false,"footnotes":""},"class_list":["post-26887","page","type-page","status-publish","hentry"],"_links":{"self":[{"href":"https:\/\/dev.scsonline.ca\/fr\/wp-json\/wp\/v2\/pages\/26887","targetHints":{"allow":["GET"]}}],"collection":[{"href":"https:\/\/dev.scsonline.ca\/fr\/wp-json\/wp\/v2\/pages"}],"about":[{"href":"https:\/\/dev.scsonline.ca\/fr\/wp-json\/wp\/v2\/types\/page"}],"author":[{"embeddable":true,"href":"https:\/\/dev.scsonline.ca\/fr\/wp-json\/wp\/v2\/users\/14"}],"replies":[{"embeddable":true,"href":"https:\/\/dev.scsonline.ca\/fr\/wp-json\/wp\/v2\/comments?post=26887"}],"version-history":[{"count":26,"href":"https:\/\/dev.scsonline.ca\/fr\/wp-json\/wp\/v2\/pages\/26887\/revisions"}],"predecessor-version":[{"id":40304,"href":"https:\/\/dev.scsonline.ca\/fr\/wp-json\/wp\/v2\/pages\/26887\/revisions\/40304"}],"up":[{"embeddable":true,"href":"https:\/\/dev.scsonline.ca\/fr\/wp-json\/wp\/v2\/pages\/106"}],"wp:attachment":[{"href":"https:\/\/dev.scsonline.ca\/fr\/wp-json\/wp\/v2\/media?parent=26887"}],"curies":[{"name":"wp","href":"https:\/\/api.w.org\/{rel}","templated":true}]}}