{"id":26526,"date":"2019-10-21T14:46:57","date_gmt":"2019-10-21T14:46:57","guid":{"rendered":"https:\/\/dev.scsonline.ca\/?page_id=26526"},"modified":"2019-10-21T14:50:19","modified_gmt":"2019-10-21T14:50:19","slug":"scs-logo","status":"publish","type":"page","link":"https:\/\/dev.scsonline.ca\/fr\/scs-logo\/","title":{"rendered":"scs logo"},"content":{"rendered":"<h2>T\u00e9l\u00e9chargement du logo de SCS<\/h2>\n<p><strong>Logo version fran\u00e7aise:<\/strong><\/p>\n<ul>\n<li><a href=\"https:\/\/dev.scsonline.ca\/wp-content\/uploads\/2019\/10\/SCS_logo_FR.png\" target=\"_blank\" rel=\"noopener noreferrer\">Format PNG<\/a><\/li>\n<li><a href=\"https:\/\/dev.scsonline.ca\/wp-content\/uploads\/2019\/10\/SCS_logo_FR.jpg\" target=\"_blank\" rel=\"noopener noreferrer\">Format JPG<\/a><\/li>\n<\/ul>\n<p><strong>Logo version anglaise:<\/strong><\/p>\n<ul>\n<li><a href=\"https:\/\/dev.scsonline.ca\/wp-content\/uploads\/2019\/10\/SCS_logo_EN.png\" target=\"_blank\" rel=\"noopener noreferrer\">Format PNG<\/a><\/li>\n<li><a href=\"https:\/\/dev.scsonline.ca\/wp-content\/uploads\/2019\/10\/SCS_logo_EN.jpg\" target=\"_blank\" rel=\"noopener noreferrer\">Format JPG<\/a><\/li>\n<\/ul>","protected":false},"excerpt":{"rendered":"<p>T\u00e9l\u00e9chargement du logo de SCS Logo version fran\u00e7aise: Format PNG Format JPG Logo version anglaise: Format PNG Format JPG<\/p>\n","protected":false},"author":14,"featured_media":0,"parent":0,"menu_order":0,"comment_status":"closed","ping_status":"closed","template":"","meta":{"om_disable_all_campaigns":false,"_monsterinsights_skip_tracking":false,"_monsterinsights_sitenote_active":false,"_monsterinsights_sitenote_note":"","_monsterinsights_sitenote_category":0,"_uf_show_specific_survey":0,"_uf_disable_surveys":false,"footnotes":""},"class_list":["post-26526","page","type-page","status-publish","hentry"],"_links":{"self":[{"href":"https:\/\/dev.scsonline.ca\/fr\/wp-json\/wp\/v2\/pages\/26526","targetHints":{"allow":["GET"]}}],"collection":[{"href":"https:\/\/dev.scsonline.ca\/fr\/wp-json\/wp\/v2\/pages"}],"about":[{"href":"https:\/\/dev.scsonline.ca\/fr\/wp-json\/wp\/v2\/types\/page"}],"author":[{"embeddable":true,"href":"https:\/\/dev.scsonline.ca\/fr\/wp-json\/wp\/v2\/users\/14"}],"replies":[{"embeddable":true,"href":"https:\/\/dev.scsonline.ca\/fr\/wp-json\/wp\/v2\/comments?post=26526"}],"version-history":[{"count":5,"href":"https:\/\/dev.scsonline.ca\/fr\/wp-json\/wp\/v2\/pages\/26526\/revisions"}],"predecessor-version":[{"id":26539,"href":"https:\/\/dev.scsonline.ca\/fr\/wp-json\/wp\/v2\/pages\/26526\/revisions\/26539"}],"wp:attachment":[{"href":"https:\/\/dev.scsonline.ca\/fr\/wp-json\/wp\/v2\/media?parent=26526"}],"curies":[{"name":"wp","href":"https:\/\/api.w.org\/{rel}","templated":true}]}}