{"id":25258,"date":"2019-01-21T13:58:46","date_gmt":"2019-01-21T13:58:46","guid":{"rendered":"https:\/\/dev.scsonline.ca\/?page_id=25258"},"modified":"2019-05-06T16:04:55","modified_gmt":"2019-05-06T16:04:55","slug":"service-definitions-dso","status":"publish","type":"page","link":"https:\/\/dev.scsonline.ca\/fr\/intake\/application-dsoer\/service-definitions-dso\/","title":{"rendered":"D\u00e9finitions des services (SOPDI)"},"content":{"rendered":"<h2>D\u00e9finitions des services<\/h2>\n<h4>Services et soutiens financ\u00e9s par le minist\u00e8re pour les adultes ayant une d\u00e9ficience intellectuelle<\/h4>\n<div class=\"su-accordion su-u-trim\">\n<div class=\"su-spoiler su-spoiler-style-default su-spoiler-icon-plus su-spoiler-closed\" data-scroll-offset=\"0\" data-anchor-in-url=\"no\"><div class=\"su-spoiler-title\" tabindex=\"0\" role=\"button\"><span class=\"su-spoiler-icon\"><\/span>Orientation au sein du syst\u00e8me de services<\/div><div class=\"su-spoiler-content su-u-clearfix su-u-trim\">\n<ul>\n<li>Nous vous aiderons \u00e0 d\u00e9buter votre demande de services pour les adultes ayant une d\u00e9ficience intellectuelle financ\u00e9s par le minist\u00e8re<\/li>\n<li>Confirmerons si vous \u00eates \u00e9ligible aux services pour les adultes ayant une d\u00e9ficience intellectuelle<\/li>\n<li>Offirons des renseignements au sujet des services pour les adultes ayant une d\u00e9ficience intellectuelle financ\u00e9s par <a href=\"https:\/\/www.mcss.gov.on.ca\/fr\/mcss\/index.aspx\" target=\"_blank\" rel=\"noopener\">MSESSC<\/a> et les ressources communautaires disponibles<\/li>\n<\/ul>\n<\/div><\/div>\n<div class=\"su-spoiler su-spoiler-style-default su-spoiler-icon-plus su-spoiler-closed\" data-scroll-offset=\"0\" data-anchor-in-url=\"no\"><div class=\"su-spoiler-title\" tabindex=\"0\" role=\"button\"><span class=\"su-spoiler-icon\"><\/span>Soutiens au logement<\/div><div class=\"su-spoiler-content su-u-clearfix su-u-trim\">\n<strong>Foyers de groupe et soutien \u00e0 la vie en groupe:<\/strong><\/p>\n<ul>\n<li>Vous vivrez avec quelques personnes sans lien de parent\u00e9<\/li>\n<li>Vous fournir un soutien jusqu\u2019\u00e0 24 heures par jour<\/li>\n<li>Vous accommoder en fonction de vos besoins et de vos capacit\u00e9s<\/li>\n<\/ul>\n<p><strong>Soutien \u00e0 la vie autonome:<\/strong><\/p>\n<ul>\n<li>Vous vivez de fa\u00e7on plus autonome<\/li>\n<li>Quelqu\u2019un vous aide dans vos activit\u00e9s quotidiennes<\/li>\n<li>Vous b\u00e9n\u00e9ficiez de 2 \u00e0 10 heures d\u2019assistance par jour chaque semaine<\/li>\n<li>Vous devez \u00eatre capable de faire des choses par vous-m\u00eame pendant la nuit, comme prendre un bain, brosser les dents, etc.<\/li>\n<\/ul>\n<p><strong>Famille d\u2019accueil\/soutien \u00e0 la vie dans une famille h\u00f4te:<\/strong><\/p>\n<ul>\n<li>Vous vivez avec une famille qui peut vous fournir des soins et du soutien<\/li>\n<li>Vous \u00eates encourag\u00e9 \u00e0 devenir un membre actif du m\u00e9nage<\/li>\n<li>Votre soutien correspond \u00e0 vos besoins<\/li>\n<li>Vous \u00eates jumel\u00e9 \u00e0 une famille qui a des int\u00e9r\u00eats, des besoins et un mode de vie similaires<\/li>\n<\/ul>\n<p><strong>R\u00e9sidence avec services de soutien intensif pour les personnes ayant une d\u00e9ficience intellectuelle:<\/strong><\/p>\n<ul>\n<li>Personnel de soutien disponible aux r\u00e9sidents 24\/7<\/li>\n<li>H\u00e9bergement pour une ou deux personnes<\/li>\n<li>Soutiens sp\u00e9cialis\u00e9s en mati\u00e8re de comportement et de soins m\u00e9dicaux<\/li>\n<li>Soutien pour la participation aux activit\u00e9s communautaires<\/li>\n<\/ul>\n<\/div><\/div>\n<div class=\"su-spoiler su-spoiler-style-default su-spoiler-icon-plus su-spoiler-closed\" data-scroll-offset=\"0\" data-anchor-in-url=\"no\"><div class=\"su-spoiler-title\" tabindex=\"0\" role=\"button\"><span class=\"su-spoiler-icon\"><\/span>Soutiens \u00e0 la participation communautaire<\/div><div class=\"su-spoiler-content su-u-clearfix su-u-trim\">\nDes organismes peuvent vous aider \u00e0 participer aux activit\u00e9s communautaires suivantes:<\/p>\n<ul>\n<li>Loisirs<\/li>\n<li>B\u00e9n\u00e9volat<\/li>\n<li>Aptitudes \u00e0 la vie quotidienne<\/li>\n<li>Possibilit\u00e9s d\u2019emploi<\/li>\n<\/ul>\n<\/div><\/div>\n<div class=\"su-spoiler su-spoiler-style-default su-spoiler-icon-plus su-spoiler-closed\" data-scroll-offset=\"0\" data-anchor-in-url=\"no\"><div class=\"su-spoiler-title\" tabindex=\"0\" role=\"button\"><span class=\"su-spoiler-icon\"><\/span>Services de rel\u00e8ve pour aidants naturels<\/div><div class=\"su-spoiler-content su-u-clearfix su-u-trim\">\nLes services de rel\u00e8ve pour aidants naturels donnent \u00e0 vos principaux aidants naturels une pause temporaire de leur routine quotidienne en vous fournissant des soins de diff\u00e9rentes fa\u00e7ons. Certains aidants naturels utilisent les fonds du programme Passeport pour choisir et payer leur propre soutien de rel\u00e8ve, tandis que d\u2019autres choisissent d\u2019utiliser un programme de rel\u00e8ve o\u00f9 ils peuvent rester pendant une courte p\u00e9riode, soit \u00e0 la maison ou \u00e0 l\u2019ext\u00e9rieur de la maison. Cela peut \u00eatre pendant la journ\u00e9e, le soir ou la fin de semaine.<br \/>\n<\/div><\/div>\n<div class=\"su-spoiler su-spoiler-style-default su-spoiler-icon-plus su-spoiler-closed\" data-scroll-offset=\"0\" data-anchor-in-url=\"no\"><div class=\"su-spoiler-title\" tabindex=\"0\" role=\"button\"><span class=\"su-spoiler-icon\"><\/span>Planification g\u00e9r\u00e9e par la personne<\/div><div class=\"su-spoiler-content su-u-clearfix su-u-trim\">\nUn plan g\u00e9r\u00e9 par une personne examine vos r\u00eaves et vos objectifs individuels et, avec le soutien d\u2019un organisme ou d\u2019une autre personne de soutien, vous aide \u00e0 trouver les outils et le financement dont vous avez besoin pour y parvenir.<\/p>\n<p>La cr\u00e9ation d\u2019un plan g\u00e9r\u00e9 par une personne vous aidera \u00e0:<\/p>\n<ul>\n<li>D\u00e9finir la vision de votre vie future<\/li>\n<li>Identifier vos points forts et vos talents<\/li>\n<li>Fixer des objectifs et faire des choix<\/li>\n<li>Trouver des moyens de participer \u00e0 la vie dans la communaut\u00e9<\/li>\n<li>Trouver des gens qui peuvent vous aider \u00e0 r\u00e9aliser vos r\u00eaves<\/li>\n<\/ul>\n<\/div><\/div>\n<div class=\"su-spoiler su-spoiler-style-default su-spoiler-icon-plus su-spoiler-closed\" data-scroll-offset=\"0\" data-anchor-in-url=\"no\"><div class=\"su-spoiler-title\" tabindex=\"0\" role=\"button\"><span class=\"su-spoiler-icon\"><\/span>Programme Passeport<\/div><div class=\"su-spoiler-content su-u-clearfix su-u-trim\">\nLe programme Passeport est un programme de remboursement qui aide les adultes ayant une d\u00e9ficience intellectuelle \u00e0 participer \u00e0 la vie de leur communaut\u00e9. Vous ou votre fournisseur de soins pouvez choisir de recevoir l\u2019argent directement ou d\u2019acheter vos mesures de soutien et vos services par l\u2019entremise d\u2019un organisme. Le programme Passeport offre du financement pour les services et les soutiens afin que vous puissiez:<\/p>\n<ul>\n<li>Participer \u00e0 des cours communautaires ou \u00e0 des programmes r\u00e9cr\u00e9atifs<\/li>\n<li>D\u00e9velopper des comp\u00e9tences de travail, de b\u00e9n\u00e9volat et \u00e0 la vie quotidienne<\/li>\n<li>Embaucher un travailleur de soutien<\/li>\n<li>Cr\u00e9er vos propres plans de vie (ce qu\u2019on appelle la planification g\u00e9r\u00e9e par la personne) pour atteindre vos objectifs<\/li>\n<li>Obtenir un r\u00e9pit temporaire pour votre ou vos fournisseurs de soins<\/li>\n<\/ul>\n<\/div><\/div>\n<div class=\"su-spoiler su-spoiler-style-default su-spoiler-icon-plus su-spoiler-closed\" data-scroll-offset=\"0\" data-anchor-in-url=\"no\"><div class=\"su-spoiler-title\" tabindex=\"0\" role=\"button\"><span class=\"su-spoiler-icon\"><\/span>Mise \u00e0 jour des dossiers ou r\u00e9\u00e9valuation<\/div><div class=\"su-spoiler-content su-u-clearfix su-u-trim\">\n<ul>\n<li>Votre processus de demande a d\u00e9j\u00e0 \u00e9t\u00e9 compl\u00e9t\u00e9 (<a href=\"http:\/\/www.sopdi.ca\/determiner-les-besoins-de-services-et-de-soutiens?na=23&amp;lm_lang=fr-ca\" target=\"_blank\" rel=\"noopener\">Demande de services et soutiens pour les personnes ayant une d\u00e9ficience intellectuelle et \u00c9chelle d\u2019intensit\u00e9 du soutien<\/a>) et votre situation a chang\u00e9, ce qui inclut soit un changement d&#8217;adresse, un changement \u00e0 l&#8217;\u00e9tat de sant\u00e9 de votre fournisseur de soins, ou si vous avez une nouvelle demande de service.<\/li>\n<\/ul>\n<\/div><\/div>\n<\/div>\n<h4>Soutiens sp\u00e9cialis\u00e9s:<\/h4>\n<div class=\"su-accordion su-u-trim\">\n<div class=\"su-spoiler su-spoiler-style-default su-spoiler-icon-plus su-spoiler-closed\" data-scroll-offset=\"0\" data-anchor-in-url=\"no\"><div class=\"su-spoiler-title\" tabindex=\"0\" role=\"button\"><span class=\"su-spoiler-icon\"><\/span>Programme de protection des adultes\/Services de gestion de cas<\/div><div class=\"su-spoiler-content su-u-clearfix su-u-trim\">\nUn travailleur du Programme de protection des adultes et un gestionnaire de cas peuvent vous rencontrer r\u00e9guli\u00e8rement pour vous aider \u00e0:<\/p>\n<ul>\n<li>Vous donner acc\u00e8s \u00e0 des soutiens communautaires et \u00e0 des services financ\u00e9s par le minist\u00e8re<\/li>\n<li>D\u00e9terminer vos points forts et vos besoins<\/li>\n<li>Vous tenir au courant des mesures de soutien et vous diriger vers celles dont vous avez besoin<\/li>\n<li>G\u00e9rer vos ressources communautaires et vos plans de services<\/li>\n<li>D\u00e9velopper des aptitudes \u00e0 la r\u00e9solution de probl\u00e8mes et \u00e0 la vie quotidienne, comme l\u2019\u00e9tablissement d\u2019un budget et l\u2019apprentissage de l\u2019utilisation des transports en commun<\/li>\n<\/ul>\n<p>Les gestionnaires de cas peuvent \u00e9galement d\u00e9velopper un plan g\u00e9r\u00e9 par une personne:<\/p>\n<ul>\n<li>D\u00e9finir la vision de votre vie future<\/li>\n<li>Identifier vos points forts et vos talents<\/li>\n<li>Fixer des objectifs et faire des choix<\/li>\n<li>Trouver des moyens de participer \u00e0 la vie dans la communaut\u00e9<\/li>\n<li>Trouver des gens qui peuvent vous aider \u00e0 r\u00e9aliser vos r\u00eaves<\/li>\n<\/ul>\n<p>Un travailleur du Programme de protection des adultes peut \u00e9galement d\u00e9velopper des aptitudes \u00e0 la r\u00e9solution de probl\u00e8mes et \u00e0 la vie quotidienne, comme l\u2019\u00e9tablissement d\u2019un budget et l\u2019apprentissage de l\u2019utilisation des transports en commun.<\/p>\n<p>Dans certaines communaut\u00e9s, les travailleurs du Programme de protection des adultes ont des titres diff\u00e9rents, comme coordonnateur de services ou travailleur de soutien pour adultes.<br \/>\n<\/div><\/div>\n<div class=\"su-spoiler su-spoiler-style-default su-spoiler-icon-plus su-spoiler-closed\" data-scroll-offset=\"0\" data-anchor-in-url=\"no\"><div class=\"su-spoiler-title\" tabindex=\"0\" role=\"button\"><span class=\"su-spoiler-icon\"><\/span>Services de th\u00e9rapie comportementale<\/div><div class=\"su-spoiler-content su-u-clearfix su-u-trim\">\nLes consultants de th\u00e9rapie comportementale peuvent vous aider \u00e0:<\/p>\n<ul>\n<li>\u00c9valuer votre capacit\u00e9 \u00e0 \u00eatre autonome et \u00e0 mettre en pratique vos comp\u00e9tences dans la vie quotidienne<\/li>\n<li>\u00c9laborer, cr\u00e9er et \u00e9valuer votre plan de traitement<\/li>\n<li>Vous offrir de la formation sur les strat\u00e9gies comportementales \u00e0 votre fournisseur de soins et \u00e0 d\u2019autres soutiens<\/li>\n<li>Vous enseigner des moyens de pr\u00e9venir une crise et des strat\u00e9gies de soutien<\/li>\n<\/ul>\n<p>Ce service est d\u00e9termin\u00e9 en \u00e9valuant vos besoins et peut vous \u00eatre offert directement ou par l\u2019entremise d\u2019un groupe.<br \/>\n<\/div><\/div>\n<div class=\"su-spoiler su-spoiler-style-default su-spoiler-icon-plus su-spoiler-closed\" data-scroll-offset=\"0\" data-anchor-in-url=\"no\"><div class=\"su-spoiler-title\" tabindex=\"0\" role=\"button\"><span class=\"su-spoiler-icon\"><\/span>Services de counseling (services aux personnes ayant une d\u00e9ficience intellectuelle de S.D.&amp; G.)<\/div><div class=\"su-spoiler-content su-u-clearfix su-u-trim\">\nTh\u00e9rapie et counselling: individus, groupes, familles, couples, gestion de la col\u00e8re, suivi de deuil, counselling concernant la sexualit\u00e9, la maltraitance, etc.<br \/>\n<\/div><\/div>\n<div class=\"su-spoiler su-spoiler-style-default su-spoiler-icon-plus su-spoiler-closed\" data-scroll-offset=\"0\" data-anchor-in-url=\"no\"><div class=\"su-spoiler-title\" tabindex=\"0\" role=\"button\"><span class=\"su-spoiler-icon\"><\/span>Services de double diagnostic<\/div><div class=\"su-spoiler-content su-u-clearfix su-u-trim\">\nC\u2019est un service bilingue qui s\u2019adresse aux personnes ayant un diagnostic double (une d\u00e9ficience intellectuelle doubl\u00e9e d\u2019une maladie mentale) et d\u2019autres besoins complexes et qui vivent \u00e0 Ottawa.<br \/>\n<\/div><\/div>\n<div class=\"su-spoiler su-spoiler-style-default su-spoiler-icon-plus su-spoiler-closed\" data-scroll-offset=\"0\" data-anchor-in-url=\"no\"><div class=\"su-spoiler-title\" tabindex=\"0\" role=\"button\"><span class=\"su-spoiler-icon\"><\/span>Intervention en milieu judiciaire<\/div><div class=\"su-spoiler-content su-u-clearfix su-u-trim\">\nL\u2019intervention en milieu judiciaire consiste \u00e0 fournir des services visant \u00e0 sortir les personnes du syst\u00e8me de justice p\u00e9nale pour les orienter vers le tribunal de la sant\u00e9 mentale et des services de sant\u00e9 mentale dans la collectivit\u00e9.<br \/>\n<\/div><\/div>\n<div class=\"su-spoiler su-spoiler-style-default su-spoiler-icon-plus su-spoiler-closed\" data-scroll-offset=\"0\" data-anchor-in-url=\"no\"><div class=\"su-spoiler-title\" tabindex=\"0\" role=\"button\"><span class=\"su-spoiler-icon\"><\/span>Ergoth\u00e9rapie<\/div><div class=\"su-spoiler-content su-u-clearfix su-u-trim\">\nL\u2019ergoth\u00e9rapie consiste \u00e0 offrir des services de r\u00e9adaptation, en mettant l\u2019accent sur une approche globale. L\u2019ergoth\u00e9rapie aide les personnes \u00e0 maintenir et d\u00e9velopper des comp\u00e9tences qui m\u00e8neront \u00e0 l\u2019autonomie dans les activit\u00e9.<br \/>\n<\/div><\/div>\n<div class=\"su-spoiler su-spoiler-style-default su-spoiler-icon-plus su-spoiler-closed\" data-scroll-offset=\"0\" data-anchor-in-url=\"no\"><div class=\"su-spoiler-title\" tabindex=\"0\" role=\"button\"><span class=\"su-spoiler-icon\"><\/span>Orthophonie<\/div><div class=\"su-spoiler-content su-u-clearfix su-u-trim\">\nTravailler avec les personnes en vue de leur offrir une th\u00e9rapie personnalis\u00e9e afin de contribuer \u00e0 l\u2019atteinte de leurs objectifs de communication (disponible uniquement au comt\u00e9 de Renfrew).<br \/>\n<\/div><\/div>\n<\/div>","protected":false},"excerpt":{"rendered":"<p>D\u00e9finitions des services Services et soutiens financ\u00e9s par le minist\u00e8re pour les adultes ayant une d\u00e9ficience intellectuelle Soutiens sp\u00e9cialis\u00e9s:<\/p>\n","protected":false},"author":2,"featured_media":0,"parent":6,"menu_order":0,"comment_status":"closed","ping_status":"closed","template":"","meta":{"om_disable_all_campaigns":false,"_monsterinsights_skip_tracking":false,"_monsterinsights_sitenote_active":false,"_monsterinsights_sitenote_note":"","_monsterinsights_sitenote_category":0,"_uf_show_specific_survey":0,"_uf_disable_surveys":false,"footnotes":""},"class_list":["post-25258","page","type-page","status-publish","hentry"],"_links":{"self":[{"href":"https:\/\/dev.scsonline.ca\/fr\/wp-json\/wp\/v2\/pages\/25258","targetHints":{"allow":["GET"]}}],"collection":[{"href":"https:\/\/dev.scsonline.ca\/fr\/wp-json\/wp\/v2\/pages"}],"about":[{"href":"https:\/\/dev.scsonline.ca\/fr\/wp-json\/wp\/v2\/types\/page"}],"author":[{"embeddable":true,"href":"https:\/\/dev.scsonline.ca\/fr\/wp-json\/wp\/v2\/users\/2"}],"replies":[{"embeddable":true,"href":"https:\/\/dev.scsonline.ca\/fr\/wp-json\/wp\/v2\/comments?post=25258"}],"version-history":[{"count":2,"href":"https:\/\/dev.scsonline.ca\/fr\/wp-json\/wp\/v2\/pages\/25258\/revisions"}],"predecessor-version":[{"id":25696,"href":"https:\/\/dev.scsonline.ca\/fr\/wp-json\/wp\/v2\/pages\/25258\/revisions\/25696"}],"up":[{"embeddable":true,"href":"https:\/\/dev.scsonline.ca\/fr\/wp-json\/wp\/v2\/pages\/6"}],"wp:attachment":[{"href":"https:\/\/dev.scsonline.ca\/fr\/wp-json\/wp\/v2\/media?parent=25258"}],"curies":[{"name":"wp","href":"https:\/\/api.w.org\/{rel}","templated":true}]}}