{"id":24729,"date":"2018-09-26T13:01:46","date_gmt":"2018-09-26T13:01:46","guid":{"rendered":"https:\/\/dev.scsonline.ca\/?page_id=24729"},"modified":"2024-03-04T06:15:29","modified_gmt":"2024-03-04T11:15:29","slug":"coordinated-service-planning-for-children-and-youth","status":"publish","type":"page","link":"https:\/\/dev.scsonline.ca\/fr\/services\/coordinated-service-planning-for-children-and-youth\/","title":{"rendered":"Planification coordonn\u00e9e des services pour les enfants et adolescents"},"content":{"rendered":"<h1>Planification coordonn\u00e9e des services pour les enfants et adolescents<\/h1>\n<div class=\"su-row\">\n<div class=\"su-column su-column-size-1-3\"><div class=\"su-column-inner su-u-clearfix su-u-trim\">\n<img decoding=\"async\" class=\"home-services\" style=\"border-color: #000;\" src=\"\/wp-content\/uploads\/2017\/06\/hands-circle-teamwork-logo-vector-4069606-300x214.png\" alt=\"Coordinated Service Planning for Children and Youth\" \/><br \/>\n<\/div><\/div>\n<div class=\"su-column su-column-size-2-3\"><div class=\"su-column-inner su-u-clearfix su-u-trim\">\n<img loading=\"lazy\" decoding=\"async\" class=\"alignnone size-full wp-image-26702\" src=\"https:\/\/dev.scsonline.ca\/wp-content\/uploads\/2020\/01\/scs-Region.png\" alt=\"icone: r\u00e9gion desservie\" width=\"42\" height=\"50\" \/><br \/>\n<strong>R\u00e9gion desservie:<\/strong> Ottawa<\/p>\n<hr \/>\n<p><img loading=\"lazy\" decoding=\"async\" class=\"alignnone size-full wp-image-26705\" src=\"https:\/\/dev.scsonline.ca\/wp-content\/uploads\/2020\/01\/scs-definition.png\" alt=\"icone: d\u00e9finition\" width=\"50\" height=\"50\" \/><br \/>\n<strong>D\u00e9finition:<\/strong><\/p>\n<p>La planification coordonn\u00e9e des services est un service qui a \u00e9t\u00e9 cr\u00e9\u00e9 pour aider les familles dont les enfants ou adolescents pr\u00e9sentent des besoins particuliers multiples et\/ou complexes. L\u2019objectif de la planification coordonn\u00e9e des services est de s\u2019assurer que tous les professionnels qui fournissent des soins \u00e0 un enfant travaillent en \u00e9quipe pour atteindre les objectifs que vise sa famille, et que la famille est tenue au courant de ce qui se passe tout au long.<\/p>\n<hr \/>\n<p><img loading=\"lazy\" decoding=\"async\" class=\"alignnone size-full wp-image-26707\" src=\"https:\/\/dev.scsonline.ca\/wp-content\/uploads\/2020\/01\/Eligibility.png\" alt=\"icone: crit\u00e8res d'admissibilit\u00e9\" width=\"38\" height=\"50\" \/><br \/>\n<strong>Crit\u00e8res d\u2019admissibilit\u00e9:<\/strong><\/p>\n<p>La planification coordonn\u00e9e des services s\u2019adresse aux familles:<\/p>\n<ul>\n<li>qui ont un enfant\/adolescent (jusqu\u2019\u00e0 l\u2019\u00e2ge de 21 ans) qui va encore \u00e0 l\u2019\u00e9cole<\/li>\n<li>qui ont un enfant\/adolescent qui a des besoins particuliers multiples et\/ou complexes<\/li>\n<li>dont l\u2019enfant\/adolescent re\u00e7oit des soins de la part d\u2019au moins 2 prestataires de services (y compris \u00e9cole, th\u00e9rapeutes, soutiens communautaires et professionnels de la sant\u00e9) et<\/li>\n<li>qui ont besoin d\u2019un soutien suppl\u00e9mentaire pour organiser les divers services n\u00e9cessaires.<\/li>\n<\/ul>\n<p>Ce service se concentre sur les besoins de l\u2019enfant et de sa famille, quels que soient les troubles qui ont \u00e9t\u00e9 diagnostiqu\u00e9s chez l\u2019enfant.<\/p>\n<hr \/>\n<p><img loading=\"lazy\" decoding=\"async\" class=\"alignnone size-full wp-image-26710\" src=\"https:\/\/dev.scsonline.ca\/wp-content\/uploads\/2020\/01\/scs-applications.png\" alt=\"icone: demande de service\" width=\"50\" height=\"47\" \/><br \/>\n<strong>Demande de service:<\/strong><\/p>\n<p><a href=\"https:\/\/www.cheo.on.ca\/fr\/clinics-services-programs\/coordinated-service-planning.aspx\" target=\"_blank\" rel=\"noopener noreferrer\">Visitez le site Web de CHEO pour compl\u00e9ter un formulaire de demande de service<\/a><\/p>\n<hr \/>\n<p><img loading=\"lazy\" decoding=\"async\" class=\"alignnone size-full wp-image-26712\" src=\"https:\/\/dev.scsonline.ca\/wp-content\/uploads\/2020\/01\/scs-cost.png\" alt=\"icone: co\u00fbt\" width=\"50\" height=\"50\" \/><br \/>\n<strong>Co\u00fbt:<\/strong> Gratuit<\/p>\n<hr \/>\n<p><img loading=\"lazy\" decoding=\"async\" class=\"alignnone size-full wp-image-26715\" src=\"https:\/\/dev.scsonline.ca\/wp-content\/uploads\/2020\/01\/scs-story.png\" alt=\"icone: histoires\" width=\"62\" height=\"50\" \/><br \/>\n<strong>Histoires:<\/strong><\/p>\n<p>N\/A<\/p>\n<hr \/>\n<p><img loading=\"lazy\" decoding=\"async\" class=\"alignnone size-full wp-image-26719\" src=\"https:\/\/dev.scsonline.ca\/wp-content\/uploads\/2020\/01\/scs-resources.png\" alt=\"icone: documents\" width=\"50\" height=\"50\" \/><br \/>\n<strong>Documents connexes et ressources importantes:<\/strong><\/p>\n<ul>\n<li><a href=\"https:\/\/www.cheo.on.ca\/fr\/clinics-services-programs\/coordinated-service-planning.aspx\" target=\"_blank\" rel=\"noopener noreferrer\">Site Web de CHEO<\/a><\/li>\n<\/ul>\n<hr \/>\n<p><img loading=\"lazy\" decoding=\"async\" class=\"alignnone size-full wp-image-26720\" src=\"https:\/\/dev.scsonline.ca\/wp-content\/uploads\/2020\/01\/scs-contact.png\" alt=\"icone: contact\" width=\"54\" height=\"50\" \/><br \/>\n<strong>Pour communiquer avec la Planification coordonn\u00e9e des services pour les enfants et adolescents<\/strong><br \/>\nCHEO:<\/p>\n<ul>\n<li>T\u00e9l\u00e9phone: 613-737-0871, extension 4425<\/li>\n<li>Sans frais: 1-800-565-4839, extension 4425<\/li>\n<\/ul>\n<hr \/>\n<p><img loading=\"lazy\" decoding=\"async\" class=\"alignnone size-full wp-image-26722\" src=\"https:\/\/dev.scsonline.ca\/wp-content\/uploads\/2020\/01\/scs-not-included.png\" alt=\"icone: non inclus dans ce service\" width=\"50\" height=\"50\" \/><br \/>\n<strong>Non inclus dans ce service:<\/strong><\/p>\n<p>La planification coordonn\u00e9e des services ne consiste aucunement \u00e0 offrir des services en double. Son objectif est de faciliter la communication entre la famille et les membres de son \u00e9quipe de soins. Elle offre la possibilit\u00e9 aux familles de se r\u00e9unir avec tous les professionnels des divers organismes et de travailler avec eux sur l\u2019\u00e9tablissement du plan de soins de leur enfant ou adolescent.<br \/>\n<\/div><\/div>\n<\/div>","protected":false},"excerpt":{"rendered":"<p>Planification coordonn\u00e9e des services pour les enfants et adolescents<\/p>\n","protected":false},"author":2,"featured_media":0,"parent":106,"menu_order":5,"comment_status":"closed","ping_status":"closed","template":"","meta":{"om_disable_all_campaigns":false,"_monsterinsights_skip_tracking":false,"_monsterinsights_sitenote_active":false,"_monsterinsights_sitenote_note":"","_monsterinsights_sitenote_category":0,"_uf_show_specific_survey":0,"_uf_disable_surveys":false,"footnotes":""},"class_list":["post-24729","page","type-page","status-publish","hentry"],"_links":{"self":[{"href":"https:\/\/dev.scsonline.ca\/fr\/wp-json\/wp\/v2\/pages\/24729","targetHints":{"allow":["GET"]}}],"collection":[{"href":"https:\/\/dev.scsonline.ca\/fr\/wp-json\/wp\/v2\/pages"}],"about":[{"href":"https:\/\/dev.scsonline.ca\/fr\/wp-json\/wp\/v2\/types\/page"}],"author":[{"embeddable":true,"href":"https:\/\/dev.scsonline.ca\/fr\/wp-json\/wp\/v2\/users\/2"}],"replies":[{"embeddable":true,"href":"https:\/\/dev.scsonline.ca\/fr\/wp-json\/wp\/v2\/comments?post=24729"}],"version-history":[{"count":26,"href":"https:\/\/dev.scsonline.ca\/fr\/wp-json\/wp\/v2\/pages\/24729\/revisions"}],"predecessor-version":[{"id":37088,"href":"https:\/\/dev.scsonline.ca\/fr\/wp-json\/wp\/v2\/pages\/24729\/revisions\/37088"}],"up":[{"embeddable":true,"href":"https:\/\/dev.scsonline.ca\/fr\/wp-json\/wp\/v2\/pages\/106"}],"wp:attachment":[{"href":"https:\/\/dev.scsonline.ca\/fr\/wp-json\/wp\/v2\/media?parent=24729"}],"curies":[{"name":"wp","href":"https:\/\/api.w.org\/{rel}","templated":true}]}}