{"id":22207,"date":"2017-08-02T15:23:47","date_gmt":"2017-08-02T15:23:47","guid":{"rendered":"http:\/\/dev.scsottawa.on.ca\/?page_id=22207"},"modified":"2023-12-11T13:23:42","modified_gmt":"2023-12-11T18:23:42","slug":"what-is-autism-spectrum-disorder","status":"publish","type":"page","link":"https:\/\/dev.scsonline.ca\/fr\/what-is-autism-spectrum-disorder\/","title":{"rendered":"Qu\u2019est-ce qu\u2019un trouble du spectre de l\u2019autisme (TSA)?"},"content":{"rendered":"<h1>Qu\u2019est-ce qu\u2019un trouble du spectre de l\u2019autisme (TSA)?<\/h1>\n<p>L\u2019autisme est un trouble neurologique complexe qui appara\u00eet habituellement durant les trois premi\u00e8res ann\u00e9es de la vie. Les personnes autistes traitent l\u2019information et y r\u00e9pondent chacune \u00e0 leur fa\u00e7on. La plupart des enfants autistes ont :<\/p>\n<ul>\n<li class=\"first-child\">des difficult\u00e9s \u00e0 \u00e9tablir des relations avec les autres;<\/li>\n<li>des difficult\u00e9s dans le domaine de la parole et de la communication non verbale;<\/li>\n<li class=\"last-child\">int\u00e9r\u00eats et des comportements limit\u00e9s et r\u00e9p\u00e9titifs, comme le battement des mains et le balancement.<\/li>\n<\/ul>\n<h2>Quelle est la cause de l\u2019autisme?<\/h2>\n<p>La cause de l\u2019autisme n\u2019est pas encore connue, mais des chercheurs du monde entier essaient de la d\u00e9couvrir.<\/p>\n<p>Chose certaine, l\u2019autisme ne d\u00e9coule pas de la fa\u00e7on dont on \u00e9l\u00e8ve un enfant. Il se peut qu\u2019un facteur physique entrave le d\u00e9veloppement de certaines parties du cerveau. Il existe de nombreuses th\u00e9ories pour expliquer ce ph\u00e9nom\u00e8ne. Selon ces th\u00e9ories, les causes peuvent \u00eatre g\u00e9n\u00e9tiques, des virus, un syst\u00e8me immunitaire d\u00e9ficient, des anomalies chromosomiques et des polluants.<br \/>\n<h2\u00ad>L\u2019autisme est-il r\u00e9pandu?<\/h2>\n<ul>\n<li class=\"first-child\">L\u2019autisme est quatre fois plus fr\u00e9quent chez les gar\u00e7ons que chez les filles.<\/li>\n<li>Les caract\u00e9ristiques li\u00e9es \u00e0 l\u2019autisme ont tendance \u00e0 \u00eatre h\u00e9r\u00e9ditaires.<\/li>\n<li>L\u2019autisme survient dans tous les groupes raciaux, ethniques, sociaux et \u00e9conomiques.<\/li>\n<li>L\u2019autisme touche pr\u00e8s d\u2019un enfant sur 165.<\/li>\n<li class=\"last-child\">Selon Autisme Ontario, il y a environ 70 000 personnes autistes en Ontario.<\/li>\n<\/ul>\n<p>&nbsp;","protected":false},"excerpt":{"rendered":"<p>Qu\u2019est-ce qu\u2019un trouble du spectre de l\u2019autisme (TSA)? L\u2019autisme est un trouble neurologique complexe qui appara\u00eet habituellement durant les trois premi\u00e8res ann\u00e9es de la vie. Les personnes autistes traitent l\u2019information et y r\u00e9pondent chacune \u00e0 leur fa\u00e7on. La plupart des enfants autistes ont : des difficult\u00e9s \u00e0 \u00e9tablir des relations avec les autres; des difficult\u00e9s &hellip; <a href=\"https:\/\/dev.scsonline.ca\/fr\/what-is-autism-spectrum-disorder\/\" class=\"more-link\">Continuer la lecture de <span class=\"screen-reader-text\">Qu\u2019est-ce qu\u2019un trouble du spectre de l\u2019autisme (TSA)?<\/span> <span class=\"meta-nav\">&rarr;<\/span><\/a><\/p>\n","protected":false},"author":2,"featured_media":0,"parent":0,"menu_order":0,"comment_status":"closed","ping_status":"closed","template":"","meta":{"om_disable_all_campaigns":false,"_monsterinsights_skip_tracking":false,"_monsterinsights_sitenote_active":false,"_monsterinsights_sitenote_note":"","_monsterinsights_sitenote_category":0,"_uf_show_specific_survey":0,"_uf_disable_surveys":false,"footnotes":""},"class_list":["post-22207","page","type-page","status-publish","hentry"],"_links":{"self":[{"href":"https:\/\/dev.scsonline.ca\/fr\/wp-json\/wp\/v2\/pages\/22207","targetHints":{"allow":["GET"]}}],"collection":[{"href":"https:\/\/dev.scsonline.ca\/fr\/wp-json\/wp\/v2\/pages"}],"about":[{"href":"https:\/\/dev.scsonline.ca\/fr\/wp-json\/wp\/v2\/types\/page"}],"author":[{"embeddable":true,"href":"https:\/\/dev.scsonline.ca\/fr\/wp-json\/wp\/v2\/users\/2"}],"replies":[{"embeddable":true,"href":"https:\/\/dev.scsonline.ca\/fr\/wp-json\/wp\/v2\/comments?post=22207"}],"version-history":[{"count":7,"href":"https:\/\/dev.scsonline.ca\/fr\/wp-json\/wp\/v2\/pages\/22207\/revisions"}],"predecessor-version":[{"id":36659,"href":"https:\/\/dev.scsonline.ca\/fr\/wp-json\/wp\/v2\/pages\/22207\/revisions\/36659"}],"wp:attachment":[{"href":"https:\/\/dev.scsonline.ca\/fr\/wp-json\/wp\/v2\/media?parent=22207"}],"curies":[{"name":"wp","href":"https:\/\/api.w.org\/{rel}","templated":true}]}}