{"id":22201,"date":"2017-08-02T15:18:44","date_gmt":"2017-08-02T15:18:44","guid":{"rendered":"http:\/\/dev.scsottawa.on.ca\/?page_id=22201"},"modified":"2023-12-11T13:25:46","modified_gmt":"2023-12-11T18:25:46","slug":"what-is-a-developmental-disability","status":"publish","type":"page","link":"https:\/\/dev.scsonline.ca\/fr\/what-is-a-developmental-disability\/","title":{"rendered":"Qu&#8217;est-ce qu&#8217;une d\u00e9ficience intellectuelle?"},"content":{"rendered":"<h1>Qu&#8217;est-ce qu&#8217;une d\u00e9ficience intellectuelle?<\/h1>\n<p>La Loi sur les services aux personnes ayant une d\u00e9ficience intellectuelle d\u00e9finit une d\u00e9ficience intellectuelle comme un \u00ab\u00e9tat d\u2019affaiblissement mental qui existe ou qui survient chez une personne pendant ses ann\u00e9es de formation et qui comprend des troubles d\u2019adaptation\u00bb.<\/p>\n<p>Une d\u00e9ficience intellectuelle dure toute la vie et peut s\u2019accompagner d\u2019affections physiques. Les d\u00e9ficiences intellectuelles varient beaucoup d\u2019une personne \u00e0 l\u2019autre. Une personne ayant une d\u00e9ficience intellectuelle peut avoir des aptitudes mentales limit\u00e9es et \u00e9prouver des difficult\u00e9s relativement \u00e0 de nombreuses activit\u00e9s de la vie quotidienne ou aptitudes \u00e0 la vie quotidienne, notamment en ce qui concerne ce qui suit: hygi\u00e8ne personnelle, habillage, communication, apprentissage, mobilit\u00e9, capacit\u00e9 de vivre de fa\u00e7on autonome, ind\u00e9pendance \u00e9conomique.<\/p>\n<p>Certaines personnes font l\u2019objet de ce qu\u2019on appelle un diagnostic mixte. Cela d\u00e9crit une personne chez qui l\u2019on diagnose une d\u00e9ficience intellectuelle et une maladie mentale. Pour en savoir plus veuillez consulter le Manuel diagnostique et statistique (DSM-IV).","protected":false},"excerpt":{"rendered":"<p>Qu&#8217;est-ce qu&#8217;une d\u00e9ficience intellectuelle? La Loi sur les services aux personnes ayant une d\u00e9ficience intellectuelle d\u00e9finit une d\u00e9ficience intellectuelle comme un \u00ab\u00e9tat d\u2019affaiblissement mental qui existe ou qui survient chez une personne pendant ses ann\u00e9es de formation et qui comprend des troubles d\u2019adaptation\u00bb. Une d\u00e9ficience intellectuelle dure toute la vie et peut s\u2019accompagner d\u2019affections physiques. &hellip; <a href=\"https:\/\/dev.scsonline.ca\/fr\/what-is-a-developmental-disability\/\" class=\"more-link\">Continuer la lecture de <span class=\"screen-reader-text\">Qu&#8217;est-ce qu&#8217;une d\u00e9ficience intellectuelle?<\/span> <span class=\"meta-nav\">&rarr;<\/span><\/a><\/p>\n","protected":false},"author":2,"featured_media":0,"parent":0,"menu_order":0,"comment_status":"closed","ping_status":"closed","template":"","meta":{"om_disable_all_campaigns":false,"_monsterinsights_skip_tracking":false,"_monsterinsights_sitenote_active":false,"_monsterinsights_sitenote_note":"","_monsterinsights_sitenote_category":0,"_uf_show_specific_survey":0,"_uf_disable_surveys":false,"footnotes":""},"class_list":["post-22201","page","type-page","status-publish","hentry"],"_links":{"self":[{"href":"https:\/\/dev.scsonline.ca\/fr\/wp-json\/wp\/v2\/pages\/22201","targetHints":{"allow":["GET"]}}],"collection":[{"href":"https:\/\/dev.scsonline.ca\/fr\/wp-json\/wp\/v2\/pages"}],"about":[{"href":"https:\/\/dev.scsonline.ca\/fr\/wp-json\/wp\/v2\/types\/page"}],"author":[{"embeddable":true,"href":"https:\/\/dev.scsonline.ca\/fr\/wp-json\/wp\/v2\/users\/2"}],"replies":[{"embeddable":true,"href":"https:\/\/dev.scsonline.ca\/fr\/wp-json\/wp\/v2\/comments?post=22201"}],"version-history":[{"count":5,"href":"https:\/\/dev.scsonline.ca\/fr\/wp-json\/wp\/v2\/pages\/22201\/revisions"}],"predecessor-version":[{"id":36662,"href":"https:\/\/dev.scsonline.ca\/fr\/wp-json\/wp\/v2\/pages\/22201\/revisions\/36662"}],"wp:attachment":[{"href":"https:\/\/dev.scsonline.ca\/fr\/wp-json\/wp\/v2\/media?parent=22201"}],"curies":[{"name":"wp","href":"https:\/\/api.w.org\/{rel}","templated":true}]}}