{"id":22018,"date":"2017-07-18T15:41:34","date_gmt":"2017-07-18T15:41:34","guid":{"rendered":"http:\/\/dev.scsottawa.on.ca\/?page_id=22018"},"modified":"2024-09-11T15:33:15","modified_gmt":"2024-09-11T19:33:15","slug":"ccm-eligibility-registration","status":"publish","type":"page","link":"https:\/\/dev.scsonline.ca\/fr\/intake\/case-management-intake\/ccm-eligibility-registration\/","title":{"rendered":"CCM &#8211; Admissibilit\u00e9 et Inscription"},"content":{"rendered":"<div style=\"line-height: 1.5em; padding: 20px;\">\n<div style=\"text-align: center;\">\n<h1>Gestion de cas pour enfants:<br \/>\ncrit\u00e8res d\u2019admissibilit\u00e9 et inscription<\/h1>\n<p>SCS offre de l\u2019information, du support et des conseils aux enfants ayant un diagnostic de d\u00e9ficience intellectuelle et\/ou du spectre de l&#8217;autisme (TSA).<\/p>\n<\/div>\n<hr \/>\n<h2>Crit\u00e8res d\u2019admissibilit\u00e9 de la gestion de cas pour enfants<\/h2>\n<p>L\u2019enfant doit satisfaire aux crit\u00e8res suivants afin d\u2019\u00eatre admissible \u00e0 la gestion de cas pour enfants de SCS:<\/p>\n<ul>\n<li>L\u2019enfant a un niveau de fonctionnement intellectuel g\u00e9n\u00e9ral sous la moyenne. Dans la plupart des cas, les r\u00e9sultats de l\u2019\u00e9valuation psychologique de l\u2019enfant sont en dessous du second percentile.<\/li>\n<li>L\u2019enfant a des limites importantes au niveau du fonctionnement adaptatif dans au moins 2 des domaines d\u2019habilet\u00e9s suivants : la communication, les soins personnels, les habilet\u00e9s de vie, les habilet\u00e9s sociales\/interpersonnelles, l\u2019utilisation des ressources communautaires, l\u2019autonomie dans les d\u00e9placements, les comp\u00e9tences scolaires fonctionnelles, le travail, les loisirs, la sant\u00e9 et la s\u00e9curit\u00e9.<\/li>\n<li>L\u2019enfant \u00e0 un diagnostic de trouble du spectre de l\u2019autisme.<\/li>\n<\/ul>\n<hr \/>\n<h2>Documents confirmant le diagnostic:<\/h2>\n<p>Si votre enfant rencontre les crit\u00e8res d\u2019admissibilit\u00e9 ci-dessus, vous devez partager les documents confirmant le diagnostic de d\u00e9ficience intellectuelle et\/ou TSA avec SCS.<\/p>\n<p>Pour confirmer le diagnostic de votre enfant, veuillez partager l\u2019un des documents suivant:<\/p>\n<ul>\n<li>\u00c9valuation d\u2019un psychologue<\/li>\n<li>\u00c9valuation d\u2019un p\u00e9diatre<\/li>\n<\/ul>\n<hr \/>\n<h2>Inscription:<\/h2>\n<p>\u00c0 cette \u00e9tape, vous avez confirm\u00e9 que votre enfant est admissible et vous avez fourni les documents confirmant le diagnostic.<br \/>\n<div class=\"su-row\">\n<div class=\"su-column su-column-size-1-2\"><div class=\"su-column-inner su-u-clearfix su-u-trim\">\n<strong>Option A: Communiquez avec SCS<\/strong><\/p>\n<p>La premi\u00e8re fois que vous communiquerez avec SCS vous serez mis en relation avec un gestionnaire de cas pour les enfants.<\/p>\n<p>Le gestionnaire de cas vous aidera \u00e0 terminer le processus d&#8217;inscription. Assurez-vous d\u2019avoir tous les documents confirmant le diagnostic avec vous.<\/p>\n<p>Veuillez communiquer avec SCS en composant le 613-748-1788. Un employ\u00e9 \u00e0 la r\u00e9ception dirigera votre appel \u00e0 un gestionnaire de cas pour les enfants.<br \/>\n<\/div><\/div>\n<div class=\"su-column su-column-size-1-2\"><div class=\"su-column-inner su-u-clearfix su-u-trim\">\n<strong>Option B: Compl\u00e9tez le formulaire d\u2019inscription en ligne<\/strong><\/p>\n<p>Si vous le d\u00e9sirez, vous pouvez aussi choisir de vous inscrire en compl\u00e9tant le formulaire d\u2019inscription en ligne.<\/p>\n<div style=\"margin-bottom: 15px;\"><a href=\"\/registration-form\/\" class=\"su-button su-button-style-default\" style=\"color:#FFFFFF;background-color:#065c82;border-color:#054a68;border-radius:5px\" target=\"_self\"><span style=\"color:#FFFFFF;padding:6px 16px;font-size:13px;line-height:20px;border-color:#518da8;border-radius:5px;text-shadow:none\"><i class=\"sui sui-edit\" style=\"font-size:13px;color:#FFFFFF\"><\/i> Inscription en ligne<\/span><\/a><\/div>\n<p>Un gestionnaire de cas pour les enfants communiquera avec vous lorsque vous aurez compl\u00e9t\u00e9 le formulaire d\u2019inscription.<br \/>\n<\/div><\/div>\n<\/div>\n<hr \/>\n<p>Visitez les liens ci-dessous pour en savoir plus au sujet du trouble envahissant du d\u00e9veloppement et\/ou du spectre de l&#8217;autisme (TSA).<\/p>\n<ul>\n<li><a href=\"\/what-is-a-developmental-disability\/\" target=\"_blank\" rel=\"noopener noreferrer\">Qu\u2019est-ce qu\u2019une d\u00e9ficience intellectuelle?<\/a><\/li>\n<li><a href=\"\/what-is-autism-spectrum-disorder\/\" target=\"_blank\" rel=\"noopener noreferrer\">Qu\u2019est-ce qu\u2019un trouble du spectre de l&#8217;autisme (TSA)?<\/a><\/li>\n<\/ul>\n<\/div>","protected":false},"excerpt":{"rendered":"<p>Gestion de cas pour enfants: crit\u00e8res d\u2019admissibilit\u00e9 et inscription SCS offre de l\u2019information, du support et des conseils aux enfants ayant un diagnostic de d\u00e9ficience intellectuelle et\/ou du spectre de l&#8217;autisme (TSA). Crit\u00e8res d\u2019admissibilit\u00e9 de la gestion de cas pour enfants L\u2019enfant doit satisfaire aux crit\u00e8res suivants afin d\u2019\u00eatre admissible \u00e0 la gestion de cas &hellip; <a href=\"https:\/\/dev.scsonline.ca\/fr\/intake\/case-management-intake\/ccm-eligibility-registration\/\" class=\"more-link\">Continuer la lecture de <span class=\"screen-reader-text\">CCM &#8211; Admissibilit\u00e9 et Inscription<\/span> <span class=\"meta-nav\">&rarr;<\/span><\/a><\/p>\n","protected":false},"author":2,"featured_media":0,"parent":133,"menu_order":0,"comment_status":"closed","ping_status":"closed","template":"","meta":{"om_disable_all_campaigns":false,"_monsterinsights_skip_tracking":false,"_monsterinsights_sitenote_active":false,"_monsterinsights_sitenote_note":"","_monsterinsights_sitenote_category":0,"_uf_show_specific_survey":0,"_uf_disable_surveys":false,"footnotes":""},"class_list":["post-22018","page","type-page","status-publish","hentry"],"_links":{"self":[{"href":"https:\/\/dev.scsonline.ca\/fr\/wp-json\/wp\/v2\/pages\/22018","targetHints":{"allow":["GET"]}}],"collection":[{"href":"https:\/\/dev.scsonline.ca\/fr\/wp-json\/wp\/v2\/pages"}],"about":[{"href":"https:\/\/dev.scsonline.ca\/fr\/wp-json\/wp\/v2\/types\/page"}],"author":[{"embeddable":true,"href":"https:\/\/dev.scsonline.ca\/fr\/wp-json\/wp\/v2\/users\/2"}],"replies":[{"embeddable":true,"href":"https:\/\/dev.scsonline.ca\/fr\/wp-json\/wp\/v2\/comments?post=22018"}],"version-history":[{"count":56,"href":"https:\/\/dev.scsonline.ca\/fr\/wp-json\/wp\/v2\/pages\/22018\/revisions"}],"predecessor-version":[{"id":38406,"href":"https:\/\/dev.scsonline.ca\/fr\/wp-json\/wp\/v2\/pages\/22018\/revisions\/38406"}],"up":[{"embeddable":true,"href":"https:\/\/dev.scsonline.ca\/fr\/wp-json\/wp\/v2\/pages\/133"}],"wp:attachment":[{"href":"https:\/\/dev.scsonline.ca\/fr\/wp-json\/wp\/v2\/media?parent=22018"}],"curies":[{"name":"wp","href":"https:\/\/api.w.org\/{rel}","templated":true}]}}