{"id":22009,"date":"2017-07-18T15:27:54","date_gmt":"2017-07-18T15:27:54","guid":{"rendered":"http:\/\/dev.scsottawa.on.ca\/?page_id=22009"},"modified":"2025-04-01T10:22:43","modified_gmt":"2025-04-01T14:22:43","slug":"respiteservices-com","status":"publish","type":"page","link":"https:\/\/dev.scsonline.ca\/fr\/services\/respiteservices-com\/","title":{"rendered":"respiteservices.com"},"content":{"rendered":"<h1>respiteservices.com \u00e0 Ottawa<\/h1>\n<div class=\"su-row\"><\/div>\n<div class=\"su-column su-column-size-1-3\"><div class=\"su-column-inner su-u-clearfix su-u-trim\"><\/div><\/div>\n<img decoding=\"async\" class=\"home-services\" style=\"border-color: #777ab5;\" src=\"\/wp-content\/uploads\/2017\/06\/rs-home.png\" alt=\"Banni\u00e8re de respiteservices.com \u00e0 Ottawa\" \/><br \/>\n<\/div><\/div>\n<div class=\"su-column su-column-size-2-3\"><div class=\"su-column-inner su-u-clearfix su-u-trim\"><\/div><\/div>\n<h2>respiteservices.com \u00e0 Ottawa n'est plus op\u00e9rationnel depuis 1er avril 2025<\/h2>\n<p>Nous vous remercions de votre participation \u00e0 respiteservices.com \u00e0 Ottawa, que ce soit en tant que personne \u00e0 la recherche d\u2019un fournisseur de soutien direct ou en tant que personne qui souhaite offrir un soutien direct \u00e0 quelqu\u2019un en Ontario. Malheureusement, ce site n'est plus op\u00e9rationnel depuis le 1er avril 2025. Le site a \u00e9t\u00e9 h\u00e9berg\u00e9 depuis son lancement initial par le Geneva Centre \u00e0 Toronto, qui a pris la difficile d\u00e9cision de mettre fin \u00e0 son r\u00f4le \u00e0 cet \u00e9gard. Nous vous conseillons vivement de communiquer avec nous pour obtenir de plus amples renseignements et des services de soutien dans notre communaut\u00e9. Nous travaillons activement \u00e0 la recherche de solutions de rechange, conscients de l\u2019importance de ce service pour les familles de l\u2019ensemble de la province. La confidentialit\u00e9 de vos renseignements est de la plus haute importance et demeurera prot\u00e9g\u00e9e.<\/p>\n<p>Nous avons inclus d'autres options ici:<\/p>\n<ul>\n<li><a href=\"https:\/\/www.facebook.com\/Le.SADJA?locale=fr_CA\" rel=\"noopener\" target=\"_blank\">Service d'aide \u00e0 domicile pour jeunes autistes \u2013 SADJA<\/a>, <a href=\"mailto:sadja.service@gmail.com\">sadja.service@gmail.com<\/a> ou 613-424-0668<\/li>\n<li><a href=\"https:\/\/www.facebook.com\/groups\/Ottawarespiteconnection\/\" rel=\"noopener\" target=\"_blank\">Ottawa Respite Connection (parents and workers Facebook group)<\/a><\/li>\n<li><a href=\"https:\/\/sparkcares.ca\/\" rel=\"noopener\" target=\"_blank\">Spark Life Care<\/a><\/li>\n<li><a href=\"https:\/\/www.bartimaeus.com\/\" rel=\"noopener\" target=\"_blank\">Bartimaeus<\/a><\/li>\n<li><a href=\"https:\/\/www.recrespite.com\/about-us\/\">Recreational respite<\/a><\/li>\n<li><a href=\"https:\/\/www.care.com\/en-ca\/profiles\/special-needs\/ottawa\" rel=\"noopener\" target=\"_blank\">Care.com<\/a><\/li>\n<li><a href=\"https:\/\/dr-cs.ca\/\" rel=\"noopener\" target=\"_blank\">Dynamite Respite And Community Services<\/a><\/li>\n<\/ul>","protected":false},"excerpt":{"rendered":"<p>D\u00e9sol\u00e9, cet article est seulement disponible en anglais<\/p>\n","protected":false},"author":2,"featured_media":0,"parent":106,"menu_order":4,"comment_status":"closed","ping_status":"closed","template":"","meta":{"om_disable_all_campaigns":false,"_monsterinsights_skip_tracking":false,"_monsterinsights_sitenote_active":false,"_monsterinsights_sitenote_note":"","_monsterinsights_sitenote_category":0,"_uf_show_specific_survey":0,"_uf_disable_surveys":false,"footnotes":""},"class_list":["post-22009","page","type-page","status-publish","hentry"],"_links":{"self":[{"href":"https:\/\/dev.scsonline.ca\/fr\/wp-json\/wp\/v2\/pages\/22009","targetHints":{"allow":["GET"]}}],"collection":[{"href":"https:\/\/dev.scsonline.ca\/fr\/wp-json\/wp\/v2\/pages"}],"about":[{"href":"https:\/\/dev.scsonline.ca\/fr\/wp-json\/wp\/v2\/types\/page"}],"author":[{"embeddable":true,"href":"https:\/\/dev.scsonline.ca\/fr\/wp-json\/wp\/v2\/users\/2"}],"replies":[{"embeddable":true,"href":"https:\/\/dev.scsonline.ca\/fr\/wp-json\/wp\/v2\/comments?post=22009"}],"version-history":[{"count":58,"href":"https:\/\/dev.scsonline.ca\/fr\/wp-json\/wp\/v2\/pages\/22009\/revisions"}],"predecessor-version":[{"id":39908,"href":"https:\/\/dev.scsonline.ca\/fr\/wp-json\/wp\/v2\/pages\/22009\/revisions\/39908"}],"up":[{"embeddable":true,"href":"https:\/\/dev.scsonline.ca\/fr\/wp-json\/wp\/v2\/pages\/106"}],"wp:attachment":[{"href":"https:\/\/dev.scsonline.ca\/fr\/wp-json\/wp\/v2\/media?parent=22009"}],"curies":[{"name":"wp","href":"https:\/\/api.w.org\/{rel}","templated":true}]}}