{"id":22006,"date":"2017-07-18T15:25:17","date_gmt":"2017-07-18T15:25:17","guid":{"rendered":"http:\/\/dev.scsottawa.on.ca\/?page_id=22006"},"modified":"2024-04-17T12:58:10","modified_gmt":"2024-04-17T16:58:10","slug":"dsoer","status":"publish","type":"page","link":"https:\/\/dev.scsonline.ca\/fr\/services\/dsoer\/","title":{"rendered":"SOPDIRE"},"content":{"rendered":"<h1>Services de l\u2019Ontario pour les personnes ayant une d\u00e9ficience intellectuelle (SOPDIRE)<\/h1>\n<div class=\"su-row\">\n<div class=\"su-column su-column-size-1-3\"><div class=\"su-column-inner su-u-clearfix su-u-trim\">\n<img decoding=\"async\" class=\"home-services\" style=\"border-color: #005f84;\" src=\"https:\/\/dev.scsonline.ca\/wp-content\/uploads\/2022\/07\/SOPDI_ER_Home.png\" alt=\"Services de l\u2019Ontario pour les personnes ayant une d\u00e9ficience intellectuelle\" \/><br \/>\n<\/div><\/div>\n<div class=\"su-column su-column-size-2-3\"><div class=\"su-column-inner su-u-clearfix su-u-trim\">\n<img loading=\"lazy\" decoding=\"async\" class=\"alignnone size-full wp-image-26702\" src=\"https:\/\/dev.scsonline.ca\/wp-content\/uploads\/2020\/01\/scs-Region.png\" alt=\"Icon: r\u00e9gion d\u00e9sservie\" width=\"42\" height=\"50\" \/><br \/>\n<strong>R\u00e9gion desservie:<\/strong> R\u00e9gion de l\u2019Est<\/p>\n<p>La r\u00e9gion de l\u2019Est comprend Ottawa; les comt\u00e9s unis de Stormont, Dundas et Glengarry; les comt\u00e9s unis de Prescott et Russell; et le comt\u00e9 de Renfrew.<\/p>\n<hr \/>\n<p><img loading=\"lazy\" decoding=\"async\" class=\"alignnone size-full wp-image-26705\" src=\"https:\/\/dev.scsonline.ca\/wp-content\/uploads\/2020\/01\/scs-definition.png\" alt=\"Icon: d\u00e9finition\" width=\"50\" height=\"50\" \/><br \/>\n<strong>D\u00e9finition:<\/strong><\/p>\n<p>Vous devez d\u00e9poser une demande avec SOPDIRE pour savoir si vous \u00eates admissible \u00e0 recevoir des services financ\u00e9s par le minist\u00e8re dans votre collectivit\u00e9. Les SOPDIRE vous aideront \u00e0:<\/p>\n<ul>\n<li>Comprendre et mener \u00e0 bien le processus de demande<\/li>\n<li>D\u00e9terminer le type de services et de soutiens dont vous avez besoin<\/li>\n<li>Avoir acc\u00e8s aux services et soutiens financ\u00e9s dont vous avez besoin lorsqu\u2019une place est disponible<\/li>\n<li>Trouver des renseignements dans votre collectivit\u00e9<\/li>\n<\/ul>\n<hr \/>\n<p><img loading=\"lazy\" decoding=\"async\" class=\"alignnone size-full wp-image-26707\" src=\"https:\/\/dev.scsonline.ca\/wp-content\/uploads\/2020\/01\/Eligibility.png\" alt=\"Icon: crit\u00e8res d'admissibilit\u00e9\" width=\"38\" height=\"50\" \/><br \/>\n<strong>Crit\u00e8res d\u2019admissibilit\u00e9:<\/strong><\/p>\n<p>Vous habitez dans la r\u00e9gion de l\u2019Est, vous avez une d\u00e9ficience intellectuelle et vous \u00eates \u00e2g\u00e9 de 18 ans.<\/p>\n<p>Vous pouvez seulement acc\u00e9der aux services lorsque vous atteignez l\u2019\u00e2ge de 18 ans. Cependant, vous pouvez commencer le processus \u00e0 16 ans et ainsi \u00eatre pr\u00eat \u00e0 trouver des services \u00e0 18 ans.<\/p>\n<p>Les documents requis pour confirmer l&#8217;admissibilit\u00e9 d&#8217;une personne comprennent:<\/p>\n<ul>\n<li>une \u00e9valuation ou un rapport psychologique sign\u00e9 par un psychologue ou un associ\u00e9 en psychologie agr\u00e9\u00e9 par l\u2019Ordre des psychologues de l\u2019Ontario (ou un organisme \u00e9quivalent d\u2019une autre province) qui mentionne que la personne a une d\u00e9ficience intellectuelle aux termes de la Loi et du R\u00e8glement;<\/li>\n<li>une preuve d\u2019\u00e2ge (le document indique le nom et la date de naissance de la personne); et<\/li>\n<li>une preuve de r\u00e9sidence en Ontario (documents indiquant le nom et l\u2019adresse de la personne et son statut de citoyennet\u00e9).<\/li>\n<\/ul>\n<p>Un navigateur de services \u00e0 SOPDIRE devra examiner les documents d\u2019appui fournis afin de confirmer si la personne est admissible aux services et soutiens pour les adultes ayant une d\u00e9ficience intellectuelle financ\u00e9s par le minist\u00e8re.<\/p>\n<p>Le formulaire de demande en ligne de SOPDIRE pour les services et soutiens aux adultes ayant une d\u00e9ficience intellectuelle est disponible \u00e0 ce lien:<\/p>\n<p><a href=\"https:\/\/dev.scsonline.ca\/fr\/intake\/application-dsoer\/\">https:\/\/dev.scsonline.ca\/fr\/intake\/application-dsoer\/<\/a><\/p>\n<hr \/>\n<p><img loading=\"lazy\" decoding=\"async\" class=\"alignnone size-full wp-image-26710\" src=\"https:\/\/dev.scsonline.ca\/wp-content\/uploads\/2020\/01\/scs-applications.png\" alt=\"Icon: application\" width=\"50\" height=\"47\" \/><br \/>\n<strong>Application:<\/strong><\/p>\n<p>Une fois que vous avez re\u00e7u une lettre de SOPDI vous indiquant si vous \u00eates admissible \u00e0 recevoir des services financ\u00e9s par le MSESSC, vous serez reli\u00e9 \u00e0 un \u00e9valuateur SOPDI dans votre r\u00e9gion. L\u2019\u00e9valuateur organisera 2 r\u00e9unions pour vous aider \u00e0 remplir une trousse de demande et \u00e0 d\u00e9terminer le niveau de soutien dont vous avez besoin.<\/p>\n<p>Chaque r\u00e9union durera environ 3 heures et vous aurez besoin d\u2019avoir au moins 2 personnes qui vous connaissent bien (p. ex. parent, tuteur, enseignant, etc.) avec vous aux r\u00e9unions.<\/p>\n<p>Une fois que l\u2019\u00e9valuateur conna\u00eetra vos besoins, vous serez mis en contact avec les services disponibles dans votre r\u00e9gion.<\/p>\n<p><strong>Important: SOPDIRE n\u2019offre pas de services, mais il g\u00e8rent le processus de demande et le registre pour acc\u00e9der aux services r\u00e9sidentiels et de participation communautaire. Le fait de remplir une trousse de demande ne garantit ni l\u2019acc\u00e8s ni le d\u00e9but de l\u2019offre des services. Il n\u2019est pas possible de dire combien de temps une personne restera dans un registre pour avoir acc\u00e8s \u00e0 un service, car cela d\u00e9pend de la disponibilit\u00e9 des services et des ressources dans cette r\u00e9gion<\/strong><\/p>\n<hr \/>\n<p><img loading=\"lazy\" decoding=\"async\" class=\"alignnone size-full wp-image-26712\" src=\"https:\/\/dev.scsonline.ca\/wp-content\/uploads\/2020\/01\/scs-cost.png\" alt=\"Icon: co\u00fbt\" width=\"50\" height=\"50\" \/><br \/>\n<strong>Co\u00fbt:<\/strong> Gratuit<\/p>\n<hr \/>\n<p><img loading=\"lazy\" decoding=\"async\" class=\"alignnone size-full wp-image-26715\" src=\"https:\/\/dev.scsonline.ca\/wp-content\/uploads\/2020\/01\/scs-story.png\" alt=\"Icon: histoires\" width=\"62\" height=\"50\" \/><br \/>\n<strong>Histoires:<\/strong><\/p>\n<p><a href=\"https:\/\/youtube.com\/playlist?list=PLmC-MX0LkO4DVUwNvZqCV6ue7m_sy7IBR&#038;si=61H2eGrQdPeThYi0\" target=\"_blank\" rel=\"noopener noreferrer\">Mon parcours SOPDI<\/a><br \/>\nLa campagne a mis l&#8217;accent sur le parcours de six personnes uniques et souligne leurs luttes et leurs r\u00e9alisations, ainsi que la fa\u00e7on dont l&#8217;acc\u00e8s aux services, la r\u00e9silience personnelle et celle des aidants naturels les ont aid\u00e9s \u00e0 devenir plus autonomes et actifs dans leur communaut\u00e9.<\/p>\n<hr \/>\n<p><img loading=\"lazy\" decoding=\"async\" class=\"alignnone size-full wp-image-26719\" src=\"https:\/\/dev.scsonline.ca\/wp-content\/uploads\/2020\/01\/scs-resources.png\" alt=\"Icone: documents\" width=\"50\" height=\"50\" \/><br \/>\n<strong>Documents connexes et ressources importantes:<\/strong><\/p>\n<ul style=\"margin-top: -20px;\">\n<li><a href=\"https:\/\/www.sopdi.ca\/fr\/about-us\" target=\"_blank\" rel=\"noopener noreferrer\">Services de l&#8217;Ontario pour les personnes ayant une d\u00e9ficience intellectuelle (SOPDI)<\/a><\/li>\n<li><a href=\"https:\/\/dev.scsonline.ca\/wp-content\/uploads\/2020\/11\/Presentation-SOPIDRE-pour-familles-Oct-2020.pdf\" target=\"_blank\" rel=\"noopener noreferrer\">S\u00e9ance d\u2019information sur les services aux adultes ayant une d\u00e9ficience intellectuelle<\/a><\/li>\n<li><a href=\"https:\/\/www.youtube.com\/watch?v=rhV-bId_pto\" target=\"_blank\" rel=\"noopener noreferrer\">Besoin d&#8217;aide pour trouver des ressources locales en mati\u00e8re de logement?<\/a><\/li>\n<li><a href=\"https:\/\/www.youtube.com\/watch?v=SheFUx3H9-c\" target=\"_blank\" rel=\"noopener noreferrer\">Transition des services aux jeunes ayant une d\u00e9ficience intellectuelle aux services aux adultes<\/a><\/li>\n<li><a href=\"https:\/\/www.youtube.com\/watch?v=xNFhESxnqPA\" target=\"_blank\" rel=\"noopener noreferrer\">Comment acc\u00e9der aux services<\/a><\/li>\n<li><a href=\"https:\/\/www.youtube.com\/watch?v=VCP3h71JbrI\" target=\"_blank\" rel=\"noopener noreferrer\">Crit\u00e8res d&#8217;admissibilit\u00e9<\/a><\/li>\n<\/ul>\n<div style=\"margin-left: 20px;\"><strong>Navigation en mati\u00e8re de logement<\/strong><\/div>\n<ul style=\"margin-top: 0px;\">\n<li><a href=\"https:\/\/dev.scsonline.ca\/wp-content\/uploads\/2023\/02\/SOPDI_Housing_Broch_7.375x8.5_2022_WEB.pdf\" target=\"_blank\" rel=\"noopener noreferrer\">D\u00e9pliant sur la navigation en mati\u00e8re de logememnt<\/a><\/li>\n<li><a href=\"https:\/\/www.youtube.com\/watch?v=MFeiuSl7Y70\" target=\"_blank\" rel=\"noopener noreferrer\">Vid\u00e9o sur la navigation en mati\u00e8re de logement pour les adultes ayant une d\u00e9ficience intellectuelle (en anglais)<\/a><\/li>\n<li><a href=\"https:\/\/dev.scsonline.ca\/fr\/services\/dsoer\/housing-navigation\/\" target=\"_blank\" rel=\"noopener noreferrer\">Navigation en mati\u00e8re de logement \u00e0 Ottawa<\/a><\/li>\n<\/ul>\n<hr \/>\n<p><img loading=\"lazy\" decoding=\"async\" class=\"alignnone size-full wp-image-26720\" src=\"https:\/\/dev.scsonline.ca\/wp-content\/uploads\/2020\/01\/scs-contact.png\" alt=\"Icone: contact\" width=\"54\" height=\"50\" \/><br \/>\n<strong>Pour communiquer avec SOPDIRE:<\/strong><\/p>\n<p>Courriel: <a href=\"mailto:admin@dsoer.ca\" target=\"_blank\" rel=\"noopener noreferrer\">admin@dsoer.ca<\/a><br \/>\nT\u00e9l\u00e9phone: 1-855-376-3737<br \/>\nT\u00e9l\u00e9scripteur: <a href=\"https:\/\/www.bell.ca\/Services_accessibilite\/Service_Relais_par_telescripteur\" rel=\"noopener\" target=\"_blank\">Service Relais par t\u00e9l\u00e9scripteur de Bell<\/a><br \/>\nT\u00e9l\u00e9copieur: 1-855-858-3737<\/p>\n<hr \/>\n<p><img loading=\"lazy\" decoding=\"async\" class=\"alignnone size-full wp-image-26720\" src=\"https:\/\/dev.scsonline.ca\/wp-content\/uploads\/2024\/04\/service-icon-feedback.png\" alt=\"Feedback\" width=\"54\" height=\"54\" \/><br \/>\n<strong>R\u00e9troaction<\/strong><\/p>\n<p>Vos commentaires sont importants pour nous. Veuillez prendre quelques minutes pour nous faire part de votre opinion <a href=\"http:\/\/sopdi.ca\/fr\/feedback\" rel=\"noopener\" target=\"_blank\">sopdi.ca\/fr\/feedback<\/a><\/p>\n<hr \/>\n<p><img loading=\"lazy\" decoding=\"async\" class=\"alignnone size-full wp-image-26722\" src=\"https:\/\/dev.scsonline.ca\/wp-content\/uploads\/2020\/01\/scs-not-included.png\" alt=\"Icone: non inclus dans ce service\" width=\"50\" height=\"50\" \/><br \/>\n<strong>Non inclus dans ce service:<\/strong><br \/>\nSOPDI ne fournit aucun service, c\u2019est le point d\u2019acc\u00e8s pour les services et soutiens aux adultes ayant une d\u00e9ficience intellectuelle, financ\u00e9s par le minist\u00e8re des Services \u00e0 l\u2019enfance et des Services sociaux et communautaires (MSESSC). Vous devez faire une demande par l\u2019entremise du SOPDI pour voir si vous \u00eates admissible \u00e0 obtenir des services.<br \/>\n<\/div><\/div>\n<\/div>","protected":false},"excerpt":{"rendered":"<p>Services de l\u2019Ontario pour les personnes ayant une d\u00e9ficience intellectuelle (SOPDIRE)<\/p>\n","protected":false},"author":2,"featured_media":0,"parent":106,"menu_order":3,"comment_status":"closed","ping_status":"closed","template":"","meta":{"om_disable_all_campaigns":false,"_monsterinsights_skip_tracking":false,"_monsterinsights_sitenote_active":false,"_monsterinsights_sitenote_note":"","_monsterinsights_sitenote_category":0,"_uf_show_specific_survey":0,"_uf_disable_surveys":false,"footnotes":""},"class_list":["post-22006","page","type-page","status-publish","hentry"],"_links":{"self":[{"href":"https:\/\/dev.scsonline.ca\/fr\/wp-json\/wp\/v2\/pages\/22006","targetHints":{"allow":["GET"]}}],"collection":[{"href":"https:\/\/dev.scsonline.ca\/fr\/wp-json\/wp\/v2\/pages"}],"about":[{"href":"https:\/\/dev.scsonline.ca\/fr\/wp-json\/wp\/v2\/types\/page"}],"author":[{"embeddable":true,"href":"https:\/\/dev.scsonline.ca\/fr\/wp-json\/wp\/v2\/users\/2"}],"replies":[{"embeddable":true,"href":"https:\/\/dev.scsonline.ca\/fr\/wp-json\/wp\/v2\/comments?post=22006"}],"version-history":[{"count":78,"href":"https:\/\/dev.scsonline.ca\/fr\/wp-json\/wp\/v2\/pages\/22006\/revisions"}],"predecessor-version":[{"id":37545,"href":"https:\/\/dev.scsonline.ca\/fr\/wp-json\/wp\/v2\/pages\/22006\/revisions\/37545"}],"up":[{"embeddable":true,"href":"https:\/\/dev.scsonline.ca\/fr\/wp-json\/wp\/v2\/pages\/106"}],"wp:attachment":[{"href":"https:\/\/dev.scsonline.ca\/fr\/wp-json\/wp\/v2\/media?parent=22006"}],"curies":[{"name":"wp","href":"https:\/\/api.w.org\/{rel}","templated":true}]}}