{"id":185,"date":"2017-07-17T20:14:23","date_gmt":"2017-07-17T20:14:23","guid":{"rendered":"http:\/\/dev.scsottawa.on.ca\/?page_id=185"},"modified":"2023-09-26T14:44:10","modified_gmt":"2023-09-26T18:44:10","slug":"whats-new","status":"publish","type":"page","link":"https:\/\/dev.scsonline.ca\/fr\/whats-new\/","title":{"rendered":"Quoi de neuf"},"content":{"rendered":"<h1>Quoi de neuf<\/h1>\n<div class=\"pt-cv-wrapper\"><div class=\"pt-cv-view pt-cv-grid pt-cv-colsys\" id=\"pt-cv-view-4c5c574erw\"><div data-id=\"pt-cv-page-1\" class=\"pt-cv-page\" data-cvc=\"3\"><div class=\"col-md-4 col-sm-6 col-xs-12 pt-cv-content-item pt-cv-1-col\" ><div class='pt-cv-ifield'><a href=\"https:\/\/dev.scsonline.ca\/fr\/2026\/04\/15\/new-client-portal-for-scs-administered-funding\/\" class=\"_blank pt-cv-href-thumbnail pt-cv-thumb-default\" target=\"_blank\" ><img loading=\"lazy\" decoding=\"async\" width=\"174\" height=\"96\" src=\"https:\/\/dev.scsonline.ca\/wp-content\/uploads\/2026\/04\/Screenshot-2026-01-27-110144.png\" class=\"pt-cv-thumbnail\" alt=\"\" \/><\/a>\n<h2 class=\"pt-cv-title\"><a href=\"https:\/\/dev.scsonline.ca\/fr\/2026\/04\/15\/new-client-portal-for-scs-administered-funding\/\" class=\"_blank\" target=\"_blank\" >Nouveau portail client pour le financement administr\u00e9 par le SCS<\/a><\/h2>\n<div class=\"pt-cv-taxoterm below_title\"><a href='https:\/\/dev.scsonline.ca\/fr\/category\/community\/' title='Communaut\u00e9' class='pt-cv-tax-community'>Communaut\u00e9<\/a><a href='https:\/\/dev.scsonline.ca\/fr\/category\/news\/' title='Nouvelles' class='pt-cv-tax-news'>Nouvelles<\/a><\/div>\n<div class=\"pt-cv-content\">Plus tard cette ann\u00e9e, le SCS commencera \u00e0 utiliser un portail client s\u00e9curis\u00e9 en ligne. Ce nouveau portail facilitera l&#8217;acc\u00e8s ...<\/div><\/div><\/div>\n<div class=\"col-md-4 col-sm-6 col-xs-12 pt-cv-content-item pt-cv-1-col\" ><div class='pt-cv-ifield'><a href=\"https:\/\/dev.scsonline.ca\/fr\/2025\/08\/28\/play-learn-and-develop-with-autism-moves\/\" class=\"_blank pt-cv-href-thumbnail pt-cv-thumb-default\" target=\"_blank\" ><img loading=\"lazy\" decoding=\"async\" width=\"240\" height=\"144\" src=\"https:\/\/dev.scsonline.ca\/wp-content\/uploads\/2025\/08\/Screenshot-2025-11-12-135842.png\" class=\"pt-cv-thumbnail\" alt=\"\" \/><\/a>\n<h2 class=\"pt-cv-title\"><a href=\"https:\/\/dev.scsonline.ca\/fr\/2025\/08\/28\/play-learn-and-develop-with-autism-moves\/\" class=\"_blank\" target=\"_blank\" >(English) Play, Learn and Develop with Autism Moves<\/a><\/h2>\n<div class=\"pt-cv-taxoterm below_title\"><a href='https:\/\/dev.scsonline.ca\/fr\/category\/autism\/' title='Autisme' class='pt-cv-tax-autism'>Autisme<\/a><a href='https:\/\/dev.scsonline.ca\/fr\/category\/community\/' title='Communaut\u00e9' class='pt-cv-tax-community'>Communaut\u00e9<\/a><a href='https:\/\/dev.scsonline.ca\/fr\/category\/2events\/' title='\u00c9v\u00e9nements' class='pt-cv-tax-2events'>\u00c9v\u00e9nements<\/a><a href='https:\/\/dev.scsonline.ca\/fr\/category\/3recreation\/' title='R\u00e9cr\u00e9ation' class='pt-cv-tax-3recreation'>R\u00e9cr\u00e9ation<\/a><\/div>\n<div class=\"pt-cv-content\">Test+ test ...<\/div><\/div><\/div>\n<div class=\"col-md-4 col-sm-6 col-xs-12 pt-cv-content-item pt-cv-1-col\" ><div class='pt-cv-ifield'><a href=\"https:\/\/dev.scsonline.ca\/fr\/2025\/08\/28\/independent-living-program\/\" class=\"_blank pt-cv-href-thumbnail pt-cv-thumb-default\" target=\"_blank\" ><img loading=\"lazy\" decoding=\"async\" width=\"300\" height=\"241\" src=\"https:\/\/dev.scsonline.ca\/wp-content\/uploads\/2025\/08\/Screenshot-2025-11-12-141558-300x241.png\" class=\"pt-cv-thumbnail\" alt=\"\" srcset=\"https:\/\/dev.scsonline.ca\/wp-content\/uploads\/2025\/08\/Screenshot-2025-11-12-141558-300x241.png 300w, https:\/\/dev.scsonline.ca\/wp-content\/uploads\/2025\/08\/Screenshot-2025-11-12-141558-e1762975014785.png 450w\" sizes=\"auto, (max-width: 300px) 100vw, 300px\" \/><\/a>\n<h2 class=\"pt-cv-title\"><a href=\"https:\/\/dev.scsonline.ca\/fr\/2025\/08\/28\/independent-living-program\/\" class=\"_blank\" target=\"_blank\" >(English) Independent Living Program<\/a><\/h2>\n<div class=\"pt-cv-taxoterm below_title\"><a href='https:\/\/dev.scsonline.ca\/fr\/category\/community\/' title='Communaut\u00e9' class='pt-cv-tax-community'>Communaut\u00e9<\/a><a href='https:\/\/dev.scsonline.ca\/fr\/category\/independence\/' title='Ind\u00e9pendance' class='pt-cv-tax-independence'>Ind\u00e9pendance<\/a><\/div>\n<div class=\"pt-cv-content\">D\u00e9sol\u00e9, cet article est seulement disponible en anglais ...<\/div><\/div><\/div>\n<div class=\"col-md-4 col-sm-6 col-xs-12 pt-cv-content-item pt-cv-1-col\" ><div class='pt-cv-ifield'><a href=\"https:\/\/dev.scsonline.ca\/fr\/2025\/07\/28\/le-ptit-bonheur\/\" class=\"_blank pt-cv-href-thumbnail pt-cv-thumb-default\" target=\"_blank\" ><img loading=\"lazy\" decoding=\"async\" width=\"300\" height=\"263\" src=\"https:\/\/dev.scsonline.ca\/wp-content\/uploads\/2025\/07\/Screenshot-2025-11-12-141830-300x263.png\" class=\"pt-cv-thumbnail\" alt=\"\" srcset=\"https:\/\/dev.scsonline.ca\/wp-content\/uploads\/2025\/07\/Screenshot-2025-11-12-141830-300x263.png 300w, https:\/\/dev.scsonline.ca\/wp-content\/uploads\/2025\/07\/Screenshot-2025-11-12-141830.png 450w\" sizes=\"auto, (max-width: 300px) 100vw, 300px\" \/><\/a>\n<h2 class=\"pt-cv-title\"><a href=\"https:\/\/dev.scsonline.ca\/fr\/2025\/07\/28\/le-ptit-bonheur\/\" class=\"_blank\" target=\"_blank\" >Le p&#8217;tit bonheur<\/a><\/h2>\n<div class=\"pt-cv-taxoterm below_title\"><a href='https:\/\/dev.scsonline.ca\/fr\/category\/community\/' title='Communaut\u00e9' class='pt-cv-tax-community'>Communaut\u00e9<\/a><a href='https:\/\/dev.scsonline.ca\/fr\/category\/3recreation\/' title='R\u00e9cr\u00e9ation' class='pt-cv-tax-3recreation'>R\u00e9cr\u00e9ation<\/a><a href='https:\/\/dev.scsonline.ca\/fr\/category\/services-and-programs\/' title='Services et programmes' class='pt-cv-tax-services-and-programs'>Services et programmes<\/a><\/div>\n<div class=\"pt-cv-content\">Ce programme de loisirs sociaux r\u00e9cr\u00e9atifs de jour s\u2019adresse aux adultes ayant des d\u00e9ficiences d\u00e9veloppementales et cognitives, qui seront invit\u00e9s ...<\/div><\/div><\/div>\n<div class=\"col-md-4 col-sm-6 col-xs-12 pt-cv-content-item pt-cv-1-col\" ><div class='pt-cv-ifield'><a href=\"https:\/\/dev.scsonline.ca\/fr\/2025\/07\/17\/authorized-medical-practitioners-for-the-purposes-of-the-medical-expense-tax-credit\/\" class=\"_blank pt-cv-href-thumbnail pt-cv-thumb-default\" target=\"_blank\" ><img loading=\"lazy\" decoding=\"async\" width=\"300\" height=\"178\" src=\"https:\/\/dev.scsonline.ca\/wp-content\/uploads\/2023\/01\/Housing-Tools3-300x178.png\" class=\"pt-cv-thumbnail\" alt=\"\" srcset=\"https:\/\/dev.scsonline.ca\/wp-content\/uploads\/2023\/01\/Housing-Tools3-300x178.png 300w, https:\/\/dev.scsonline.ca\/wp-content\/uploads\/2023\/01\/Housing-Tools3.png 554w\" sizes=\"auto, (max-width: 300px) 100vw, 300px\" \/><\/a>\n<h2 class=\"pt-cv-title\"><a href=\"https:\/\/dev.scsonline.ca\/fr\/2025\/07\/17\/authorized-medical-practitioners-for-the-purposes-of-the-medical-expense-tax-credit\/\" class=\"_blank\" target=\"_blank\" >Liste des professionnels de la sant\u00e9 autoris\u00e9s aux fins du cr\u00e9dit d&#8217;imp\u00f4t pour frais m\u00e9dicaux<\/a><\/h2>\n<div class=\"pt-cv-taxoterm below_title\"><a href='https:\/\/dev.scsonline.ca\/fr\/category\/news\/' title='Nouvelles' class='pt-cv-tax-news'>Nouvelles<\/a><a href='https:\/\/dev.scsonline.ca\/fr\/category\/5resources\/' title='Ressources' class='pt-cv-tax-5resources'>Ressources<\/a><\/div>\n<div class=\"pt-cv-content\">Liste des professionnels de la sant\u00e9 autoris\u00e9s aux fins du cr\u00e9dit d&#8217;imp\u00f4t pour frais m\u00e9dicaux &#8211; Canada.ca ...<\/div><\/div><\/div>\n<div class=\"col-md-4 col-sm-6 col-xs-12 pt-cv-content-item pt-cv-1-col\" ><div class='pt-cv-ifield'><a href=\"https:\/\/dev.scsonline.ca\/fr\/2025\/06\/13\/check-out-the-student-links-initiative-offered-by-community-living-ontario-%f0%9f%91%a5%e2%9c%a8%f0%9f%8c%8d\/\" class=\"_blank pt-cv-href-thumbnail pt-cv-thumb-default\" target=\"_blank\" ><img loading=\"lazy\" decoding=\"async\" width=\"300\" height=\"211\" src=\"https:\/\/dev.scsonline.ca\/wp-content\/uploads\/2025\/06\/Screenshot-2025-11-12-142418-300x211.png\" class=\"pt-cv-thumbnail\" alt=\"\" srcset=\"https:\/\/dev.scsonline.ca\/wp-content\/uploads\/2025\/06\/Screenshot-2025-11-12-142418-300x211.png 300w, https:\/\/dev.scsonline.ca\/wp-content\/uploads\/2025\/06\/Screenshot-2025-11-12-142418.png 702w\" sizes=\"auto, (max-width: 300px) 100vw, 300px\" \/><\/a>\n<h2 class=\"pt-cv-title\"><a href=\"https:\/\/dev.scsonline.ca\/fr\/2025\/06\/13\/check-out-the-student-links-initiative-offered-by-community-living-ontario-%f0%9f%91%a5%e2%9c%a8%f0%9f%8c%8d\/\" class=\"_blank\" target=\"_blank\" >Jetez un coup d&#8217;\u0153il \u00e0 l&#8217;initiative Student Links offerte par Community Living Ontario \ud83d\udc65<\/a><\/h2>\n<div class=\"pt-cv-taxoterm below_title\"><a href='https:\/\/dev.scsonline.ca\/fr\/category\/community\/' title='Communaut\u00e9' class='pt-cv-tax-community'>Communaut\u00e9<\/a><a href='https:\/\/dev.scsonline.ca\/fr\/category\/employment\/' title='Emploi' class='pt-cv-tax-employment'>Emploi<\/a><a href='https:\/\/dev.scsonline.ca\/fr\/category\/volunteer\/' title='B\u00e9n\u00e9volat' class='pt-cv-tax-volunteer'>B\u00e9n\u00e9volat<\/a><\/div>\n<div class=\"pt-cv-content\">Student Links est une initiative de mentorat qui travaille avec des \u00e9l\u00e8ves du secondaire \u00e2g\u00e9s de 14 \u00e0 21 ans, ...<\/div><\/div><\/div>\n<div class=\"col-md-4 col-sm-6 col-xs-12 pt-cv-content-item pt-cv-1-col\" ><div class='pt-cv-ifield'><a href=\"https:\/\/dev.scsonline.ca\/fr\/2025\/06\/06\/the-core-learning-centre-is-accepting-new-clients\/\" class=\"_blank pt-cv-href-thumbnail pt-cv-thumb-default\" target=\"_blank\" ><img loading=\"lazy\" decoding=\"async\" width=\"300\" height=\"293\" src=\"https:\/\/dev.scsonline.ca\/wp-content\/uploads\/2025\/06\/Screenshot-2025-11-12-142622-300x293.png\" class=\"pt-cv-thumbnail\" alt=\"\" srcset=\"https:\/\/dev.scsonline.ca\/wp-content\/uploads\/2025\/06\/Screenshot-2025-11-12-142622-300x293.png 300w, https:\/\/dev.scsonline.ca\/wp-content\/uploads\/2025\/06\/Screenshot-2025-11-12-142622.png 372w\" sizes=\"auto, (max-width: 300px) 100vw, 300px\" \/><\/a>\n<h2 class=\"pt-cv-title\"><a href=\"https:\/\/dev.scsonline.ca\/fr\/2025\/06\/06\/the-core-learning-centre-is-accepting-new-clients\/\" class=\"_blank\" target=\"_blank\" >(English) The CORE Learning Centre is accepting new clients!<\/a><\/h2>\n<div class=\"pt-cv-taxoterm below_title\"><a href='https:\/\/dev.scsonline.ca\/fr\/category\/children\/' title='Enfants' class='pt-cv-tax-children'>Enfants<\/a><a href='https:\/\/dev.scsonline.ca\/fr\/category\/community\/' title='Communaut\u00e9' class='pt-cv-tax-community'>Communaut\u00e9<\/a><a href='https:\/\/dev.scsonline.ca\/fr\/category\/services-and-programs\/' title='Services et programmes' class='pt-cv-tax-services-and-programs'>Services et programmes<\/a><\/div>\n<div class=\"pt-cv-content\">D\u00e9sol\u00e9, cet article est seulement disponible en anglais ...<\/div><\/div><\/div>\n<div class=\"col-md-4 col-sm-6 col-xs-12 pt-cv-content-item pt-cv-1-col\" ><div class='pt-cv-ifield'><a href=\"https:\/\/dev.scsonline.ca\/fr\/2025\/05\/30\/province-exempting-canada-disability-benefit-as-income-to-protect-recipients-from-benefit-reductions\/\" class=\"_blank pt-cv-href-thumbnail pt-cv-thumb-default\" target=\"_blank\" ><img loading=\"lazy\" decoding=\"async\" width=\"300\" height=\"199\" src=\"https:\/\/dev.scsonline.ca\/wp-content\/uploads\/2025\/05\/Screenshot-2025-09-24-140016-300x199.png\" class=\"pt-cv-thumbnail\" alt=\"\" srcset=\"https:\/\/dev.scsonline.ca\/wp-content\/uploads\/2025\/05\/Screenshot-2025-09-24-140016-300x199.png 300w, https:\/\/dev.scsonline.ca\/wp-content\/uploads\/2025\/05\/Screenshot-2025-09-24-140016.png 493w\" sizes=\"auto, (max-width: 300px) 100vw, 300px\" \/><\/a>\n<h2 class=\"pt-cv-title\"><a href=\"https:\/\/dev.scsonline.ca\/fr\/2025\/05\/30\/province-exempting-canada-disability-benefit-as-income-to-protect-recipients-from-benefit-reductions\/\" class=\"_blank\" target=\"_blank\" >(English) Province exempting Canada Disability Benefit as income to protect recipients from benefit reductions<\/a><\/h2>\n<div class=\"pt-cv-taxoterm below_title\"><a href='https:\/\/dev.scsonline.ca\/fr\/category\/funding\/' title='Financement' class='pt-cv-tax-funding'>Financement<\/a><a href='https:\/\/dev.scsonline.ca\/fr\/category\/news\/' title='Nouvelles' class='pt-cv-tax-news'>Nouvelles<\/a><a href='https:\/\/dev.scsonline.ca\/fr\/category\/ontario\/' title='Ontario' class='pt-cv-tax-ontario'>Ontario<\/a><\/div>\n<div class=\"pt-cv-content\">D\u00e9sol\u00e9, cet article est seulement disponible en anglais ...<\/div><\/div><\/div>\n<div class=\"col-md-4 col-sm-6 col-xs-12 pt-cv-content-item pt-cv-1-col\" ><div class='pt-cv-ifield'><a href=\"https:\/\/dev.scsonline.ca\/fr\/2025\/05\/30\/are-you-applying-for-the-ontario-disability-support-program-odsp-for-yourself-or-your-autistic-child\/\" class=\"_blank pt-cv-href-thumbnail pt-cv-thumb-default\" target=\"_blank\" ><img loading=\"lazy\" decoding=\"async\" width=\"300\" height=\"199\" src=\"https:\/\/dev.scsonline.ca\/wp-content\/uploads\/2025\/05\/Screenshot-2025-08-22-083804-300x199.png\" class=\"pt-cv-thumbnail\" alt=\"\" srcset=\"https:\/\/dev.scsonline.ca\/wp-content\/uploads\/2025\/05\/Screenshot-2025-08-22-083804-300x199.png 300w, https:\/\/dev.scsonline.ca\/wp-content\/uploads\/2025\/05\/Screenshot-2025-08-22-083804-1024x678.png 1024w, https:\/\/dev.scsonline.ca\/wp-content\/uploads\/2025\/05\/Screenshot-2025-08-22-083804-768x508.png 768w, https:\/\/dev.scsonline.ca\/wp-content\/uploads\/2025\/05\/Screenshot-2025-08-22-083804.png 1272w\" sizes=\"auto, (max-width: 300px) 100vw, 300px\" \/><\/a>\n<h2 class=\"pt-cv-title\"><a href=\"https:\/\/dev.scsonline.ca\/fr\/2025\/05\/30\/are-you-applying-for-the-ontario-disability-support-program-odsp-for-yourself-or-your-autistic-child\/\" class=\"_blank\" target=\"_blank\" >(English) Are you applying for the Ontario Disability Support Program (ODSP) for yourself or your autistic child?<\/a><\/h2>\n<div class=\"pt-cv-taxoterm below_title\"><a href='https:\/\/dev.scsonline.ca\/fr\/category\/community\/' title='Communaut\u00e9' class='pt-cv-tax-community'>Communaut\u00e9<\/a><a href='https:\/\/dev.scsonline.ca\/fr\/category\/employment\/' title='Emploi' class='pt-cv-tax-employment'>Emploi<\/a><a href='https:\/\/dev.scsonline.ca\/fr\/category\/funding\/' title='Financement' class='pt-cv-tax-funding'>Financement<\/a><a href='https:\/\/dev.scsonline.ca\/fr\/category\/news\/' title='Nouvelles' class='pt-cv-tax-news'>Nouvelles<\/a><a href='https:\/\/dev.scsonline.ca\/fr\/category\/ontario\/' title='Ontario' class='pt-cv-tax-ontario'>Ontario<\/a><\/div>\n<div class=\"pt-cv-content\">D\u00e9sol\u00e9, cet article est seulement disponible en anglais ...<\/div><\/div><\/div>\n<div class=\"col-md-4 col-sm-6 col-xs-12 pt-cv-content-item pt-cv-1-col\" ><div class='pt-cv-ifield'><a href=\"https:\/\/dev.scsonline.ca\/fr\/2025\/05\/02\/two-new-tipsheets-available-on-passportfunding-ca\/\" class=\"_blank pt-cv-href-thumbnail pt-cv-thumb-default\" target=\"_blank\" ><img loading=\"lazy\" decoding=\"async\" width=\"300\" height=\"99\" src=\"https:\/\/dev.scsonline.ca\/wp-content\/uploads\/2025\/05\/Screenshot-2025-11-13-084516-300x99.png\" class=\"pt-cv-thumbnail\" alt=\"\" srcset=\"https:\/\/dev.scsonline.ca\/wp-content\/uploads\/2025\/05\/Screenshot-2025-11-13-084516-300x99.png 300w, https:\/\/dev.scsonline.ca\/wp-content\/uploads\/2025\/05\/Screenshot-2025-11-13-084516.png 316w\" sizes=\"auto, (max-width: 300px) 100vw, 300px\" \/><\/a>\n<h2 class=\"pt-cv-title\"><a href=\"https:\/\/dev.scsonline.ca\/fr\/2025\/05\/02\/two-new-tipsheets-available-on-passportfunding-ca\/\" class=\"_blank\" target=\"_blank\" >(English) Two New Tipsheets Available on passportfunding.ca<\/a><\/h2>\n<div class=\"pt-cv-taxoterm below_title\"><a href='https:\/\/dev.scsonline.ca\/fr\/category\/funding\/' title='Financement' class='pt-cv-tax-funding'>Financement<\/a><a href='https:\/\/dev.scsonline.ca\/fr\/category\/news\/' title='Nouvelles' class='pt-cv-tax-news'>Nouvelles<\/a><a href='https:\/\/dev.scsonline.ca\/fr\/category\/5resources\/' title='Ressources' class='pt-cv-tax-5resources'>Ressources<\/a><a href='https:\/\/dev.scsonline.ca\/fr\/category\/services-and-programs\/' title='Services et programmes' class='pt-cv-tax-services-and-programs'>Services et programmes<\/a><\/div>\n<div class=\"pt-cv-content\">D\u00e9sol\u00e9, cet article est seulement disponible en anglais ...<\/div><\/div><\/div>\n<div class=\"col-md-4 col-sm-6 col-xs-12 pt-cv-content-item pt-cv-1-col\" ><div class='pt-cv-ifield'><a href=\"https:\/\/dev.scsonline.ca\/fr\/2025\/05\/02\/confused-about-the-difference-between-dso-and-passport\/\" class=\"_blank pt-cv-href-thumbnail pt-cv-thumb-default\" target=\"_blank\" ><img loading=\"lazy\" decoding=\"async\" width=\"100\" height=\"37\" src=\"https:\/\/dev.scsonline.ca\/wp-content\/uploads\/2025\/05\/Screenshot-2025-11-13-084651-e1763041652522.png\" class=\"pt-cv-thumbnail\" alt=\"\" \/><\/a>\n<h2 class=\"pt-cv-title\"><a href=\"https:\/\/dev.scsonline.ca\/fr\/2025\/05\/02\/confused-about-the-difference-between-dso-and-passport\/\" class=\"_blank\" target=\"_blank\" >(English) Confused about the difference between DSO and Passport?<\/a><\/h2>\n<div class=\"pt-cv-taxoterm below_title\"><a href='https:\/\/dev.scsonline.ca\/fr\/category\/funding\/' title='Financement' class='pt-cv-tax-funding'>Financement<\/a><a href='https:\/\/dev.scsonline.ca\/fr\/category\/news\/' title='Nouvelles' class='pt-cv-tax-news'>Nouvelles<\/a><a href='https:\/\/dev.scsonline.ca\/fr\/category\/5resources\/' title='Ressources' class='pt-cv-tax-5resources'>Ressources<\/a><\/div>\n<div class=\"pt-cv-content\">D\u00e9sol\u00e9, cet article est seulement disponible en anglais ...<\/div><\/div><\/div>\n<div class=\"col-md-4 col-sm-6 col-xs-12 pt-cv-content-item pt-cv-1-col\" ><div class='pt-cv-ifield'><a href=\"https:\/\/dev.scsonline.ca\/fr\/2025\/04\/25\/ontario-government-cheo-break-ground-on-new-integrated-treatment-centre\/\" class=\"_blank pt-cv-href-thumbnail pt-cv-thumb-default\" target=\"_blank\" ><img loading=\"lazy\" decoding=\"async\" width=\"300\" height=\"165\" src=\"https:\/\/dev.scsonline.ca\/wp-content\/uploads\/2025\/04\/Screenshot-2025-11-13-084847-300x165.png\" class=\"pt-cv-thumbnail\" alt=\"\" srcset=\"https:\/\/dev.scsonline.ca\/wp-content\/uploads\/2025\/04\/Screenshot-2025-11-13-084847-300x165.png 300w, https:\/\/dev.scsonline.ca\/wp-content\/uploads\/2025\/04\/Screenshot-2025-11-13-084847-1024x563.png 1024w, https:\/\/dev.scsonline.ca\/wp-content\/uploads\/2025\/04\/Screenshot-2025-11-13-084847-768x422.png 768w, https:\/\/dev.scsonline.ca\/wp-content\/uploads\/2025\/04\/Screenshot-2025-11-13-084847.png 1035w\" sizes=\"auto, (max-width: 300px) 100vw, 300px\" \/><\/a>\n<h2 class=\"pt-cv-title\"><a href=\"https:\/\/dev.scsonline.ca\/fr\/2025\/04\/25\/ontario-government-cheo-break-ground-on-new-integrated-treatment-centre\/\" class=\"_blank\" target=\"_blank\" >L\u2019Ontario inaugure un nouveau centre de traitement pour enfants \u00e0 Ottawa<\/a><\/h2>\n<div class=\"pt-cv-taxoterm below_title\"><a href='https:\/\/dev.scsonline.ca\/fr\/category\/children\/' title='Enfants' class='pt-cv-tax-children'>Enfants<\/a><a href='https:\/\/dev.scsonline.ca\/fr\/category\/community\/' title='Communaut\u00e9' class='pt-cv-tax-community'>Communaut\u00e9<\/a><a href='https:\/\/dev.scsonline.ca\/fr\/category\/health\/' title='Sant\u00e9' class='pt-cv-tax-health'>Sant\u00e9<\/a><a href='https:\/\/dev.scsonline.ca\/fr\/category\/services-and-programs\/' title='Services et programmes' class='pt-cv-tax-services-and-programs'>Services et programmes<\/a><\/div>\n<div class=\"pt-cv-content\">Le nouveau Centre de traitement int\u00e9gr\u00e9 du CHEO prot\u00e9gera les soins de sant\u00e9 provinciaux en fournissant un acc\u00e8s \u00e0 des ...<\/div><\/div><\/div><\/div><\/div><\/div>\n<div class=\"su-button-center\"><a href=\"\/fr\/whats-new\/whats-new-all-updates\/\" class=\"su-button su-button-style-glass su-button-wide\" style=\"color:#FFFFFF;background-color:#065c82;border-color:#054a68;border-radius:12px\" target=\"_blank\" rel=\"noopener noreferrer\"><span style=\"color:#FFFFFF;padding:0px 30px;font-size:22px;line-height:44px;border-color:#518da8;border-radius:12px;text-shadow:none\"> Cliquez ici pour toutes les mises \u00e0 jour<\/span><\/a><\/div>\n<hr \/>\n<p><strong>Clause de non-responsabilit\u00e9<\/strong><br \/>\nLes ressources list\u00e9es le sont \u00e0 titre informatif uniquement, et ne repr\u00e9sentent pas une association privil\u00e9gi\u00e9e avec SCS. En utilisant ces ressources, vous assumez tous les risques et toutes les responsabilit\u00e9s.","protected":false},"excerpt":{"rendered":"<p>Quoi de neuf Clause de non-responsabilit\u00e9 Les ressources list\u00e9es le sont \u00e0 titre informatif uniquement, et ne repr\u00e9sentent pas une association privil\u00e9gi\u00e9e avec SCS. En utilisant ces ressources, vous assumez tous les risques et toutes les responsabilit\u00e9s.<\/p>\n","protected":false},"author":2,"featured_media":0,"parent":0,"menu_order":0,"comment_status":"closed","ping_status":"closed","template":"","meta":{"om_disable_all_campaigns":false,"_monsterinsights_skip_tracking":false,"_monsterinsights_sitenote_active":false,"_monsterinsights_sitenote_note":"","_monsterinsights_sitenote_category":0,"_uf_show_specific_survey":0,"_uf_disable_surveys":false,"footnotes":""},"class_list":["post-185","page","type-page","status-publish","hentry"],"_links":{"self":[{"href":"https:\/\/dev.scsonline.ca\/fr\/wp-json\/wp\/v2\/pages\/185","targetHints":{"allow":["GET"]}}],"collection":[{"href":"https:\/\/dev.scsonline.ca\/fr\/wp-json\/wp\/v2\/pages"}],"about":[{"href":"https:\/\/dev.scsonline.ca\/fr\/wp-json\/wp\/v2\/types\/page"}],"author":[{"embeddable":true,"href":"https:\/\/dev.scsonline.ca\/fr\/wp-json\/wp\/v2\/users\/2"}],"replies":[{"embeddable":true,"href":"https:\/\/dev.scsonline.ca\/fr\/wp-json\/wp\/v2\/comments?post=185"}],"version-history":[{"count":44,"href":"https:\/\/dev.scsonline.ca\/fr\/wp-json\/wp\/v2\/pages\/185\/revisions"}],"predecessor-version":[{"id":36223,"href":"https:\/\/dev.scsonline.ca\/fr\/wp-json\/wp\/v2\/pages\/185\/revisions\/36223"}],"wp:attachment":[{"href":"https:\/\/dev.scsonline.ca\/fr\/wp-json\/wp\/v2\/media?parent=185"}],"curies":[{"name":"wp","href":"https:\/\/api.w.org\/{rel}","templated":true}]}}