{"id":172,"date":"2017-07-17T19:56:22","date_gmt":"2017-07-17T19:56:22","guid":{"rendered":"http:\/\/dev.scsottawa.on.ca\/?page_id=172"},"modified":"2025-04-01T10:20:00","modified_gmt":"2025-04-01T14:20:00","slug":"contact-us","status":"publish","type":"page","link":"https:\/\/dev.scsonline.ca\/fr\/contact-us\/","title":{"rendered":"Nous rejoindre"},"content":{"rendered":"<h1>Nous rejoindre<\/h1>\n<h2>Trouver nos bureaux<\/h2>\n<p><strong>Nos bureaux sont situ\u00e9s au 1400 boul. St. Laurent, bureau 507, Ottawa (Ontario) K1K 4H4.<\/strong><br \/>\n<a href=\"https:\/\/www.google.ca\/maps\/dir\/\/1400+St.+Laurent+Blvd,+Ottawa,+ON+K1K+4H4\/@45.4241303,-75.6607398,12z\/data=!4m8!4m7!1m0!1m5!1m1!1s0x4cce0f86ce0977d3:0xfdacb05e7c2a5b38!2m2!1d-75.6413263!2d45.420557!5m1!1e4?entry=ttu\" target=\"_blank\" rel=\"noopener\">Itin\u00e9raire vers nos bureaux \u00e0 partir de votre emplacement disponible ici<\/a><\/p>\n<p><iframe loading=\"lazy\" style=\"border: 0;\" src=\"https:\/\/www.google.com\/maps\/embed?pb=!1m18!1m12!1m3!1d2800.443673031904!2d-75.64390122402466!3d45.4205569710733!2m3!1f0!2f0!3f0!3m2!1i1024!2i768!4f13.1!3m3!1m2!1s0x4cce0f86ce0977d3%3A0xfdacb05e7c2a5b38!2s1400%20St.%20Laurent%20Blvd%2C%20Ottawa%2C%20ON%20K1K%204H4!5e0!3m2!1sen!2sca!4v1689190112621!5m2!1sen!2sca\" width=\"100%\" height=\"400px\" allowfullscreen=\"allowfullscreen\"><\/iframe><\/p>\n<h2>Heures d&#8217;ouverture<\/h2>\n<p><strong>8h30 \u00e0 16h, lundi au vendredi<\/strong><\/p>\n<h2>Nous joindre par courriel ou t\u00e9l\u00e9phone<\/h2>\n<div class=\"su-row\"><div class=\"su-column su-column-size-1-2\"><div class=\"su-column-inner su-u-clearfix su-u-trim\">\n<strong>Service Coordination Soutien (SCS) pour les personnes ayant une d\u00e9ficience intellectuelle<\/strong><\/p>\n<ul>\n<li>Courriel g\u00e9n\u00e9ral: <a href=\"mailto:admin@scsonline.ca\" target=\"_blank\" rel=\"noopener noreferrer\">admin@scsonline.ca<\/a><\/li>\n<li>T\u00e9l\u00e9phone: 613-748-1788<\/li>\n<li>T\u00e9l\u00e9scripteur: <a href=\"https:\/\/www.bell.ca\/Services_accessibilite\/Service_Relais_par_telescripteur\" target=\"_blank\" rel=\"noopener\">Service Relais par t\u00e9l\u00e9scripteur de Bell<\/a><\/li>\n<li>Fax: 613-748-1018<\/li>\n<\/ul>\n<\/div><\/div>\n<div class=\"su-column su-column-size-1-2\"><div class=\"su-column-inner su-u-clearfix su-u-trim\">\n<strong>Services de l&#8217;Ontario pour les personnes ayant une d\u00e9ficience intellectuelle de la r\u00e9gion de l&#8217;Est<\/strong><br \/>\nNous recevons actuellement un volume \u00e9lev\u00e9 d&#8217;appels et de courriels. Sachez que votre message est important pour nous et que nous vous r\u00e9pondrons d\u00e8s que possible. Merci de votre patience!<\/p>\n<ul>\n<li>Courriel g\u00e9n\u00e9ral: <a href=\"mailto:admin@dsoer.ca\">admin@dsoer.ca<\/a><\/li>\n<li>T\u00e9l\u00e9phone: 1-855-376-3737<\/li>\n<li>T\u00e9l\u00e9scripteur: <a href=\"https:\/\/www.bell.ca\/Services_accessibilite\/Service_Relais_par_telescripteur\" target=\"_blank\" rel=\"noopener\">Service Relais par t\u00e9l\u00e9scripteur de Bell<\/a><\/li>\n<li>Fax: 1-855-858-3737<\/li>\n<\/ul>\n<\/div><\/div><\/div>\n<p><strong>Service d&#8217;accueil \u00e0 la gestion de cas pour enfants \u00e0 SCS<\/strong><br \/>\n<a href=\"mailto:childrensintake@scsonline.ca\">childrensintake@scsonline.ca<\/a><\/p>\n<h2>Salle de ressources \u00e0 SCS<\/h2>\n<p>Si vous n\u2019avez pas de gestionnaire de cas assign\u00e9 \u00e0 SCS, vous pouvez recevoir de l\u2019aide par l\u2019interm\u00e9diaire de notre salle de ressources en prenant rendez-vous en ligne \u00e0 l\u2019adresse <a href=\"https:\/\/dev.scsonline.ca\/rendez-vous\">scsonline.ca\/rendez-vous<\/a>. Nous vous demanderons de s\u00e9lectionner un service et de fournir des renseignements sur l\u2019aide que vous recherchez, ce qui nous aidera \u00e0 pr\u00e9parer votre rendez-vous.","protected":false},"excerpt":{"rendered":"<p>Nous rejoindre Trouver nos bureaux Nos bureaux sont situ\u00e9s au 1400 boul. St. Laurent, bureau 507, Ottawa (Ontario) K1K 4H4. Itin\u00e9raire vers nos bureaux \u00e0 partir de votre emplacement disponible ici Heures d&#8217;ouverture 8h30 \u00e0 16h, lundi au vendredi Nous joindre par courriel ou t\u00e9l\u00e9phone Service d&#8217;accueil \u00e0 la gestion de cas pour enfants \u00e0 &hellip; <a href=\"https:\/\/dev.scsonline.ca\/fr\/contact-us\/\" class=\"more-link\">Continuer la lecture de <span class=\"screen-reader-text\">Nous rejoindre<\/span> <span class=\"meta-nav\">&rarr;<\/span><\/a><\/p>\n","protected":false},"author":2,"featured_media":0,"parent":0,"menu_order":0,"comment_status":"closed","ping_status":"closed","template":"","meta":{"om_disable_all_campaigns":false,"_monsterinsights_skip_tracking":false,"_monsterinsights_sitenote_active":false,"_monsterinsights_sitenote_note":"","_monsterinsights_sitenote_category":0,"_uf_show_specific_survey":0,"_uf_disable_surveys":false,"footnotes":""},"class_list":["post-172","page","type-page","status-publish","hentry"],"_links":{"self":[{"href":"https:\/\/dev.scsonline.ca\/fr\/wp-json\/wp\/v2\/pages\/172","targetHints":{"allow":["GET"]}}],"collection":[{"href":"https:\/\/dev.scsonline.ca\/fr\/wp-json\/wp\/v2\/pages"}],"about":[{"href":"https:\/\/dev.scsonline.ca\/fr\/wp-json\/wp\/v2\/types\/page"}],"author":[{"embeddable":true,"href":"https:\/\/dev.scsonline.ca\/fr\/wp-json\/wp\/v2\/users\/2"}],"replies":[{"embeddable":true,"href":"https:\/\/dev.scsonline.ca\/fr\/wp-json\/wp\/v2\/comments?post=172"}],"version-history":[{"count":529,"href":"https:\/\/dev.scsonline.ca\/fr\/wp-json\/wp\/v2\/pages\/172\/revisions"}],"predecessor-version":[{"id":39906,"href":"https:\/\/dev.scsonline.ca\/fr\/wp-json\/wp\/v2\/pages\/172\/revisions\/39906"}],"wp:attachment":[{"href":"https:\/\/dev.scsonline.ca\/fr\/wp-json\/wp\/v2\/media?parent=172"}],"curies":[{"name":"wp","href":"https:\/\/api.w.org\/{rel}","templated":true}]}}