{"id":152,"date":"2017-07-17T18:58:28","date_gmt":"2017-07-17T18:58:28","guid":{"rendered":"http:\/\/dev.scsottawa.on.ca\/?page_id=152"},"modified":"2025-09-12T15:10:12","modified_gmt":"2025-09-12T19:10:12","slug":"job-opportunities","status":"publish","type":"page","link":"https:\/\/dev.scsonline.ca\/fr\/about-us\/job-opportunities\/","title":{"rendered":"Offres d&#8217;emploi"},"content":{"rendered":"<h1>Opportunit\u00e9s de carri\u00e8re<\/h1>\n<p>SCS est \u00e0 la recherche de candidats comp\u00e9tents afin de combler le(s) poste(s) suivant(s):<\/p>\n<p>&nbsp;","protected":false},"excerpt":{"rendered":"<p>Opportunit\u00e9s de carri\u00e8re SCS est \u00e0 la recherche de candidats comp\u00e9tents afin de combler le(s) poste(s) suivant(s): &nbsp;<\/p>\n","protected":false},"author":2,"featured_media":0,"parent":95,"menu_order":2,"comment_status":"closed","ping_status":"closed","template":"","meta":{"om_disable_all_campaigns":false,"_monsterinsights_skip_tracking":false,"_monsterinsights_sitenote_active":false,"_monsterinsights_sitenote_note":"","_monsterinsights_sitenote_category":0,"_uf_show_specific_survey":0,"_uf_disable_surveys":false,"footnotes":""},"class_list":["post-152","page","type-page","status-publish","hentry"],"_links":{"self":[{"href":"https:\/\/dev.scsonline.ca\/fr\/wp-json\/wp\/v2\/pages\/152","targetHints":{"allow":["GET"]}}],"collection":[{"href":"https:\/\/dev.scsonline.ca\/fr\/wp-json\/wp\/v2\/pages"}],"about":[{"href":"https:\/\/dev.scsonline.ca\/fr\/wp-json\/wp\/v2\/types\/page"}],"author":[{"embeddable":true,"href":"https:\/\/dev.scsonline.ca\/fr\/wp-json\/wp\/v2\/users\/2"}],"replies":[{"embeddable":true,"href":"https:\/\/dev.scsonline.ca\/fr\/wp-json\/wp\/v2\/comments?post=152"}],"version-history":[{"count":816,"href":"https:\/\/dev.scsonline.ca\/fr\/wp-json\/wp\/v2\/pages\/152\/revisions"}],"predecessor-version":[{"id":40616,"href":"https:\/\/dev.scsonline.ca\/fr\/wp-json\/wp\/v2\/pages\/152\/revisions\/40616"}],"up":[{"embeddable":true,"href":"https:\/\/dev.scsonline.ca\/fr\/wp-json\/wp\/v2\/pages\/95"}],"wp:attachment":[{"href":"https:\/\/dev.scsonline.ca\/fr\/wp-json\/wp\/v2\/media?parent=152"}],"curies":[{"name":"wp","href":"https:\/\/api.w.org\/{rel}","templated":true}]}}