{"id":146,"date":"2017-07-17T18:49:09","date_gmt":"2017-07-17T18:49:09","guid":{"rendered":"http:\/\/dev.scsottawa.on.ca\/?page_id=146"},"modified":"2025-09-17T14:30:57","modified_gmt":"2025-09-17T18:30:57","slug":"board-of-directors","status":"publish","type":"page","link":"https:\/\/dev.scsonline.ca\/fr\/about-us\/board-of-directors\/","title":{"rendered":"Conseil d\u2019administration"},"content":{"rendered":"<h1>Conseil d\u2019administration et comit\u00e9s<\/h1>\n<p>Le Conseil d\u2019administration de SCS a \u00e9t\u00e9 \u00e9tabli en 1995.<\/p>\n<p><strong>\u00c0 propos du Conseil d'administration<\/strong><\/p>\n<ul style=\"margin-top: -15px;\">\n<li>Compos\u00e9 de b\u00e9n\u00e9voles de notre communaut\u00e9<\/li>\n<li>Supervise SCS dans l'int\u00e9r\u00eat de l'organisation, d'une mani\u00e8re qui refl\u00e8te la mission, la vision et les valeurs de l'organisation et qui respecte sa constitution et ses r\u00e8glements<\/li>\n<li>D\u00e9termine la vision et l'orientation strat\u00e9gique de SCS<\/li>\n<\/ul>\n<p><strong>Le Conseil d'administration est responsable de la gestion de la soci\u00e9t\u00e9, notamment en ce qui concerne<\/strong>:<\/p>\n<ul style=\"margin-top: -15px;\">\n<li>L'\u00e9valuation de la performance du directeur g\u00e9n\u00e9ral<\/li>\n<li>La supervision et la participation \u00e0 la planification strat\u00e9gique de la soci\u00e9t\u00e9.<\/li>\n<li>La politique du conseil d'administration<\/li>\n<\/ul>\n<div class=\"su-spacer\" style=\"height:10px\"><\/div>\n<h2>Membres du Conseil d'administration<\/h2>\n<div class=\"su-row\"><div class=\"su-column su-column-size-1-6\"><div class=\"su-column-inner su-u-clearfix su-u-trim\">\n<\/div><\/div><div class=\"su-column su-column-size-1-6\"><div class=\"su-column-inner su-u-clearfix su-u-trim\">\n<img loading=\"lazy\" decoding=\"async\" class=\"aligncenter size-full wp-image-36169\" src=\"\/wp-content\/uploads\/2024\/09\/Kirksten-circle.png\" alt=\"\" width=\"160\" height=\"160\" \/><\/p>\n<p style=\"text-align: center;\"><a href=\"https:\/\/dev.scsonline.ca\/fr\/about-us\/board-of-directors\/kirsten-gallacher-paquette\/\" target=\"_blank\" rel=\"noopener noreferrer\"><strong>Gallacher-Paquette, Kirsten \u2013 <\/strong><\/a><strong><a href=\"https:\/\/dev.scsonline.ca\/en\/about-us\/board-of-directors\/michele-brenning\/\" target=\"_blank\" rel=\"noopener\"><span class=\"VIpgJd-yAWNEb-VIpgJd-fmcmS-sn54Q\">Pr\u00e9sidente int\u00e9rimaire du conseil d&#8217;administration<\/span><\/a><\/strong><\/p>\n<\/div><\/div><div class=\"su-column su-column-size-1-6\"><div class=\"su-column-inner su-u-clearfix su-u-trim\">\n<img loading=\"lazy\" decoding=\"async\" class=\"aligncenter size-full wp-image-36168\" src=\"\/wp-content\/uploads\/2024\/09\/Jared-circle.png\" alt=\"\" width=\"160\" height=\"160\" \/><\/p>\n<p style=\"text-align: center;\"><a href=\"https:\/\/dev.scsonline.ca\/fr\/about-us\/board-of-directors\/jared-kitcher\/\" target=\"_blank\" rel=\"noopener noreferrer\"><strong>Kitcher, Jared \u2013 Secr\u00e9taire<\/strong><\/a><\/p>\n<\/div><\/div><div class=\"su-column su-column-size-1-6\"><div class=\"su-column-inner su-u-clearfix su-u-trim\">\n<img loading=\"lazy\" decoding=\"async\" class=\"aligncenter size-full wp-image-36160\" src=\"\/wp-content\/uploads\/2024\/09\/Matthew-circle.png\" alt=\"\" width=\"160\" height=\"160\" \/><\/p>\n<p style=\"text-align: center;\"><a href=\"https:\/\/www.linkedin.com\/in\/mpierce1\/\" target=\"_blank\" rel=\"noopener\">Pierce, Matthew \u2013 Tr\u00e9sorier<\/a><\/p>\n<\/div><\/div><div class=\"su-column su-column-size-1-6\"><div class=\"su-column-inner su-u-clearfix su-u-trim\">\n<img loading=\"lazy\" decoding=\"async\" class=\"aligncenter size-full wp-image-36165\" src=\"\/wp-content\/uploads\/2024\/09\/Sidney-circle.png\" alt=\"\" width=\"160\" height=\"160\" \/><\/p>\n<p style=\"text-align: center;\"><a href=\"https:\/\/mcmillan.ca\/people\/sidney-elbaz\/\" target=\"_blank\" rel=\"noopener\">Elbaz, Sidney \u2013 Administrateur<\/a><\/p>\n<\/div><\/div><div class=\"su-column su-column-size-1-6\"><div class=\"su-column-inner su-u-clearfix su-u-trim\">\n<img loading=\"lazy\" decoding=\"async\" class=\"aligncenter size-full wp-image-36171\" src=\"\/wp-content\/uploads\/2024\/09\/no-picture-circle.png\" alt=\"\" width=\"160\" height=\"160\" \/><\/p>\n<p style=\"text-align: center;\"><a href=\"https:\/\/dev.scsonline.ca\/fr\/about-us\/board-of-directors\/neeta-gurnani\/\" target=\"_blank\" rel=\"noopener noreferrer\">Gurnani, Neeta \u2013 Administratrice<\/a><\/p>\n<div class=\"su-row\"><\/div><div class=\"su-column su-column-size-1-6\"><div class=\"su-column-inner su-u-clearfix su-u-trim\"><\/div><\/div>\n<\/div><\/div><div class=\"su-column su-column-size-1-6\"><div class=\"su-column-inner su-u-clearfix su-u-trim\">\n<p><img loading=\"lazy\" decoding=\"async\" class=\"wp-image-40529 aligncenter\" src=\"https:\/\/dev.scsonline.ca\/wp-content\/uploads\/2025\/07\/Marvin-Harik-300x300.jpg\" alt=\"\" width=\"167\" height=\"167\" srcset=\"https:\/\/dev.scsonline.ca\/wp-content\/uploads\/2025\/07\/Marvin-Harik-300x300.jpg 300w, https:\/\/dev.scsonline.ca\/wp-content\/uploads\/2025\/07\/Marvin-Harik-1024x1024.jpg 1024w, https:\/\/dev.scsonline.ca\/wp-content\/uploads\/2025\/07\/Marvin-Harik-150x150.jpg 150w, https:\/\/dev.scsonline.ca\/wp-content\/uploads\/2025\/07\/Marvin-Harik-768x768.jpg 768w, https:\/\/dev.scsonline.ca\/wp-content\/uploads\/2025\/07\/Marvin-Harik-1536x1536.jpg 1536w, https:\/\/dev.scsonline.ca\/wp-content\/uploads\/2025\/07\/Marvin-Harik-2048x2048.jpg 2048w\" sizes=\"auto, (max-width: 167px) 100vw, 167px\" \/><\/p>\n<p style=\"text-align: center;\"><a href=\"https:\/\/www.linkedin.com\/in\/mharik\/?originalSubdomain=ca\">Harik, Marvin \u2013 Administrateur<\/a><\/p>\n<p style=\"text-align: left;\"><div class=\"su-column su-column-size-1-2\"><div class=\"su-column-inner su-u-clearfix su-u-trim\"><\/div><\/div><div class=\"su-column su-column-size-1-6\"><div class=\"su-column-inner su-u-clearfix su-u-trim\"><\/div><\/div>\n<img loading=\"lazy\" decoding=\"async\" class=\"aligncenter size-full wp-image-36163\" src=\"\/wp-content\/uploads\/2024\/09\/Robert-circle.png\" alt=\"\" width=\"160\" height=\"160\" \/><\/p>\n<p style=\"text-align: center;\"><a href=\"https:\/\/www.linkedin.com\/in\/roberthoulecapcorp\/\" target=\"_blank\" rel=\"noopener\">Houle, Robert \u2013 Administrateur<\/a><\/p>\n<\/div><\/div><div class=\"su-column su-column-size-1-6\"><div class=\"su-column-inner su-u-clearfix su-u-trim\">\n<img loading=\"lazy\" decoding=\"async\" class=\"aligncenter size-full wp-image-36164\" src=\"\/wp-content\/uploads\/2024\/09\/Sheri-circle.png\" alt=\"\" width=\"160\" height=\"160\" \/><\/p>\n<p style=\"text-align: center;\"><a href=\"https:\/\/dev.scsonline.ca\/en\/about-us\/board-of-directors\/sheri-mayhew\/\" target=\"_blank\" rel=\"noopener noreferrer\">Mayhew, Sheri \u2013 Administratrice<\/a><\/p>\n<\/div><\/div><div class=\"su-column su-column-size-1-6\"><div class=\"su-column-inner su-u-clearfix su-u-trim\">\n<img loading=\"lazy\" decoding=\"async\" class=\"aligncenter size-full wp-image-36171\" src=\"\/wp-content\/uploads\/2024\/09\/no-picture-circle.png\" alt=\"\" width=\"160\" height=\"160\" \/><\/p>\n<p style=\"text-align: center;\">McIntosh-Champagne, Eric \u2013 Administratrice<\/p>\n<\/div><\/div><div class=\"su-column su-column-size-1-6\"><div class=\"su-column-inner su-u-clearfix su-u-trim\">\n<img loading=\"lazy\" decoding=\"async\" class=\"aligncenter size-full wp-image-36166\" src=\"\/wp-content\/uploads\/2024\/09\/Valoree-circle.png\" alt=\"\" width=\"160\" height=\"160\" \/><\/p>\n<p style=\"text-align: center;\"><a href=\"https:\/\/www.linkedin.com\/in\/valoree-mckay-cae-she-her-4b6b8a19\/\" target=\"_blank\" rel=\"noopener\">McKay, Valoree \u2013 Administratrice<\/a><\/p>\n<\/div><\/div><div class=\"su-column su-column-size-1-6\"><div class=\"su-column-inner su-u-clearfix su-u-trim\">\n<img loading=\"lazy\" decoding=\"async\" class=\"aligncenter size-full wp-image-36170\" src=\"\/wp-content\/uploads\/2024\/09\/Kody-circle.png\" alt=\"\" width=\"160\" height=\"160\" \/><\/p>\n<p style=\"text-align: center;\"><a href=\"https:\/\/www.linkedin.com\/in\/kodywilson\/\" target=\"_blank\" rel=\"noopener\">Wilson, Kody \u2013 Administrateur<\/a><\/p>\n<\/div><\/div><div class=\"su-column su-column-size-1-6\"><div class=\"su-column-inner su-u-clearfix su-u-trim\">\n<div class=\"su-row\"><\/div><div class=\"su-column su-column-size-1-6\"><div class=\"su-column-inner su-u-clearfix su-u-trim\"><\/div><\/div>\n<p><img loading=\"lazy\" decoding=\"async\" class=\"aligncenter size-full wp-image-36162\" src=\"\/wp-content\/uploads\/2024\/09\/Mitchell-circle.png\" alt=\"\" width=\"160\" height=\"160\" \/><\/p>\n<p style=\"text-align: center;\"><a href=\"https:\/\/www.linkedin.com\/in\/mitchellbellman\/\" target=\"_blank\" rel=\"noopener\">Bellman, Mitchell \u2013 Membre d\u2019office (sans droit de vote)<\/a><\/p>\n<\/div><\/div><\/div>\n<hr \/>\n<h2>Comit\u00e9s du Conseil d\u2019administration<\/h2>\n<div class=\"su-spoiler su-spoiler-style-default su-spoiler-icon-plus su-spoiler-closed\" data-scroll-offset=\"0\" data-anchor-in-url=\"no\"><div class=\"su-spoiler-title\" tabindex=\"0\" role=\"button\"><span class=\"su-spoiler-icon\"><\/span>CONSEIL DE DIRECTION<\/div><div class=\"su-spoiler-content su-u-clearfix su-u-trim\">\n<ul>\n<li><strong>Brenning, Michele \u2013 Pr\u00e9sidente du Conseil d\u2019administration<\/strong><\/li>\n<li>Gallacher-Paquette, Kirsten \u2013 Vice-pr\u00e9sidente du Conseil d\u2019administration et pr\u00e9sidente, Comit\u00e9 des ressources humaines<\/li>\n<li>Kitcher, Jared \u2013 Secr\u00e9taire<\/li>\n<li>Pierce, Matthew &#8211; Tr\u00e9sorier<\/li>\n<li>Bellman, Mitchell \u2013 Membre d\u2019office (sans droit de vote)<\/li>\n<\/ul>\n<\/div><\/div>\n<div class=\"su-spoiler su-spoiler-style-default su-spoiler-icon-plus su-spoiler-closed\" data-scroll-offset=\"0\" data-anchor-in-url=\"no\"><div class=\"su-spoiler-title\" tabindex=\"0\" role=\"button\"><span class=\"su-spoiler-icon\"><\/span>COMIT\u00c9 DE FINANCES<\/div><div class=\"su-spoiler-content su-u-clearfix su-u-trim\">\n<ul>\n<li>Pierce, Matthew \u2013 Vice-pr\u00e9sident<\/li>\n<li>Kitcher, Jared \u2013 Administrateur<\/li>\n<li>McIntosh-Champagne, Eric Administrateur<\/li>\n<li>Wilson, Kody \u2013 Administrateur<\/li>\n<li>Babalola, Janet \u2013 Membre avec droit de vote<\/li>\n<li>Bellman, Mitchell \u2013 Membre avec droit de vote<\/li>\n<li>Brenning, Michele \u2013 Membre d\u2019office (sans droit de vote)<\/li>\n<\/ul>\n<\/div><\/div>\n<div class=\"su-spoiler su-spoiler-style-default su-spoiler-icon-plus su-spoiler-closed\" data-scroll-offset=\"0\" data-anchor-in-url=\"no\"><div class=\"su-spoiler-title\" tabindex=\"0\" role=\"button\"><span class=\"su-spoiler-icon\"><\/span>COMIT\u00c9 DES SERVICES EN FRAN\u00c7AIS<\/div><div class=\"su-spoiler-content su-u-clearfix su-u-trim\">\n<ul>\n<li><strong>Elbaz, Sidney \u2013 Pr\u00e9sident<\/strong><\/li>\n<li>Houle, Robert \u2013 Vice-pr\u00e9sident<\/li>\n<li>McKay, Valoree \u2013 Administratrice<\/li>\n<li>Bellman, Mitchell \u2013 Membre avec droit de vote<\/li>\n<li>Brindle, Phillip \u2013 Membre avec droit de vote<\/li>\n<li>Brenning, Michele \u2013 Membre d\u2019office (sans droit de vote)<\/li>\n<\/ul>\n<\/div><\/div>\n<div class=\"su-spoiler su-spoiler-style-default su-spoiler-icon-plus su-spoiler-closed\" data-scroll-offset=\"0\" data-anchor-in-url=\"no\"><div class=\"su-spoiler-title\" tabindex=\"0\" role=\"button\"><span class=\"su-spoiler-icon\"><\/span>COMIT\u00c9 DE LA GOUVERNANCE<\/div><div class=\"su-spoiler-content su-u-clearfix su-u-trim\">\n<ul>\n<li><strong>Elbaz, Sidney \u2013 Pr\u00e9sident<\/strong><\/li>\n<li>Harik, Marvin &#8211; Vice-pr\u00e9sident<\/li>\n<li>Gallacher-Paquette, Kirsten \u2013 Administratrice<\/li>\n<li>Gurnani, Neeta \u2013 Administratrice<\/li>\n<li>Mayhew, Sheri \u2013 Administratrice<\/li>\n<li>McKay, Valoree \u2013 Administratrice<\/li>\n<li>Bellman, Mitchell \u2013 Membre d\u2019office (sans droit de vote)<\/li>\n<\/ul>\n<\/div><\/div>\n<div class=\"su-spoiler su-spoiler-style-default su-spoiler-icon-plus su-spoiler-closed\" data-scroll-offset=\"0\" data-anchor-in-url=\"no\"><div class=\"su-spoiler-title\" tabindex=\"0\" role=\"button\"><span class=\"su-spoiler-icon\"><\/span>COMIT\u00c9 SUR LA QUALIT\u00c9 ET LA GESTION DES RISQUES<\/div><div class=\"su-spoiler-content su-u-clearfix su-u-trim\">\n<ul>\n<li><strong>Wilson, Kody \u2013 Pr\u00e9sident<\/strong><\/li>\n<li>Gurnani, Neeta \u2013 Vice-pr\u00e9sidente<\/li>\n<li>Houle, Robert &#8211; Administrateur<\/li>\n<li>Kitcher, Jared &#8211; Administrateur<\/li>\n<li>McIntosh-Champagne, Eric &#8211; Administrateur<\/li>\n<li>Pierce, Matthew \u2013 Administrateur<\/li>\n<li>Bellman, Mitchell \u2013 Membre d\u2019office (sans droit de vote)<\/li>\n<li>Phillip Brindle \u2013 Membre d\u2019office (sans droit de vote)<\/li>\n<li>Brenning, Michele \u2013 Membre d\u2019office (sans droit de vote)<\/li>\n<\/ul>\n<\/div><\/div>\n<h3><strong>Comit\u00e9s sp\u00e9ciaux:<\/strong><\/h3>\n<div class=\"su-spoiler su-spoiler-style-default su-spoiler-icon-plus su-spoiler-closed\" data-scroll-offset=\"0\" data-anchor-in-url=\"no\"><div class=\"su-spoiler-title\" tabindex=\"0\" role=\"button\"><span class=\"su-spoiler-icon\"><\/span>COMIT\u00c9 DES RESSOURCES HUMAINES<\/div><div class=\"su-spoiler-content su-u-clearfix su-u-trim\">\n<ul>\n<li><strong>Gallacher-Paquette, Kirsten \u2013 Pr\u00e9sidente<\/strong><\/li>\n<li>Gurnani, Neeta \u2013 Administratrice<\/li>\n<li>Houle, Robert &#8211; Administrateur<\/li>\n<li>Kitcher, Jared \u2013 Administrateur<\/li>\n<li>McIntosh-Champagne, Eric &#8211; Administrateur<\/li>\n<li>McKay, Valoree \u2013 Administratrice<\/li>\n<li>Babalola, Janet \u2013 Membre d\u2019office (sans droit de vote)<\/li>\n<li>Brenning, Michele \u2013 Membre d\u2019office (sans droit de vote)<\/li>\n<li>Bellman, Mitchell \u2013 Membre d\u2019office (sans droit de vote)<\/li>\n<\/ul>\n<\/div><\/div>\n<div class=\"su-spoiler su-spoiler-style-default su-spoiler-icon-plus su-spoiler-closed\" data-scroll-offset=\"0\" data-anchor-in-url=\"no\"><div class=\"su-spoiler-title\" tabindex=\"0\" role=\"button\"><span class=\"su-spoiler-icon\"><\/span>COMIT\u00c9 DE NOMINATION ET D\u2019\u00c9LECTION<\/div><div class=\"su-spoiler-content su-u-clearfix su-u-trim\">\n<ul>\n<li><strong>Gallacher-Paquette, Kirsten \u2013 Pr\u00e9sidente<\/strong><\/li>\n<li>Elbaz, Sidney \u2013 Vice-pr\u00e9sident<\/li>\n<li>Mayhew, Sheri \u2013 Administratrice<\/li>\n<li>Brenning, Michele \u2013 Administratrice<\/li>\n<li>Bellman, Mitchell \u2013 Administrateur<\/li>\n<\/ul>\n<\/div><\/div>\n<div class=\"su-spoiler su-spoiler-style-default su-spoiler-icon-plus su-spoiler-closed\" data-scroll-offset=\"0\" data-anchor-in-url=\"no\"><div class=\"su-spoiler-title\" tabindex=\"0\" role=\"button\"><span class=\"su-spoiler-icon\"><\/span>COMIT\u00c9 DE PLANIFICATION DES RETRAITES<\/div><div class=\"su-spoiler-content su-u-clearfix su-u-trim\">\n<ul>\n<li><strong>Houle, Robert \u2013 Pr\u00e9sident<\/strong><\/li>\n<li>McKay, Valoree \u2013 Vice-Pr\u00e9sidente<\/li>\n<li>Mayhew, Sheri \u2013 Administratrice<\/li>\n<li>Bellman, Mitchell \u2013 Administrateur<\/li>\n<li>Brenning, Michele \u2013 Membre d\u2019office (sans droit de vote)<\/li>\n<\/ul>\n<\/div><\/div>\n<hr \/>\n<p><a id=\"Chair\"><\/a>Note: La pr\u00e9sidente est \u00e9galement membre de facto de tous les comit\u00e9s du Conseil d\u2019administration.","protected":false},"excerpt":{"rendered":"<p>Conseil d\u2019administration et comit\u00e9s Le Conseil d\u2019administration de SCS a \u00e9t\u00e9 \u00e9tabli en 1995. \u00c0 propos du Conseil d&#8217;administration Compos\u00e9 de b\u00e9n\u00e9voles de notre communaut\u00e9 Supervise SCS dans l&#8217;int\u00e9r\u00eat de l&#8217;organisation, d&#8217;une mani\u00e8re qui refl\u00e8te la mission, la vision et les valeurs de l&#8217;organisation et qui respecte sa constitution et ses r\u00e8glements D\u00e9termine la vision &hellip; <a href=\"https:\/\/dev.scsonline.ca\/fr\/about-us\/board-of-directors\/\" class=\"more-link\">Continuer la lecture de <span class=\"screen-reader-text\">Conseil d\u2019administration<\/span> <span class=\"meta-nav\">&rarr;<\/span><\/a><\/p>\n","protected":false},"author":2,"featured_media":0,"parent":95,"menu_order":1,"comment_status":"closed","ping_status":"closed","template":"","meta":{"om_disable_all_campaigns":false,"_monsterinsights_skip_tracking":false,"_monsterinsights_sitenote_active":false,"_monsterinsights_sitenote_note":"","_monsterinsights_sitenote_category":0,"_uf_show_specific_survey":0,"_uf_disable_surveys":false,"footnotes":""},"class_list":["post-146","page","type-page","status-publish","hentry"],"_links":{"self":[{"href":"https:\/\/dev.scsonline.ca\/fr\/wp-json\/wp\/v2\/pages\/146","targetHints":{"allow":["GET"]}}],"collection":[{"href":"https:\/\/dev.scsonline.ca\/fr\/wp-json\/wp\/v2\/pages"}],"about":[{"href":"https:\/\/dev.scsonline.ca\/fr\/wp-json\/wp\/v2\/types\/page"}],"author":[{"embeddable":true,"href":"https:\/\/dev.scsonline.ca\/fr\/wp-json\/wp\/v2\/users\/2"}],"replies":[{"embeddable":true,"href":"https:\/\/dev.scsonline.ca\/fr\/wp-json\/wp\/v2\/comments?post=146"}],"version-history":[{"count":343,"href":"https:\/\/dev.scsonline.ca\/fr\/wp-json\/wp\/v2\/pages\/146\/revisions"}],"predecessor-version":[{"id":40621,"href":"https:\/\/dev.scsonline.ca\/fr\/wp-json\/wp\/v2\/pages\/146\/revisions\/40621"}],"up":[{"embeddable":true,"href":"https:\/\/dev.scsonline.ca\/fr\/wp-json\/wp\/v2\/pages\/95"}],"wp:attachment":[{"href":"https:\/\/dev.scsonline.ca\/fr\/wp-json\/wp\/v2\/media?parent=146"}],"curies":[{"name":"wp","href":"https:\/\/api.w.org\/{rel}","templated":true}]}}