{"id":133,"date":"2017-06-14T20:16:38","date_gmt":"2017-06-14T20:16:38","guid":{"rendered":"http:\/\/dev.scsottawa.on.ca\/?page_id=133"},"modified":"2024-10-29T08:59:15","modified_gmt":"2024-10-29T12:59:15","slug":"case-management-intake","status":"publish","type":"page","link":"https:\/\/dev.scsonline.ca\/fr\/intake\/case-management-intake\/","title":{"rendered":"Gestion de cas (accueil)"},"content":{"rendered":"<h1>Service d&#8217;accueil pour la gestion de cas<\/h1>\n<hr \/>\n<p><img loading=\"lazy\" decoding=\"async\" class=\"home-services\" style=\"border-color: #df8e04; margin-top: 10px;\" src=\"\/wp-content\/uploads\/2021\/06\/CCM-FR.png\" alt=\"Children Case Management\" width=\"350\" height=\"200\" align=\"left\" \/><\/p>\n<h2>Accueil des enfants<\/h2>\n<p>SCS offre de l\u2019information, du support et des conseils aux enfants ayant un diagnostic de d\u00e9ficience intellectuelle et\/ou du spectre de l\u2019autisme (TSA).<\/p>\n<p>Pour confirmer que votre enfant est admissible et pour d\u00e9buter l\u2019inscription, veuillez cliquer sur le lien ci-dessous:<\/p>\n<a href=\"\/ccm-eligibility-registration\/\" class=\"su-button su-button-style-default\" style=\"color:#FFFFFF;background-color:#065c82;border-color:#054a68;border-radius:5px\" target=\"_self\"><span style=\"color:#FFFFFF;padding:6px 16px;font-size:13px;line-height:20px;border-color:#518da8;border-radius:5px;text-shadow:none\"><i class=\"sui sui-edit\" style=\"font-size:13px;color:#FFFFFF\"><\/i> Gestion de cas pour enfants: crit\u00e8res d\u2019admissibilit\u00e9 et inscription<\/span><\/a>\n<p>&nbsp;<\/p>\n<hr \/>\n<p><img loading=\"lazy\" decoding=\"async\" class=\"home-services\" style=\"border-color: #eb2026; margin-top: 10px;\" src=\"\/wp-content\/uploads\/2021\/06\/ACM-FR.png\" alt=\"Adult Case Management\" width=\"350\" height=\"200\" align=\"left\" \/><\/p>\n<h2>Accueil des adultes<\/h2>\n<p>La premi\u00e8re fois que vous communiquerez avec SCS afin d&#8217;acc\u00e9der aux services pour les personnes ayant une d\u00e9ficience intellectuelle, votre dossier sera confi\u00e9 \u00e0 un \u00e9valuateur\/navigateur de services avec les Services de l\u2019Ontario pour le personnes ayant une d\u00e9ficience intellectuelle de la r\u00e9gion de l\u2019Est (SOPDIRE) qui vous aidera \u00e0 vous inscrire.<\/p>\n<p>Pour \u00eatre admissible aux services offerts dans le cadre du syst\u00e8me de services aux adultes ayant une d\u00e9ficience intellectuelle, vous devez avoir \u00e9t\u00e9 \u00e9valu\u00e9 par SOPDIRE avant d&#8217;\u00eatre dirig\u00e9 vers les services de gestion de cas de SCS.<\/p>\n<p>Pour en savoir davantage sur les crit\u00e8res d\u2019admissibilit\u00e9, cliquez sur le lien suivant:<\/p>\n<p><a href=\"\/what-is-a-developmental-disability\/\">Crit\u00e8res d\u2019admissibilit\u00e9 aux services pour les personnes ayant une d\u00e9ficience intellectuelle<\/a><\/p>\n<hr>\n<p>Courriel: <a href=\"mailto:admin@scsonline.ca\" target=\"_blank\" rel=\"noopener noreferrer\">admin@scsonline.ca<\/a><br \/>\nT\u00e9l\u00e9phone: 613-748-1788<br \/>\nT\u00e9l\u00e9scripteur: <a href=\"https:\/\/www.bell.ca\/Services_accessibilite\/Service_Relais_par_telescripteur\" rel=\"noopener\" target=\"_blank\">Service Relais par t\u00e9l\u00e9scripteur de Bell<\/a><br \/>\nT\u00e9l\u00e9copieur: 613-748-9127","protected":false},"excerpt":{"rendered":"<p>Service d&#8217;accueil pour la gestion de cas Accueil des enfants SCS offre de l\u2019information, du support et des conseils aux enfants ayant un diagnostic de d\u00e9ficience intellectuelle et\/ou du spectre de l\u2019autisme (TSA). Pour confirmer que votre enfant est admissible et pour d\u00e9buter l\u2019inscription, veuillez cliquer sur le lien ci-dessous: &nbsp; Accueil des adultes La &hellip; <a href=\"https:\/\/dev.scsonline.ca\/fr\/intake\/case-management-intake\/\" class=\"more-link\">Continuer la lecture de <span class=\"screen-reader-text\">Gestion de cas (accueil)<\/span> <span class=\"meta-nav\">&rarr;<\/span><\/a><\/p>\n","protected":false},"author":2,"featured_media":0,"parent":93,"menu_order":0,"comment_status":"closed","ping_status":"closed","template":"","meta":{"om_disable_all_campaigns":false,"_monsterinsights_skip_tracking":false,"_monsterinsights_sitenote_active":false,"_monsterinsights_sitenote_note":"","_monsterinsights_sitenote_category":0,"_uf_show_specific_survey":0,"_uf_disable_surveys":false,"footnotes":""},"class_list":["post-133","page","type-page","status-publish","hentry"],"_links":{"self":[{"href":"https:\/\/dev.scsonline.ca\/fr\/wp-json\/wp\/v2\/pages\/133","targetHints":{"allow":["GET"]}}],"collection":[{"href":"https:\/\/dev.scsonline.ca\/fr\/wp-json\/wp\/v2\/pages"}],"about":[{"href":"https:\/\/dev.scsonline.ca\/fr\/wp-json\/wp\/v2\/types\/page"}],"author":[{"embeddable":true,"href":"https:\/\/dev.scsonline.ca\/fr\/wp-json\/wp\/v2\/users\/2"}],"replies":[{"embeddable":true,"href":"https:\/\/dev.scsonline.ca\/fr\/wp-json\/wp\/v2\/comments?post=133"}],"version-history":[{"count":54,"href":"https:\/\/dev.scsonline.ca\/fr\/wp-json\/wp\/v2\/pages\/133\/revisions"}],"predecessor-version":[{"id":38982,"href":"https:\/\/dev.scsonline.ca\/fr\/wp-json\/wp\/v2\/pages\/133\/revisions\/38982"}],"up":[{"embeddable":true,"href":"https:\/\/dev.scsonline.ca\/fr\/wp-json\/wp\/v2\/pages\/93"}],"wp:attachment":[{"href":"https:\/\/dev.scsonline.ca\/fr\/wp-json\/wp\/v2\/media?parent=133"}],"curies":[{"name":"wp","href":"https:\/\/api.w.org\/{rel}","templated":true}]}}