{"id":106,"date":"2017-06-14T18:58:37","date_gmt":"2017-06-14T18:58:37","guid":{"rendered":"http:\/\/dev.scsottawa.on.ca\/?page_id=106"},"modified":"2025-04-01T10:26:40","modified_gmt":"2025-04-01T14:26:40","slug":"services","status":"publish","type":"page","link":"https:\/\/dev.scsonline.ca\/fr\/services\/","title":{"rendered":"Services"},"content":{"rendered":"<h1>Services offerts \u00e0 SCS<\/h1>\n<div class=\"su-row\">\n<div class=\"su-column su-column-size-1-2\"><div class=\"su-column-inner su-u-clearfix su-u-trim\">\n<a href=\"\/fr\/services\/childrens-case-management\/\"><img loading=\"lazy\" decoding=\"async\" style=\"border-color: #df8e04;\" class=\"home-services\" src=\"\/wp-content\/uploads\/2021\/06\/CCM-FR.png\" alt=\"Banni\u00e8re de la gestion de cas pour enfants\" width=\"350\" height=\"200\" \/><\/a><strong>Gestion de cas pour enfants<\/strong><br \/>\nLa gestion de cas \u00e0 SCS est un processus de collaboration inclusif et personnalis\u00e9. Nous \u00e9tablissons des objectifs, planifions, d\u00e9fendons les int\u00e9r\u00eats des gens et nous examinons les ressources communautaires disponibles dans le but d\u2019appuyer la r\u00e9ussite personnelle.<\/p>\n<p><a href=\"\/services\/childrens-case-management\/\">En savoir plus<\/a><br \/>\n<\/div><\/div>\n<div class=\"su-column su-column-size-1-2\"><div class=\"su-column-inner su-u-clearfix su-u-trim\"><a href=\"\/fr\/services\/dsoer\/\"><img loading=\"lazy\" decoding=\"async\" class=\"home-services\" style=\"border-color: #005f84;\" src=\"\/wp-content\/uploads\/2022\/07\/SOPDI_ER_Home.png\" alt=\"Banni\u00e8re de SOPDIRE\" width=\"350\" height=\"200\" \/><\/a><strong>Services de l\u2019Ontario pour les personnes ayant une d\u00e9ficience intellectuelle de la r\u00e9gion de l\u2019Est (SOPDIRE)<\/strong><br \/>\nSi vous vivez dans la r\u00e9gion de l\u2019Est, vous avez une d\u00e9ficience intellectuelle et vous avez 18 ans et plus, vous devez compl\u00e9ter une demande avec SOPDIRE afin de savoir si vous \u00eates admissible \u00e0 recevoir des services financ\u00e9s par le minist\u00e8re dans votre communaut\u00e9. La r\u00e9gion de l\u2019Est inclut Ottawa; les comt\u00e9s unis de Stormont, de Dundas et de Glengarry; les comt\u00e9s unis de Prescott et de Russell; et Renfrew.<\/p>\n<p><a href=\"\/services\/dsoer\/\">En savoir plus<\/a><br \/>\n<\/div><\/div>\n<\/div>\n<div class=\"su-row\">\n<div class=\"su-column su-column-size-1-2\"><div class=\"su-column-inner su-u-clearfix su-u-trim\">\n<a href=\"\/fr\/services\/adult-case-management\/\"><img decoding=\"async\" class=\"home-services\" style=\"border-color: #eb2026;\" src=\"\/wp-content\/uploads\/2021\/06\/ACM-FR.png\" alt=\"Banni\u00e8re de la gestion de cas pour adultes\" \/><\/a><\/p>\n<p><strong>Gestion de cas pour adultes<\/strong><br \/>\nLa gestion de cas \u00e0 SCS est un processus de collaboration inclusif et personnalis\u00e9. Nous \u00e9tablissons des objectifs, planifions, d\u00e9fendons les int\u00e9r\u00eats des gens et nous examinons les ressources communautaires disponibles dans le but d\u2019appuyer la r\u00e9ussite personnelle.<\/p>\n<p><a href=\"\/services\/adult-case-management\/\">En savoir plus<\/a><br \/>\n<\/div><\/div>\n<div class=\"su-column su-column-size-1-2\"><div class=\"su-column-inner su-u-clearfix su-u-trim\">\n<a href=\"\/fr\/services\/respiteservices-com\/\"><img loading=\"lazy\" decoding=\"async\" class=\"home-services\" style=\"border-color: #777ab5;\" src=\"\/wp-content\/uploads\/2017\/06\/rs-home.png\" alt=\"Banni\u00e8re de respiteservices.com \u00e0 Ottawa\" width=\"350\" height=\"200\" \/><\/a><strong>respiteservices.com \u00e0 Ottawa<\/strong><br \/>\nCe service n&#8217;est plus op\u00e9rationnel depuis 1er avril 2025<\/p>\n<p><a href=\"\/services\/respiteservices-com\/\">En savoir plus<\/a><br \/>\n<\/div><\/div>\n<\/div>\n<div class=\"su-row\">\n<div class=\"su-column su-column-size-1-2\"><div class=\"su-column-inner su-u-clearfix su-u-trim\">\n<img loading=\"lazy\" decoding=\"async\" class=\"home-services\" style=\"margin-top: 25px;\" src=\"\/wp-content\/uploads\/2017\/06\/hands-circle-teamwork-logo-vector-4069606-300x214.png\" alt=\"Banni\u00e8re de la Planification coordonn\u00e9e des services pour les enfants et adolescents\" width=\"300\" height=\"214\" \/><strong>Planification coordonn\u00e9e des services pour les enfants et adolescents<\/strong><br \/>\nLa Planification coordonn\u00e9e des services (PCS) a \u00e9t\u00e9 cr\u00e9\u00e9e pour soutenir les familles ayant des enfants\/adolescents qui ont de multiples besoins complexes. PCS vise \u00e0 assurer que les services participant aux soins de votre enfant\/adolescent travaillent en \u00e9quipe, en faveur des objectifs de votre famille, et que vous soyez tenu inform\u00e9 tout au long du processus.<\/p>\n<p><a href=\"\/fr\/coordinated-service-planning-for-children-and-youth\/\">En savoir plus<\/a><br \/>\n<\/div><\/div>\n<div class=\"su-column su-column-size-1-2\"><div class=\"su-column-inner su-u-clearfix su-u-trim\">\n<img decoding=\"async\" class=\"home-services\"  style=\"border-color: #3a7f2c; margin-top: 25px;\" src=\"\/wp-content\/uploads\/2020\/01\/RCS.png\" alt=\"Banni\u00e8re des Services r\u00e9sidentiels et communautaires (SRC)\" \/><strong>Services r\u00e9sidentiels et communautaires (SRC)<\/strong><br \/>\nSi vous \u00eates un jeune recevant des soins prolong\u00e9s aupr\u00e8s de la Soci\u00e9t\u00e9 d\u2019aide \u00e0 l\u2019enfance (anciennement pupille de la Couronne) en transition aux services aux adultes et recevant des services r\u00e9sidentiels avec des soutiens priv\u00e9s, un coordonnateur des ressources peut travailler avec vous pour assurer le suivi de la qualit\u00e9 des services que vous recevez actuellement et \u00e9tablir un plan pour atteindre vos objectifs.<\/p>\n<p><a href=\"\/fr\/services\/residential-and-community-services-rcs\/\">En savoir plus<\/a><br \/>\n<\/div><\/div>\n<\/div>","protected":false},"excerpt":{"rendered":"<p>Services offerts \u00e0 SCS<\/p>\n","protected":false},"author":2,"featured_media":0,"parent":0,"menu_order":0,"comment_status":"closed","ping_status":"closed","template":"","meta":{"om_disable_all_campaigns":false,"_monsterinsights_skip_tracking":false,"_monsterinsights_sitenote_active":false,"_monsterinsights_sitenote_note":"","_monsterinsights_sitenote_category":0,"_uf_show_specific_survey":0,"_uf_disable_surveys":false,"footnotes":""},"class_list":["post-106","page","type-page","status-publish","hentry"],"_links":{"self":[{"href":"https:\/\/dev.scsonline.ca\/fr\/wp-json\/wp\/v2\/pages\/106","targetHints":{"allow":["GET"]}}],"collection":[{"href":"https:\/\/dev.scsonline.ca\/fr\/wp-json\/wp\/v2\/pages"}],"about":[{"href":"https:\/\/dev.scsonline.ca\/fr\/wp-json\/wp\/v2\/types\/page"}],"author":[{"embeddable":true,"href":"https:\/\/dev.scsonline.ca\/fr\/wp-json\/wp\/v2\/users\/2"}],"replies":[{"embeddable":true,"href":"https:\/\/dev.scsonline.ca\/fr\/wp-json\/wp\/v2\/comments?post=106"}],"version-history":[{"count":108,"href":"https:\/\/dev.scsonline.ca\/fr\/wp-json\/wp\/v2\/pages\/106\/revisions"}],"predecessor-version":[{"id":39912,"href":"https:\/\/dev.scsonline.ca\/fr\/wp-json\/wp\/v2\/pages\/106\/revisions\/39912"}],"wp:attachment":[{"href":"https:\/\/dev.scsonline.ca\/fr\/wp-json\/wp\/v2\/media?parent=106"}],"curies":[{"name":"wp","href":"https:\/\/api.w.org\/{rel}","templated":true}]}}